{"id":1000,"date":"2019-03-06T15:44:06","date_gmt":"2019-03-06T14:44:06","guid":{"rendered":"http:\/\/giesstechnik.de\/?page_id=1000"},"modified":"2020-04-21T15:26:33","modified_gmt":"2020-04-21T13:26:33","slug":"isoliersteine","status":"publish","type":"page","link":"https:\/\/giesstechnik.de\/en\/leistungsbereich\/ersatzteile\/isoliersteine\/","title":{"rendered":"Isoliersteine &#8211; D"},"content":{"rendered":"<div class=\"wpb-content-wrapper\"><section class=\"vc_row wpb_row vc_row-fluid\"><div class=\"wpb_column vc_column_container vc_col-sm-12  col-xs-mobile-fullwidth\"><div class=\"vc_column-inner vc_custom_1538075900939\"><div class=\"wpb_wrapper\">\n\t<div  class=\"wpb_single_image wpb_content_element vc_align_center\">\n\t\t\n\t\t<figure class=\"wpb_wrapper vc_figure\">\n\t\t\t<div class=\"vc_single_image-wrapper   vc_box_border_grey\"><img loading=\"lazy\" decoding=\"async\" width=\"1170\" height=\"370\" src=\"https:\/\/giesstechnik.de\/wp-content\/uploads\/titelbild_startseite.jpg\" class=\"vc_single_image-img attachment-full\" alt=\"\" title=\"titelbild_startseite\" srcset=\"https:\/\/giesstechnik.de\/wp-content\/uploads\/titelbild_startseite.jpg 1170w, https:\/\/giesstechnik.de\/wp-content\/uploads\/titelbild_startseite-300x95.jpg 300w, https:\/\/giesstechnik.de\/wp-content\/uploads\/titelbild_startseite-768x243.jpg 768w, https:\/\/giesstechnik.de\/wp-content\/uploads\/titelbild_startseite-1024x324.jpg 1024w, https:\/\/giesstechnik.de\/wp-content\/uploads\/titelbild_startseite-81x26.jpg 81w\" sizes=\"(max-width: 1170px) 100vw, 1170px\" \/><\/div>\n\t\t<\/figure>\n\t<\/div>\n<\/div><\/div><\/div><\/section><section class=\"vc_row wpb_row vc_row-fluid\"><div class=\"wpb_column vc_column_container vc_col-sm-12  col-xs-mobile-fullwidth\"><div class=\"vc_column-inner\"><div class=\"wpb_wrapper\"><div id=\"mainnav\" class=\"vc_wp_custommenu wpb_content_element\"><div class=\"widget widget_nav_menu\"><div class=\"menu-hauptnavi-container\"><ul id=\"menu-hauptnavi\" class=\"menu\"><li id=\"menu-item-547\" class=\"menu-item menu-item-type-post_type menu-item-object-page menu-item-home menu-item-547\"><a href=\"https:\/\/giesstechnik.de\/en\/\">starting page<\/a><\/li>\n<li id=\"menu-item-1807\" class=\"menu-item menu-item-type-post_type menu-item-object-page menu-item-1807\"><a href=\"https:\/\/giesstechnik.de\/en\/news\/\">News<\/a><\/li>\n<li id=\"menu-item-275\" class=\"menu-item menu-item-type-post_type menu-item-object-page menu-item-275\"><a href=\"https:\/\/giesstechnik.de\/en\/leistungsbereich\/\">Product program<\/a><\/li>\n<li id=\"menu-item-190\" class=\"menu-item menu-item-type-post_type menu-item-object-page menu-item-190\"><a href=\"https:\/\/giesstechnik.de\/en\/unternehmen\/\">company<\/a><\/li>\n<li id=\"menu-item-433\" class=\"menu-item menu-item-type-post_type menu-item-object-page menu-item-433\"><a href=\"https:\/\/giesstechnik.de\/en\/stellenangebote\/\">vacancies<\/a><\/li>\n<\/ul><\/div><\/div><\/div><\/div><\/div><\/div><\/section><section id=\"maincontent\" class=\"vc_section vc_custom_1538079055995 vc_section-has-fill\"><section class=\"vc_row wpb_row vc_row-fluid\"><div class=\"wpb_column vc_column_container vc_col-has-fill subMenu vc_col-sm-3  col-xs-mobile-fullwidth\"><div class=\"vc_column-inner vc_custom_1539132447521\"><div class=\"wpb_wrapper\"><div  class=\"vc_wp_custommenu wpb_content_element submenu\"><div class=\"widget widget_nav_menu\"><div class=\"menu-menue-leistungsbereich-ersatzteile-container\"><ul id=\"menu-menue-leistungsbereich-ersatzteile\" class=\"menu\"><li id=\"menu-item-1551\" class=\"menu-item menu-item-type-post_type menu-item-object-page menu-item-1551\"><a href=\"https:\/\/giesstechnik.de\/en\/leistungsbereich\/anlagenbau\/\">plant-construction<\/a><\/li>\n<li id=\"menu-item-1552\" class=\"menu-item menu-item-type-post_type menu-item-object-page menu-item-has-children menu-item-1552\"><a href=\"https:\/\/giesstechnik.de\/en\/leistungsbereich\/ersatzteile\/\">spare-parts<\/a>\n<ul class=\"sub-menu\">\n\t<li id=\"menu-item-1544\" class=\"menu-item menu-item-type-post_type menu-item-object-page menu-item-1544\"><a href=\"https:\/\/giesstechnik.de\/en\/leistungsbereich\/ersatzteile\/mg-tiegel\/\">magnesium crucible<\/a><\/li>\n\t<li id=\"menu-item-1540\" class=\"menu-item menu-item-type-post_type menu-item-object-page menu-item-1540\"><a href=\"https:\/\/giesstechnik.de\/en\/leistungsbereich\/ersatzteile\/ersatzteilpaket\/\">spare-parts packages<\/a><\/li>\n\t<li id=\"menu-item-1546\" class=\"menu-item menu-item-type-post_type menu-item-object-page menu-item-1546\"><a href=\"https:\/\/giesstechnik.de\/en\/leistungsbereich\/ersatzteile\/schmelzeeinbauten\/\">plant internals<\/a><\/li>\n\t<li id=\"menu-item-1539\" class=\"menu-item menu-item-type-post_type menu-item-object-page menu-item-1539\"><a href=\"https:\/\/giesstechnik.de\/en\/leistungsbereich\/ersatzteile\/dosiertechnik\/\">Dosiertechnik<\/a><\/li>\n\t<li id=\"menu-item-2041\" class=\"menu-item menu-item-type-post_type menu-item-object-page menu-item-2041\"><a href=\"https:\/\/giesstechnik.de\/en\/leistungsbereich\/ersatzteile\/transfertechnik\/\">transfertechnic<\/a><\/li>\n\t<li id=\"menu-item-1545\" class=\"menu-item menu-item-type-post_type menu-item-object-page menu-item-1545\"><a href=\"https:\/\/giesstechnik.de\/en\/leistungsbereich\/ersatzteile\/reinigungswerkzeuge\/\">cleaning tools<\/a><\/li>\n\t<li id=\"menu-item-1543\" class=\"menu-item menu-item-type-post_type menu-item-object-page menu-item-1543\"><a href=\"https:\/\/giesstechnik.de\/en\/leistungsbereich\/ersatzteile\/kippvorrichtung\/\">ingot loading unit<\/a><\/li>\n\t<li id=\"menu-item-2040\" class=\"menu-item menu-item-type-post_type menu-item-object-page menu-item-2040\"><a href=\"https:\/\/giesstechnik.de\/en\/leistungsbereich\/ersatzteile\/heizelemente\/\">heating element<\/a><\/li>\n\t<li id=\"menu-item-1542\" class=\"menu-item menu-item-type-post_type menu-item-object-page menu-item-1542\"><a href=\"https:\/\/giesstechnik.de\/en\/leistungsbereich\/ersatzteile\/isoliersteine\/\">insulating parts<\/a><\/li>\n\t<li id=\"menu-item-1541\" class=\"menu-item menu-item-type-post_type menu-item-object-page menu-item-1541\"><a href=\"https:\/\/giesstechnik.de\/en\/leistungsbereich\/ersatzteile\/hilfsmittel\/\">tools for the operation<\/a><\/li>\n\t<li id=\"menu-item-1548\" class=\"menu-item menu-item-type-custom menu-item-object-custom menu-item-1548\"><a href=\"https:\/\/giesstechnik.de\/de\/leistungsbereich\/ersatzteile\/tiegel\/\">crucibles of other materials<\/a><\/li>\n<\/ul>\n<\/li>\n<li id=\"menu-item-1553\" class=\"menu-item menu-item-type-post_type menu-item-object-page menu-item-1553\"><a href=\"https:\/\/giesstechnik.de\/en\/leistungsbereich\/feuerloescher\/\">fire extinguisher<\/a><\/li>\n<li id=\"menu-item-2223\" class=\"menu-item menu-item-type-post_type menu-item-object-page menu-item-2223\"><a href=\"https:\/\/giesstechnik.de\/en\/leistungsbereich\/schulungen\/\">training \/ process \/ optimization<\/a><\/li>\n<li id=\"menu-item-2222\" class=\"menu-item menu-item-type-post_type menu-item-object-page menu-item-2222\"><a href=\"https:\/\/giesstechnik.de\/en\/leistungsbereich\/wartung\/\">maintenance \/ service<\/a><\/li>\n<\/ul><\/div><\/div><\/div><\/div><\/div><\/div><div class=\"wpb_column vc_column_container vc_col-sm-9  col-xs-mobile-fullwidth\"><div class=\"vc_column-inner\"><div class=\"wpb_wrapper\"><div class=\"vc_row wpb_row vc_inner vc_row-fluid\"><div class=\"wpb_column vc_column_container vc_col-sm-12  col-xs-mobile-fullwidth\"><div class=\"vc_column-inner\"><div class=\"wpb_wrapper\"><div class=\"last-paragraph-no-margin\"><h2><\/h2>\n<h2><\/h2>\n<h2><\/h2>\n<h2 style=\"text-align: left;\"><a href=\"http:\/\/giesstechnik.de\/wp-content\/uploads\/Ersatzteile\/Isoliersteine-Insulating-parts.pdf\">insulating parts<\/a><\/h2>\n<\/div><\/div><\/div><\/div><\/div><div class=\"vc_row wpb_row vc_inner vc_row-fluid\"><div class=\"wpb_column vc_column_container vc_col-sm-6  col-xs-mobile-fullwidth\"><div class=\"vc_column-inner\"><div class=\"wpb_wrapper\"><div class=\"last-paragraph-no-margin\"><h3 style=\"text-align: left;\">Technical information<\/h3>\n<p style=\"text-align: left;\">heat resistant<\/p>\n<p style=\"text-align: left;\">electrically insulating<\/p>\n<p style=\"text-align: left;\">free shaping<\/p>\n<p style=\"text-align: left;\">dimensions: your measure<\/p>\n<\/div><\/div><\/div><\/div><div class=\"wpb_column vc_column_container vc_col-sm-6  col-xs-mobile-fullwidth\"><div class=\"vc_column-inner\"><div class=\"wpb_wrapper\">\n\t<div  class=\"wpb_single_image wpb_content_element vc_align_center\">\n\t\t\n\t\t<figure class=\"wpb_wrapper vc_figure\">\n\t\t\t<a href=\"http:\/\/giesstechnik.de\/wp-content\/uploads\/Ersatzteile\/Isoliersteine-Insulating-parts.pdf\" target=\"_self\" class=\"vc_single_image-wrapper   vc_box_border_grey\"><img loading=\"lazy\" decoding=\"async\" width=\"378\" height=\"378\" src=\"https:\/\/giesstechnik.de\/wp-content\/uploads\/Ersatzteile\/Isoliersteine-Insulating-parts.jpg\" class=\"vc_single_image-img attachment-large\" alt=\"\" title=\"Isoliersteine - Insulating parts\" srcset=\"https:\/\/giesstechnik.de\/wp-content\/uploads\/Ersatzteile\/Isoliersteine-Insulating-parts.jpg 378w, https:\/\/giesstechnik.de\/wp-content\/uploads\/Ersatzteile\/Isoliersteine-Insulating-parts-150x150.jpg 150w, https:\/\/giesstechnik.de\/wp-content\/uploads\/Ersatzteile\/Isoliersteine-Insulating-parts-300x300.jpg 300w, https:\/\/giesstechnik.de\/wp-content\/uploads\/Ersatzteile\/Isoliersteine-Insulating-parts-81x81.jpg 81w\" sizes=\"(max-width: 378px) 100vw, 378px\" \/><\/a>\n\t\t<\/figure>\n\t<\/div>\n<\/div><\/div><\/div><\/div><div class=\"vc_row wpb_row vc_inner vc_row-fluid\"><div class=\"wpb_column vc_column_container vc_col-sm-12  col-xs-mobile-fullwidth\"><div class=\"vc_column-inner\"><div class=\"wpb_wrapper\"><div class=\"last-paragraph-no-margin\"><p style=\"text-align: left;\" align=\"LEFT\">The insulating parts we produce are electrically insulating and very heat resistent. Another advantage is, that we make the parts according to customer requirements, \nso that the form no limits set.<\/p>\n<\/div><\/div><\/div><\/div><\/div><\/div><\/div><\/div><\/section><\/section>\n<\/div>","protected":false},"excerpt":{"rendered":"Startseite News Leistungsbereich Unternehmen Stellenangebote Anlagenbau Ersatzteile Magnesium Tiegel Ersatzteilpaket Schmelzeeinbauten Dosiertechnik Transfertechnik Reinigungswerkzeuge Kippvorrichtung Heizelemente Isoliersteine Hilfsmittel f\u00fcr den Betrieb Tiegel anderer Werkstoffe Feuerl\u00f6scher Schulungen\/Prozessanalyse\/Optimierung Wartung \/ Service Isoliersteine Technische Information Hitzebest\u00e4ndig Elektrisch isolierend Freie Formgebung Abmessungen:\u00a0 Ihr Ma\u00df Die von uns hergestellten Isoliersteine sind elektrisch isolierend und Hitzebest\u00e4ndig. Ein weiterer Vorteil ist, dass wir die Steine nach Kundenwunsch fertigen k\u00f6nnen, sodass der Form fast keine Grenzen gesetzt sind.","protected":false},"author":5,"featured_media":0,"parent":272,"menu_order":0,"comment_status":"closed","ping_status":"closed","template":"","meta":{"footnotes":""},"class_list":["post-1000","page","type-page","status-publish","hentry"],"_links":{"self":[{"href":"https:\/\/giesstechnik.de\/en\/wp-json\/wp\/v2\/pages\/1000"}],"collection":[{"href":"https:\/\/giesstechnik.de\/en\/wp-json\/wp\/v2\/pages"}],"about":[{"href":"https:\/\/giesstechnik.de\/en\/wp-json\/wp\/v2\/types\/page"}],"author":[{"embeddable":true,"href":"https:\/\/giesstechnik.de\/en\/wp-json\/wp\/v2\/users\/5"}],"replies":[{"embeddable":true,"href":"https:\/\/giesstechnik.de\/en\/wp-json\/wp\/v2\/comments?post=1000"}],"version-history":[{"count":6,"href":"https:\/\/giesstechnik.de\/en\/wp-json\/wp\/v2\/pages\/1000\/revisions"}],"predecessor-version":[{"id":1771,"href":"https:\/\/giesstechnik.de\/en\/wp-json\/wp\/v2\/pages\/1000\/revisions\/1771"}],"up":[{"embeddable":true,"href":"https:\/\/giesstechnik.de\/en\/wp-json\/wp\/v2\/pages\/272"}],"wp:attachment":[{"href":"https:\/\/giesstechnik.de\/en\/wp-json\/wp\/v2\/media?parent=1000"}],"curies":[{"name":"wp","href":"https:\/\/api.w.org\/{rel}","templated":true}]}}