{"id":1089,"date":"2019-04-29T15:09:23","date_gmt":"2019-04-29T13:09:23","guid":{"rendered":"http:\/\/giesstechnik.de\/?page_id=1089"},"modified":"2020-04-22T10:50:14","modified_gmt":"2020-04-22T08:50:14","slug":"feuerloescher","status":"publish","type":"page","link":"https:\/\/giesstechnik.de\/en\/leistungsbereich\/feuerloescher\/","title":{"rendered":"Feuerl\u00f6scher &#8211; D"},"content":{"rendered":"<div class=\"wpb-content-wrapper\"><section class=\"vc_row wpb_row vc_row-fluid\"><div class=\"wpb_column vc_column_container vc_col-sm-12  col-xs-mobile-fullwidth\"><div class=\"vc_column-inner vc_custom_1538075900939\"><div class=\"wpb_wrapper\">\n\t<div  class=\"wpb_single_image wpb_content_element vc_align_center\">\n\t\t\n\t\t<figure class=\"wpb_wrapper vc_figure\">\n\t\t\t<div class=\"vc_single_image-wrapper   vc_box_border_grey\"><img loading=\"lazy\" decoding=\"async\" width=\"1170\" height=\"370\" src=\"https:\/\/giesstechnik.de\/wp-content\/uploads\/titelbild_startseite.jpg\" class=\"vc_single_image-img attachment-full\" alt=\"\" title=\"titelbild_startseite\" srcset=\"https:\/\/giesstechnik.de\/wp-content\/uploads\/titelbild_startseite.jpg 1170w, https:\/\/giesstechnik.de\/wp-content\/uploads\/titelbild_startseite-300x95.jpg 300w, https:\/\/giesstechnik.de\/wp-content\/uploads\/titelbild_startseite-768x243.jpg 768w, https:\/\/giesstechnik.de\/wp-content\/uploads\/titelbild_startseite-1024x324.jpg 1024w, https:\/\/giesstechnik.de\/wp-content\/uploads\/titelbild_startseite-81x26.jpg 81w\" sizes=\"auto, (max-width: 1170px) 100vw, 1170px\" \/><\/div>\n\t\t<\/figure>\n\t<\/div>\n<\/div><\/div><\/div><\/section><section class=\"vc_row wpb_row vc_row-fluid\"><div class=\"wpb_column vc_column_container vc_col-sm-12  col-xs-mobile-fullwidth\"><div class=\"vc_column-inner\"><div class=\"wpb_wrapper\"><div id=\"mainnav\" class=\"vc_wp_custommenu wpb_content_element\"><div class=\"widget widget_nav_menu\"><div class=\"menu-hauptnavi-container\"><ul id=\"menu-hauptnavi\" class=\"menu\"><li id=\"menu-item-547\" class=\"menu-item menu-item-type-post_type menu-item-object-page menu-item-home menu-item-547\"><a href=\"https:\/\/giesstechnik.de\/en\/\">starting page<\/a><\/li>\n<li id=\"menu-item-1807\" class=\"menu-item menu-item-type-post_type menu-item-object-page menu-item-1807\"><a href=\"https:\/\/giesstechnik.de\/en\/news\/\">News<\/a><\/li>\n<li id=\"menu-item-275\" class=\"menu-item menu-item-type-post_type menu-item-object-page menu-item-275\"><a href=\"https:\/\/giesstechnik.de\/en\/leistungsbereich\/\">Product program<\/a><\/li>\n<li id=\"menu-item-190\" class=\"menu-item menu-item-type-post_type menu-item-object-page menu-item-190\"><a href=\"https:\/\/giesstechnik.de\/en\/unternehmen\/\">company<\/a><\/li>\n<li id=\"menu-item-433\" class=\"menu-item menu-item-type-post_type menu-item-object-page menu-item-433\"><a href=\"https:\/\/giesstechnik.de\/en\/stellenangebote\/\">vacancies<\/a><\/li>\n<\/ul><\/div><\/div><\/div><\/div><\/div><\/div><\/section><section id=\"maincontent\" class=\"vc_section vc_custom_1538079055995 vc_section-has-fill\"><section class=\"vc_row wpb_row vc_row-fluid\"><div class=\"wpb_column vc_column_container vc_col-has-fill subMenu vc_col-sm-3  col-xs-mobile-fullwidth\"><div class=\"vc_column-inner vc_custom_1539132447521\"><div class=\"wpb_wrapper\"><div  class=\"vc_wp_custommenu wpb_content_element submenu\"><div class=\"widget widget_nav_menu\"><div class=\"menu-menue-feuerloescher-container\"><ul id=\"menu-menue-feuerloescher\" class=\"menu\"><li id=\"menu-item-1812\" class=\"menu-item menu-item-type-post_type menu-item-object-page menu-item-1812\"><a href=\"https:\/\/giesstechnik.de\/en\/leistungsbereich\/anlagenbau\/\">plant-construction<\/a><\/li>\n<li id=\"menu-item-1813\" class=\"menu-item menu-item-type-post_type menu-item-object-page menu-item-1813\"><a href=\"https:\/\/giesstechnik.de\/en\/leistungsbereich\/ersatzteile\/\">spare-parts<\/a><\/li>\n<li id=\"menu-item-1814\" class=\"menu-item menu-item-type-post_type menu-item-object-page menu-item-has-children menu-item-1814\"><a href=\"https:\/\/giesstechnik.de\/en\/leistungsbereich\/feuerloescher\/\">fire extinguisher<\/a>\n<ul class=\"sub-menu\">\n\t<li id=\"menu-item-1817\" class=\"menu-item menu-item-type-post_type menu-item-object-page menu-item-1817\"><a href=\"https:\/\/giesstechnik.de\/en\/leistungsbereich\/feuerloescher\/loeschpulver\/\">L\u00f6schpulver<\/a><\/li>\n\t<li id=\"menu-item-1818\" class=\"menu-item menu-item-type-post_type menu-item-object-page menu-item-1818\"><a href=\"https:\/\/giesstechnik.de\/en\/leistungsbereich\/feuerloescher\/pulverloescher\/\">Pulverl\u00f6scher<\/a><\/li>\n\t<li id=\"menu-item-1819\" class=\"menu-item menu-item-type-post_type menu-item-object-page menu-item-1819\"><a href=\"https:\/\/giesstechnik.de\/en\/leistungsbereich\/feuerloescher\/sicherheitsdatenblatt\/\">Sicherheitsdatenblatt gem\u00e4\u00df 91\/155\/EWG<\/a><\/li>\n\t<li id=\"menu-item-1820\" class=\"menu-item menu-item-type-post_type menu-item-object-page menu-item-1820\"><a href=\"https:\/\/giesstechnik.de\/en\/leistungsbereich\/feuerloescher\/merkblatt\/\">Technisches Merkblatt L\u00f6schpulver<\/a><\/li>\n\t<li id=\"menu-item-1816\" class=\"menu-item menu-item-type-post_type menu-item-object-page menu-item-1816\"><a href=\"https:\/\/giesstechnik.de\/en\/leistungsbereich\/feuerloescher\/instandhaltungsanweisung\/\">Instandhaltungsanweisung<\/a><\/li>\n\t<li id=\"menu-item-1815\" class=\"menu-item menu-item-type-post_type menu-item-object-page menu-item-1815\"><a href=\"https:\/\/giesstechnik.de\/en\/leistungsbereich\/feuerloescher\/download\/\">Downloads<\/a><\/li>\n<\/ul>\n<\/li>\n<li id=\"menu-item-2225\" class=\"menu-item menu-item-type-post_type menu-item-object-page menu-item-2225\"><a href=\"https:\/\/giesstechnik.de\/en\/leistungsbereich\/schulungen\/\">training \/ process \/ optimization<\/a><\/li>\n<li id=\"menu-item-2224\" class=\"menu-item menu-item-type-post_type menu-item-object-page menu-item-2224\"><a href=\"https:\/\/giesstechnik.de\/en\/leistungsbereich\/wartung\/\">maintenance \/ service<\/a><\/li>\n<\/ul><\/div><\/div><\/div><\/div><\/div><\/div><div class=\"wpb_column vc_column_container vc_col-sm-9  col-xs-mobile-fullwidth\"><div class=\"vc_column-inner\"><div class=\"wpb_wrapper\"><div class=\"vc_row wpb_row vc_inner vc_row-fluid\"><div class=\"wpb_column vc_column_container vc_col-sm-12  col-xs-mobile-fullwidth\"><div class=\"vc_column-inner\"><div class=\"wpb_wrapper\"><div class=\"last-paragraph-no-margin\"><h2><\/h2>\n<h2><\/h2>\n<h2><\/h2>\n<h2 style=\"text-align: left;\">fire extinguisher<\/h2>\n<\/div><\/div><\/div><\/div><\/div><div class=\"vc_row wpb_row vc_inner vc_row-fluid\"><div class=\"wpb_column vc_column_container vc_col-sm-4  col-xs-mobile-fullwidth\"><div class=\"vc_column-inner\"><div class=\"wpb_wrapper\">\n\t<div  class=\"wpb_single_image wpb_content_element vc_align_center\">\n\t\t\n\t\t<figure class=\"wpb_wrapper vc_figure\">\n\t\t\t<a href=\"http:\/\/giesstechnik.de\/de\/leistungsbereich\/feuerloescher\/loeschpulver\" target=\"_self\" class=\"vc_single_image-wrapper   vc_box_border_grey\"><img loading=\"lazy\" decoding=\"async\" width=\"472\" height=\"472\" src=\"https:\/\/giesstechnik.de\/wp-content\/uploads\/L\u00f6schpulver\/2019-04-29-Flux.jpg\" class=\"vc_single_image-img attachment-full\" alt=\"\" title=\"2019-04-29 Flux\" srcset=\"https:\/\/giesstechnik.de\/wp-content\/uploads\/L\u00f6schpulver\/2019-04-29-Flux.jpg 472w, https:\/\/giesstechnik.de\/wp-content\/uploads\/L\u00f6schpulver\/2019-04-29-Flux-150x150.jpg 150w, https:\/\/giesstechnik.de\/wp-content\/uploads\/L\u00f6schpulver\/2019-04-29-Flux-300x300.jpg 300w, https:\/\/giesstechnik.de\/wp-content\/uploads\/L\u00f6schpulver\/2019-04-29-Flux-81x81.jpg 81w\" sizes=\"auto, (max-width: 472px) 100vw, 472px\" \/><\/a>\n\t\t<\/figure>\n\t<\/div>\n<div class=\"last-paragraph-no-margin\"><p style=\"text-align: center;\">L\u00f6schpulver Pr\u00e4sentation<\/p>\n<\/div><\/div><\/div><\/div><div class=\"wpb_column vc_column_container vc_col-sm-4  col-xs-mobile-fullwidth\"><div class=\"vc_column-inner\"><div class=\"wpb_wrapper\">\n\t<div  class=\"wpb_single_image wpb_content_element vc_align_center\">\n\t\t\n\t\t<figure class=\"wpb_wrapper vc_figure\">\n\t\t\t<a href=\"http:\/\/giesstechnik.de\/de\/leistungsbereich\/feuerloescher\/pulverloescher\/\" target=\"_self\" class=\"vc_single_image-wrapper   vc_box_border_grey\"><img loading=\"lazy\" decoding=\"async\" width=\"472\" height=\"473\" src=\"https:\/\/giesstechnik.de\/wp-content\/uploads\/L\u00f6schpulver\/2019-04-29-Feuerl\u00f6scher.jpg\" class=\"vc_single_image-img attachment-full\" alt=\"\" title=\"2019-04-29 Feuerl\u00f6scher\" srcset=\"https:\/\/giesstechnik.de\/wp-content\/uploads\/L\u00f6schpulver\/2019-04-29-Feuerl\u00f6scher.jpg 472w, https:\/\/giesstechnik.de\/wp-content\/uploads\/L\u00f6schpulver\/2019-04-29-Feuerl\u00f6scher-150x150.jpg 150w, https:\/\/giesstechnik.de\/wp-content\/uploads\/L\u00f6schpulver\/2019-04-29-Feuerl\u00f6scher-300x300.jpg 300w, https:\/\/giesstechnik.de\/wp-content\/uploads\/L\u00f6schpulver\/2019-04-29-Feuerl\u00f6scher-81x81.jpg 81w\" sizes=\"auto, (max-width: 472px) 100vw, 472px\" \/><\/a>\n\t\t<\/figure>\n\t<\/div>\n<div class=\"last-paragraph-no-margin\"><p style=\"text-align: center;\">Ger\u00e4tegr\u00f6\u00dfen<\/p>\n<\/div><\/div><\/div><\/div><div class=\"wpb_column vc_column_container vc_col-sm-4  col-xs-mobile-fullwidth\"><div class=\"vc_column-inner\"><div class=\"wpb_wrapper\">\n\t<div  class=\"wpb_single_image wpb_content_element vc_align_center\">\n\t\t\n\t\t<figure class=\"wpb_wrapper vc_figure\">\n\t\t\t<a href=\"http:\/\/giesstechnik.de\/wp-content\/uploads\/L\u00f6schpulver\/Zulassungsschein-MagMetall.pdf\" target=\"_self\" class=\"vc_single_image-wrapper   vc_box_border_grey\"><img loading=\"lazy\" decoding=\"async\" width=\"472\" height=\"473\" src=\"https:\/\/giesstechnik.de\/wp-content\/uploads\/L\u00f6schpulver\/2019-04-29-Zulassungsschein.jpg\" class=\"vc_single_image-img attachment-full\" alt=\"\" title=\"2019-04-29 Zulassungsschein\" srcset=\"https:\/\/giesstechnik.de\/wp-content\/uploads\/L\u00f6schpulver\/2019-04-29-Zulassungsschein.jpg 472w, https:\/\/giesstechnik.de\/wp-content\/uploads\/L\u00f6schpulver\/2019-04-29-Zulassungsschein-150x150.jpg 150w, https:\/\/giesstechnik.de\/wp-content\/uploads\/L\u00f6schpulver\/2019-04-29-Zulassungsschein-300x300.jpg 300w, https:\/\/giesstechnik.de\/wp-content\/uploads\/L\u00f6schpulver\/2019-04-29-Zulassungsschein-81x81.jpg 81w\" sizes=\"auto, (max-width: 472px) 100vw, 472px\" \/><\/a>\n\t\t<\/figure>\n\t<\/div>\n<div class=\"last-paragraph-no-margin\"><p style=\"text-align: center;\">Zulassungsschein<\/p>\n<\/div><\/div><\/div><\/div><\/div><div class=\"vc_row wpb_row vc_inner vc_row-fluid\"><div class=\"wpb_column vc_column_container vc_col-sm-4  col-xs-mobile-fullwidth\"><div class=\"vc_column-inner\"><div class=\"wpb_wrapper\">\n\t<div  class=\"wpb_single_image wpb_content_element vc_align_center\">\n\t\t\n\t\t<figure class=\"wpb_wrapper vc_figure\">\n\t\t\t<a href=\"http:\/\/giesstechnik.de\/de\/leistungsbereich\/feuerloescher\/Sicherheitsdatenblatt\/\" target=\"_self\" class=\"vc_single_image-wrapper   vc_box_border_grey\"><img loading=\"lazy\" decoding=\"async\" width=\"2647\" height=\"2641\" src=\"https:\/\/giesstechnik.de\/wp-content\/uploads\/GG-GIESSTECHNIK-LOGO-Hochaufl\u00f6send-ohne-Name.jpg\" class=\"vc_single_image-img attachment-full\" alt=\"\" title=\"GG-GIESSTECHNIK LOGO\" srcset=\"https:\/\/giesstechnik.de\/wp-content\/uploads\/GG-GIESSTECHNIK-LOGO-Hochaufl\u00f6send-ohne-Name.jpg 2647w, https:\/\/giesstechnik.de\/wp-content\/uploads\/GG-GIESSTECHNIK-LOGO-Hochaufl\u00f6send-ohne-Name-150x150.jpg 150w, https:\/\/giesstechnik.de\/wp-content\/uploads\/GG-GIESSTECHNIK-LOGO-Hochaufl\u00f6send-ohne-Name-300x300.jpg 300w, https:\/\/giesstechnik.de\/wp-content\/uploads\/GG-GIESSTECHNIK-LOGO-Hochaufl\u00f6send-ohne-Name-768x766.jpg 768w, https:\/\/giesstechnik.de\/wp-content\/uploads\/GG-GIESSTECHNIK-LOGO-Hochaufl\u00f6send-ohne-Name-1024x1022.jpg 1024w, https:\/\/giesstechnik.de\/wp-content\/uploads\/GG-GIESSTECHNIK-LOGO-Hochaufl\u00f6send-ohne-Name-773x771.jpg 773w, https:\/\/giesstechnik.de\/wp-content\/uploads\/GG-GIESSTECHNIK-LOGO-Hochaufl\u00f6send-ohne-Name-81x81.jpg 81w\" sizes=\"auto, (max-width: 2647px) 100vw, 2647px\" \/><\/a>\n\t\t<\/figure>\n\t<\/div>\n<div class=\"last-paragraph-no-margin\"><p style=\"text-align: center;\">Sicherheitsdatenblatt<\/p>\n<\/div><\/div><\/div><\/div><div class=\"wpb_column vc_column_container vc_col-sm-4  col-xs-mobile-fullwidth\"><div class=\"vc_column-inner\"><div class=\"wpb_wrapper\">\n\t<div  class=\"wpb_single_image wpb_content_element vc_align_center\">\n\t\t\n\t\t<figure class=\"wpb_wrapper vc_figure\">\n\t\t\t<a href=\"http:\/\/giesstechnik.de\/de\/leistungsbereich\/feuerloescher\/Merkblatt\" target=\"_self\" class=\"vc_single_image-wrapper   vc_box_border_grey\"><img loading=\"lazy\" decoding=\"async\" width=\"2647\" height=\"2641\" src=\"https:\/\/giesstechnik.de\/wp-content\/uploads\/GG-GIESSTECHNIK-LOGO-Hochaufl\u00f6send-ohne-Name.jpg\" class=\"vc_single_image-img attachment-full\" alt=\"\" title=\"GG-GIESSTECHNIK LOGO\" srcset=\"https:\/\/giesstechnik.de\/wp-content\/uploads\/GG-GIESSTECHNIK-LOGO-Hochaufl\u00f6send-ohne-Name.jpg 2647w, https:\/\/giesstechnik.de\/wp-content\/uploads\/GG-GIESSTECHNIK-LOGO-Hochaufl\u00f6send-ohne-Name-150x150.jpg 150w, https:\/\/giesstechnik.de\/wp-content\/uploads\/GG-GIESSTECHNIK-LOGO-Hochaufl\u00f6send-ohne-Name-300x300.jpg 300w, https:\/\/giesstechnik.de\/wp-content\/uploads\/GG-GIESSTECHNIK-LOGO-Hochaufl\u00f6send-ohne-Name-768x766.jpg 768w, https:\/\/giesstechnik.de\/wp-content\/uploads\/GG-GIESSTECHNIK-LOGO-Hochaufl\u00f6send-ohne-Name-1024x1022.jpg 1024w, https:\/\/giesstechnik.de\/wp-content\/uploads\/GG-GIESSTECHNIK-LOGO-Hochaufl\u00f6send-ohne-Name-773x771.jpg 773w, https:\/\/giesstechnik.de\/wp-content\/uploads\/GG-GIESSTECHNIK-LOGO-Hochaufl\u00f6send-ohne-Name-81x81.jpg 81w\" sizes=\"auto, (max-width: 2647px) 100vw, 2647px\" \/><\/a>\n\t\t<\/figure>\n\t<\/div>\n<div class=\"last-paragraph-no-margin\"><p style=\"text-align: center;\">Technisches Merkblatt L\u00f6schpulver<\/p>\n<\/div><\/div><\/div><\/div><div class=\"wpb_column vc_column_container vc_col-sm-4  col-xs-mobile-fullwidth\"><div class=\"vc_column-inner\"><div class=\"wpb_wrapper\">\n\t<div  class=\"wpb_single_image wpb_content_element vc_align_center\">\n\t\t\n\t\t<figure class=\"wpb_wrapper vc_figure\">\n\t\t\t<a href=\"http:\/\/giesstechnik.de\/de\/leistungsbereich\/feuerloescher\/instandhaltungsanweisung\" target=\"_self\" class=\"vc_single_image-wrapper   vc_box_border_grey\"><img loading=\"lazy\" decoding=\"async\" width=\"473\" height=\"472\" src=\"https:\/\/giesstechnik.de\/wp-content\/uploads\/L\u00f6schpulver\/2019-04-29-Feuerl\u00f6scher-12kg.jpg\" class=\"vc_single_image-img attachment-full\" alt=\"\" title=\"2019-04-29 Feuerl\u00f6scher 12kg\" srcset=\"https:\/\/giesstechnik.de\/wp-content\/uploads\/L\u00f6schpulver\/2019-04-29-Feuerl\u00f6scher-12kg.jpg 473w, https:\/\/giesstechnik.de\/wp-content\/uploads\/L\u00f6schpulver\/2019-04-29-Feuerl\u00f6scher-12kg-150x150.jpg 150w, https:\/\/giesstechnik.de\/wp-content\/uploads\/L\u00f6schpulver\/2019-04-29-Feuerl\u00f6scher-12kg-300x300.jpg 300w, https:\/\/giesstechnik.de\/wp-content\/uploads\/L\u00f6schpulver\/2019-04-29-Feuerl\u00f6scher-12kg-81x81.jpg 81w\" sizes=\"auto, (max-width: 473px) 100vw, 473px\" \/><\/a>\n\t\t<\/figure>\n\t<\/div>\n<div class=\"last-paragraph-no-margin\"><p style=\"text-align: center;\">Instandhaltungsanweisung<\/p>\n<\/div><\/div><\/div><\/div><\/div><div class=\"vc_row wpb_row vc_inner vc_row-fluid\"><div class=\"wpb_column vc_column_container vc_col-sm-4  col-xs-mobile-fullwidth\"><div class=\"vc_column-inner\"><div class=\"wpb_wrapper\">\n\t<div  class=\"wpb_single_image wpb_content_element vc_align_center\">\n\t\t\n\t\t<figure class=\"wpb_wrapper vc_figure\">\n\t\t\t<a href=\"http:\/\/giesstechnik.de\/de\/leistungsbereich\/feuerloescher\/Download\" target=\"_self\" class=\"vc_single_image-wrapper   vc_box_border_grey\"><img loading=\"lazy\" decoding=\"async\" width=\"587\" height=\"586\" src=\"https:\/\/giesstechnik.de\/wp-content\/uploads\/2018\/09\/Download.png\" class=\"vc_single_image-img attachment-full\" alt=\"\" title=\"Download\" srcset=\"https:\/\/giesstechnik.de\/wp-content\/uploads\/2018\/09\/Download.png 587w, https:\/\/giesstechnik.de\/wp-content\/uploads\/2018\/09\/Download-150x150.png 150w, https:\/\/giesstechnik.de\/wp-content\/uploads\/2018\/09\/Download-300x300.png 300w, https:\/\/giesstechnik.de\/wp-content\/uploads\/2018\/09\/Download-81x81.png 81w\" sizes=\"auto, (max-width: 587px) 100vw, 587px\" \/><\/a>\n\t\t<\/figure>\n\t<\/div>\n<div class=\"last-paragraph-no-margin\"><p style=\"text-align: center;\">Downloads Feuerl\u00f6scher<\/p>\n<\/div><\/div><\/div><\/div><div class=\"wpb_column vc_column_container vc_col-sm-4  col-xs-mobile-fullwidth\"><div class=\"vc_column-inner\"><div class=\"wpb_wrapper\"><\/div><\/div><\/div><div class=\"wpb_column vc_column_container vc_col-sm-4  col-xs-mobile-fullwidth\"><div class=\"vc_column-inner\"><div class=\"wpb_wrapper\"><\/div><\/div><\/div><\/div><\/div><\/div><\/div><\/section><\/section>\n<\/div>","protected":false},"excerpt":{"rendered":"Startseite News Leistungsbereich Unternehmen Stellenangebote Anlagenbau Ersatzteile Feuerl\u00f6scher L\u00f6schpulver Pulverl\u00f6scher Sicherheitsdatenblatt gem\u00e4\u00df 91\/155\/EWG Technisches Merkblatt L\u00f6schpulver Instandhaltungsanweisung Downloads Schulungen\/Prozessanalyse\/Optimierung Wartung \/ Service Feuerl\u00f6scher L\u00f6schpulver Pr\u00e4sentation Ger\u00e4tegr\u00f6\u00dfen Zulassungsschein Sicherheitsdatenblatt Technisches Merkblatt L\u00f6schpulver Instandhaltungsanweisung Downloads Feuerl\u00f6scher","protected":false},"author":5,"featured_media":0,"parent":271,"menu_order":0,"comment_status":"closed","ping_status":"closed","template":"","meta":{"footnotes":""},"class_list":["post-1089","page","type-page","status-publish","hentry"],"_links":{"self":[{"href":"https:\/\/giesstechnik.de\/en\/wp-json\/wp\/v2\/pages\/1089","targetHints":{"allow":["GET"]}}],"collection":[{"href":"https:\/\/giesstechnik.de\/en\/wp-json\/wp\/v2\/pages"}],"about":[{"href":"https:\/\/giesstechnik.de\/en\/wp-json\/wp\/v2\/types\/page"}],"author":[{"embeddable":true,"href":"https:\/\/giesstechnik.de\/en\/wp-json\/wp\/v2\/users\/5"}],"replies":[{"embeddable":true,"href":"https:\/\/giesstechnik.de\/en\/wp-json\/wp\/v2\/comments?post=1089"}],"version-history":[{"count":12,"href":"https:\/\/giesstechnik.de\/en\/wp-json\/wp\/v2\/pages\/1089\/revisions"}],"predecessor-version":[{"id":1823,"href":"https:\/\/giesstechnik.de\/en\/wp-json\/wp\/v2\/pages\/1089\/revisions\/1823"}],"up":[{"embeddable":true,"href":"https:\/\/giesstechnik.de\/en\/wp-json\/wp\/v2\/pages\/271"}],"wp:attachment":[{"href":"https:\/\/giesstechnik.de\/en\/wp-json\/wp\/v2\/media?parent=1089"}],"curies":[{"name":"wp","href":"https:\/\/api.w.org\/{rel}","templated":true}]}}