{"id":1093,"date":"2019-04-29T15:16:57","date_gmt":"2019-04-29T13:16:57","guid":{"rendered":"http:\/\/giesstechnik.de\/?page_id=1093"},"modified":"2023-11-16T14:49:23","modified_gmt":"2023-11-16T13:49:23","slug":"loeschpulver","status":"publish","type":"page","link":"https:\/\/giesstechnik.de\/en\/leistungsbereich\/feuerloescher\/loeschpulver\/","title":{"rendered":"L\u00f6schpulver -D"},"content":{"rendered":"<div class=\"wpb-content-wrapper\"><section class=\"vc_row wpb_row vc_row-fluid\"><div class=\"wpb_column vc_column_container vc_col-sm-12  col-xs-mobile-fullwidth\"><div class=\"vc_column-inner vc_custom_1538075900939\"><div class=\"wpb_wrapper\">\n\t<div  class=\"wpb_single_image wpb_content_element vc_align_center\">\n\t\t\n\t\t<figure class=\"wpb_wrapper vc_figure\">\n\t\t\t<div class=\"vc_single_image-wrapper   vc_box_border_grey\"><img loading=\"lazy\" decoding=\"async\" width=\"1170\" height=\"370\" src=\"https:\/\/giesstechnik.de\/wp-content\/uploads\/titelbild_startseite.jpg\" class=\"vc_single_image-img attachment-full\" alt=\"\" title=\"titelbild_startseite\" srcset=\"https:\/\/giesstechnik.de\/wp-content\/uploads\/titelbild_startseite.jpg 1170w, https:\/\/giesstechnik.de\/wp-content\/uploads\/titelbild_startseite-300x95.jpg 300w, https:\/\/giesstechnik.de\/wp-content\/uploads\/titelbild_startseite-768x243.jpg 768w, https:\/\/giesstechnik.de\/wp-content\/uploads\/titelbild_startseite-1024x324.jpg 1024w, https:\/\/giesstechnik.de\/wp-content\/uploads\/titelbild_startseite-81x26.jpg 81w\" sizes=\"auto, (max-width: 1170px) 100vw, 1170px\" \/><\/div>\n\t\t<\/figure>\n\t<\/div>\n<\/div><\/div><\/div><\/section><section class=\"vc_row wpb_row vc_row-fluid\"><div class=\"wpb_column vc_column_container vc_col-sm-12  col-xs-mobile-fullwidth\"><div class=\"vc_column-inner\"><div class=\"wpb_wrapper\"><div id=\"mainnav\" class=\"vc_wp_custommenu wpb_content_element\"><div class=\"widget widget_nav_menu\"><div class=\"menu-hauptnavi-container\"><ul id=\"menu-hauptnavi\" class=\"menu\"><li id=\"menu-item-547\" class=\"menu-item menu-item-type-post_type menu-item-object-page menu-item-home menu-item-547\"><a href=\"https:\/\/giesstechnik.de\/en\/\">starting page<\/a><\/li>\n<li id=\"menu-item-1807\" class=\"menu-item menu-item-type-post_type menu-item-object-page menu-item-1807\"><a href=\"https:\/\/giesstechnik.de\/en\/news\/\">News<\/a><\/li>\n<li id=\"menu-item-275\" class=\"menu-item menu-item-type-post_type menu-item-object-page menu-item-275\"><a href=\"https:\/\/giesstechnik.de\/en\/leistungsbereich\/\">Product program<\/a><\/li>\n<li id=\"menu-item-190\" class=\"menu-item menu-item-type-post_type menu-item-object-page menu-item-190\"><a href=\"https:\/\/giesstechnik.de\/en\/unternehmen\/\">company<\/a><\/li>\n<li id=\"menu-item-433\" class=\"menu-item menu-item-type-post_type menu-item-object-page menu-item-433\"><a href=\"https:\/\/giesstechnik.de\/en\/stellenangebote\/\">vacancies<\/a><\/li>\n<\/ul><\/div><\/div><\/div><\/div><\/div><\/div><\/section><section id=\"maincontent\" class=\"vc_section vc_custom_1538079055995 vc_section-has-fill\"><section class=\"vc_row wpb_row vc_row-fluid\"><div class=\"wpb_column vc_column_container vc_col-has-fill subMenu vc_col-sm-3  col-xs-mobile-fullwidth\"><div class=\"vc_column-inner vc_custom_1539132447521\"><div class=\"wpb_wrapper\"><div  class=\"vc_wp_custommenu wpb_content_element submenu\"><div class=\"widget widget_nav_menu\"><div class=\"menu-menue-feuerloescher-container\"><ul id=\"menu-menue-feuerloescher\" class=\"menu\"><li id=\"menu-item-1812\" class=\"menu-item menu-item-type-post_type menu-item-object-page menu-item-1812\"><a href=\"https:\/\/giesstechnik.de\/en\/leistungsbereich\/anlagenbau\/\">plant-construction<\/a><\/li>\n<li id=\"menu-item-1813\" class=\"menu-item menu-item-type-post_type menu-item-object-page menu-item-1813\"><a href=\"https:\/\/giesstechnik.de\/en\/leistungsbereich\/ersatzteile\/\">spare-parts<\/a><\/li>\n<li id=\"menu-item-1814\" class=\"menu-item menu-item-type-post_type menu-item-object-page menu-item-has-children menu-item-1814\"><a href=\"https:\/\/giesstechnik.de\/en\/leistungsbereich\/feuerloescher\/\">fire extinguisher<\/a>\n<ul class=\"sub-menu\">\n\t<li id=\"menu-item-1817\" class=\"menu-item menu-item-type-post_type menu-item-object-page menu-item-1817\"><a href=\"https:\/\/giesstechnik.de\/en\/leistungsbereich\/feuerloescher\/loeschpulver\/\">L\u00f6schpulver<\/a><\/li>\n\t<li id=\"menu-item-1818\" class=\"menu-item menu-item-type-post_type menu-item-object-page menu-item-1818\"><a href=\"https:\/\/giesstechnik.de\/en\/leistungsbereich\/feuerloescher\/pulverloescher\/\">Pulverl\u00f6scher<\/a><\/li>\n\t<li id=\"menu-item-1819\" class=\"menu-item menu-item-type-post_type menu-item-object-page menu-item-1819\"><a href=\"https:\/\/giesstechnik.de\/en\/leistungsbereich\/feuerloescher\/sicherheitsdatenblatt\/\">Sicherheitsdatenblatt gem\u00e4\u00df 91\/155\/EWG<\/a><\/li>\n\t<li id=\"menu-item-1820\" class=\"menu-item menu-item-type-post_type menu-item-object-page menu-item-1820\"><a href=\"https:\/\/giesstechnik.de\/en\/leistungsbereich\/feuerloescher\/merkblatt\/\">Technisches Merkblatt L\u00f6schpulver<\/a><\/li>\n\t<li id=\"menu-item-1816\" class=\"menu-item menu-item-type-post_type menu-item-object-page menu-item-1816\"><a href=\"https:\/\/giesstechnik.de\/en\/leistungsbereich\/feuerloescher\/instandhaltungsanweisung\/\">Instandhaltungsanweisung<\/a><\/li>\n\t<li id=\"menu-item-1815\" class=\"menu-item menu-item-type-post_type menu-item-object-page menu-item-1815\"><a href=\"https:\/\/giesstechnik.de\/en\/leistungsbereich\/feuerloescher\/download\/\">Downloads<\/a><\/li>\n<\/ul>\n<\/li>\n<li id=\"menu-item-2225\" class=\"menu-item menu-item-type-post_type menu-item-object-page menu-item-2225\"><a href=\"https:\/\/giesstechnik.de\/en\/leistungsbereich\/schulungen\/\">training \/ process \/ optimization<\/a><\/li>\n<li id=\"menu-item-2224\" class=\"menu-item menu-item-type-post_type menu-item-object-page menu-item-2224\"><a href=\"https:\/\/giesstechnik.de\/en\/leistungsbereich\/wartung\/\">maintenance \/ service<\/a><\/li>\n<\/ul><\/div><\/div><\/div><\/div><\/div><\/div><div class=\"wpb_column vc_column_container vc_col-sm-9  col-xs-mobile-fullwidth\"><div class=\"vc_column-inner\"><div class=\"wpb_wrapper\"><div class=\"vc_row wpb_row vc_inner vc_row-fluid\"><div class=\"wpb_column vc_column_container vc_col-sm-12  col-xs-mobile-fullwidth\"><div class=\"vc_column-inner\"><div class=\"wpb_wrapper\"><div class=\"last-paragraph-no-margin\"><h2><\/h2>\n<h2><\/h2>\n<h2><\/h2>\n<h1 style=\"text-align: left;\"><a href=\"http:\/\/giesstechnik.de\/wp-content\/uploads\/L\u00f6schpulver\/2018-12-05-L\u00f6schpulver-Pr\u00e4sentation_DE.pdf\">MagMetall<\/a><\/h1>\n<h2 style=\"text-align: left;\"><a href=\"http:\/\/giesstechnik.de\/wp-content\/uploads\/L\u00f6schpulver\/2018-12-05-L\u00f6schpulver-Pr\u00e4sentation_DE.pdf\">L\u00f6schpulver der neuen Generation<\/a><\/h2>\n<\/div><\/div><\/div><\/div><\/div><div class=\"vc_row wpb_row vc_inner vc_row-fluid\"><div class=\"wpb_column vc_column_container vc_col-sm-6  col-xs-mobile-fullwidth\"><div class=\"vc_column-inner\"><div class=\"wpb_wrapper\"><div class=\"last-paragraph-no-margin\"><h2>Generelle \u00dcberlegungen<\/h2>\n<p>\u2022 Magnesium-Br\u00e4nde werden meist durch mangelhafte Sicherheit und hausgemachte Probleme verursacht<\/p>\n<p>\u2022 Konzentrierte Bem\u00fchungen sind erforderlich, um Magnesium-Br\u00e4nde bzw. Unf\u00e4lle zu vermeiden<\/p>\n<p>&nbsp;<\/p>\n<h2>Standard Brandbek\u00e4mpfungsmittel<\/h2>\n<p>Trockenes Flux<\/p>\n<p>\u2022 geringer Schmelzpunkt und f\u00fcr Magnesium spezifiziert<\/p>\n<p>\u2022 Effizient<\/p>\n<p>\u2022 formt eine fl\u00fcssige Schicht \u00fcber das Magnesium, ohne Oxide zu erzeugen<\/p>\n<\/div><\/div><\/div><\/div><div class=\"wpb_column vc_column_container vc_col-sm-6  col-xs-mobile-fullwidth\"><div class=\"vc_column-inner\"><div class=\"wpb_wrapper\">\n\t<div  class=\"wpb_single_image wpb_content_element vc_align_center\">\n\t\t\n\t\t<figure class=\"wpb_wrapper vc_figure\">\n\t\t\t<a href=\"http:\/\/giesstechnik.de\/wp-content\/uploads\/L\u00f6schpulver\/2018-12-05-L\u00f6schpulver-Pr\u00e4sentation_DE.pdf\" target=\"_self\" class=\"vc_single_image-wrapper   vc_box_border_grey\"><img loading=\"lazy\" decoding=\"async\" width=\"472\" height=\"473\" src=\"https:\/\/giesstechnik.de\/wp-content\/uploads\/L\u00f6schpulver\/2019-04-29-Feuerl\u00f6scher.jpg\" class=\"vc_single_image-img attachment-large\" alt=\"\" title=\"2019-04-29 Feuerl\u00f6scher\" srcset=\"https:\/\/giesstechnik.de\/wp-content\/uploads\/L\u00f6schpulver\/2019-04-29-Feuerl\u00f6scher.jpg 472w, https:\/\/giesstechnik.de\/wp-content\/uploads\/L\u00f6schpulver\/2019-04-29-Feuerl\u00f6scher-150x150.jpg 150w, https:\/\/giesstechnik.de\/wp-content\/uploads\/L\u00f6schpulver\/2019-04-29-Feuerl\u00f6scher-300x300.jpg 300w, https:\/\/giesstechnik.de\/wp-content\/uploads\/L\u00f6schpulver\/2019-04-29-Feuerl\u00f6scher-81x81.jpg 81w\" sizes=\"auto, (max-width: 472px) 100vw, 472px\" \/><\/a>\n\t\t<\/figure>\n\t<\/div>\n\n\t<div  class=\"wpb_single_image wpb_content_element vc_align_center\">\n\t\t\n\t\t<figure class=\"wpb_wrapper vc_figure\">\n\t\t\t<a href=\"http:\/\/giesstechnik.de\/wp-content\/uploads\/L\u00f6schpulver\/2018-12-05-L\u00f6schpulver-Pr\u00e4sentation_DE.pdf\" target=\"_self\" class=\"vc_single_image-wrapper   vc_box_border_grey\"><img loading=\"lazy\" decoding=\"async\" width=\"472\" height=\"472\" src=\"https:\/\/giesstechnik.de\/wp-content\/uploads\/L\u00f6schpulver\/2019-04-29-Flux.jpg\" class=\"vc_single_image-img attachment-large\" alt=\"\" title=\"2019-04-29 Flux\" srcset=\"https:\/\/giesstechnik.de\/wp-content\/uploads\/L\u00f6schpulver\/2019-04-29-Flux.jpg 472w, https:\/\/giesstechnik.de\/wp-content\/uploads\/L\u00f6schpulver\/2019-04-29-Flux-150x150.jpg 150w, https:\/\/giesstechnik.de\/wp-content\/uploads\/L\u00f6schpulver\/2019-04-29-Flux-300x300.jpg 300w, https:\/\/giesstechnik.de\/wp-content\/uploads\/L\u00f6schpulver\/2019-04-29-Flux-81x81.jpg 81w\" sizes=\"auto, (max-width: 472px) 100vw, 472px\" \/><\/a>\n\t\t<\/figure>\n\t<\/div>\n<\/div><\/div><\/div><\/div><div class=\"vc_row wpb_row vc_inner vc_row-fluid\"><div class=\"wpb_column vc_column_container vc_col-sm-12  col-xs-mobile-fullwidth\"><div class=\"vc_column-inner\"><div class=\"wpb_wrapper\"><div class=\"last-paragraph-no-margin\"><p>\u2022 Trockener Sand \/ trockene Eisen Sp\u00e4ne \u2013 Oxide frei<br \/>\n\u2022 Trockener Sand und Eisen Sand und Eisen \u2013 Sp\u00e4ne k\u00fchlen den Brand<br \/>\n\u2022 Silikat Sand soll wegen eventuell auftretenden Reaktion nicht verwendet werden<\/p>\n<p>2Mg + SiO2 = Si+ 2MgO<br \/>\n3Mg + Fe2O3 = <b><\/b>2Fe + 3MgO<\/p>\n<p>&nbsp;<\/p>\n<h2>MagMetall Pulver<\/h2>\n<p>Entwickelt von Spezialisten f\u00fcr die metallverarbeitende Industrie:<\/p>\n<p>\u2022 Im Speziellen f\u00fcr Magnesium im Guss oder bei der Verarbeitung<br \/>\n\u2022 Bildet eine geschlossene fl\u00fcssige Schicht \u00fcber fl\u00fcssigem oder brennenden Metall bis 2400 \u00b0C<br \/>\n\u2022 Positiv getestet bei Mg -Fackeln \/ bengalischem Licht (Bengalos)<br \/>\n\u2022 H\u00f6he L\u00f6schkraft auch bei Gummi oder Kunststoffen<br \/>\n\u2022 Das Pulver entzieht dem Brand innerhalb k\u00fcrzester Zeit Hitze und Energie<\/p>\n<h2>Metallbrand Feuerl\u00f6scher der Industrial &#8211; Linie<\/h2>\n<p>\u2022 Das Ger\u00e4t ist sehr hochwertig, robust und bedienerfreundlich.<br \/>\n\u2022 Durch das einzigartige MagMetall Pulver wird das System sehr<br \/>\n=&gt; Leistungsstark im Einsatz!!<br \/>\n\u2022 In der Metallverarbeitung, der Recycling Industrie, der chemischen Industrie, Kernkraftwerken, Kunststoff-Gummiverarbeitenden Industrie und in Laboratorien wird mit Bestandteilen, Rohstoffen und Legierungen aus verschiedenen schwer l\u00f6schbaren Metallen und Kunststoffen gearbeitet.<br \/>\n\u2022 Br\u00e4nde dieser Metalle und Kunststoffe\/Gummi werden durch das spezielle Metallbrandl\u00f6schpulver MagMetall wirksam gel\u00f6scht.<br \/>\n\u2022 Einsatzgebiet: Aluminium, Magnesium, Kalium, Natrium, Calcium, Lithium, Barium sowie deren Legierungen sowie Kunststoffe und Gummi.<br \/>\n\u2022 Wir bieten Ihnen je nach Einsatzgebiet vom tragbaren Industrial-Line Handfeuerl\u00f6scher MagMetall12, \u00fcber das fahrbare L\u00f6schger\u00e4t MagMetall50 bis hin zum L\u00f6schger\u00e4te Anh\u00e4nger MagMetall250alles an.<\/p>\n<\/div><\/div><\/div><\/div><\/div><\/div><\/div><\/div><\/section><\/section>\n<\/div>","protected":false},"excerpt":{"rendered":"Startseite News Leistungsbereich Unternehmen Stellenangebote Anlagenbau Ersatzteile Feuerl\u00f6scher L\u00f6schpulver Pulverl\u00f6scher Sicherheitsdatenblatt gem\u00e4\u00df 91\/155\/EWG Technisches Merkblatt L\u00f6schpulver Instandhaltungsanweisung Downloads Schulungen\/Prozessanalyse\/Optimierung Wartung \/ Service MagMetall L\u00f6schpulver der neuen Generation Generelle \u00dcberlegungen \u2022 Magnesium-Br\u00e4nde werden meist durch mangelhafte Sicherheit und hausgemachte Probleme verursacht \u2022 Konzentrierte Bem\u00fchungen sind erforderlich, um Magnesium-Br\u00e4nde bzw. Unf\u00e4lle zu vermeiden &nbsp; Standard Brandbek\u00e4mpfungsmittel Trockenes Flux \u2022 geringer Schmelzpunkt und f\u00fcr Magnesium spezifiziert \u2022 Effizient \u2022 formt eine fl\u00fcssige Schicht \u00fcber das Magnesium, ohne Oxide zu erzeugen \u2022 Trockener Sand \/ trockene Eisen Sp\u00e4ne \u2013 Oxide frei \u2022 Trockener Sand und Eisen Sand und Eisen \u2013 Sp\u00e4ne k\u00fchlen den Brand \u2022 Silikat Sand soll wegen eventuell auftretenden Reaktion nicht verwendet werden 2Mg + SiO2 = Si+ 2MgO 3Mg + Fe2O3 = 2Fe + 3MgO &nbsp; MagMetall Pulver Entwickelt von Spezialisten f\u00fcr die metallverarbeitende Industrie: \u2022 Im Speziellen f\u00fcr Magnesium im Guss oder bei der Verarbeitung \u2022 Bildet eine geschlossene fl\u00fcssige Schicht \u00fcber fl\u00fcssigem oder brennenden Metall bis 2400 \u00b0C \u2022 Positiv getestet bei Mg -Fackeln \/ bengalischem Licht (Bengalos) \u2022 H\u00f6he L\u00f6schkraft auch bei Gummi oder Kunststoffen \u2022 Das Pulver entzieht dem Brand innerhalb k\u00fcrzester Zeit Hitze und Energie Metallbrand Feuerl\u00f6scher der Industrial - Linie \u2022 Das Ger\u00e4t ist sehr...","protected":false},"author":5,"featured_media":0,"parent":1089,"menu_order":0,"comment_status":"closed","ping_status":"closed","template":"","meta":{"footnotes":""},"class_list":["post-1093","page","type-page","status-publish","hentry"],"_links":{"self":[{"href":"https:\/\/giesstechnik.de\/en\/wp-json\/wp\/v2\/pages\/1093","targetHints":{"allow":["GET"]}}],"collection":[{"href":"https:\/\/giesstechnik.de\/en\/wp-json\/wp\/v2\/pages"}],"about":[{"href":"https:\/\/giesstechnik.de\/en\/wp-json\/wp\/v2\/types\/page"}],"author":[{"embeddable":true,"href":"https:\/\/giesstechnik.de\/en\/wp-json\/wp\/v2\/users\/5"}],"replies":[{"embeddable":true,"href":"https:\/\/giesstechnik.de\/en\/wp-json\/wp\/v2\/comments?post=1093"}],"version-history":[{"count":10,"href":"https:\/\/giesstechnik.de\/en\/wp-json\/wp\/v2\/pages\/1093\/revisions"}],"predecessor-version":[{"id":2254,"href":"https:\/\/giesstechnik.de\/en\/wp-json\/wp\/v2\/pages\/1093\/revisions\/2254"}],"up":[{"embeddable":true,"href":"https:\/\/giesstechnik.de\/en\/wp-json\/wp\/v2\/pages\/1089"}],"wp:attachment":[{"href":"https:\/\/giesstechnik.de\/en\/wp-json\/wp\/v2\/media?parent=1093"}],"curies":[{"name":"wp","href":"https:\/\/api.w.org\/{rel}","templated":true}]}}