{"id":1154,"date":"2019-05-02T17:00:49","date_gmt":"2019-05-02T15:00:49","guid":{"rendered":"http:\/\/giesstechnik.de\/?page_id=1154"},"modified":"2023-11-16T14:50:09","modified_gmt":"2023-11-16T13:50:09","slug":"sicherheitsdatenblatt","status":"publish","type":"page","link":"https:\/\/giesstechnik.de\/en\/leistungsbereich\/feuerloescher\/sicherheitsdatenblatt\/","title":{"rendered":"Sicherheitsdatenblatt gem\u00e4\u00df 91\/155\/EWG-D"},"content":{"rendered":"<div class=\"wpb-content-wrapper\"><section class=\"vc_row wpb_row vc_row-fluid\"><div class=\"wpb_column vc_column_container vc_col-sm-12  col-xs-mobile-fullwidth\"><div class=\"vc_column-inner vc_custom_1538075900939\"><div class=\"wpb_wrapper\">\n\t<div  class=\"wpb_single_image wpb_content_element vc_align_center\">\n\t\t\n\t\t<figure class=\"wpb_wrapper vc_figure\">\n\t\t\t<div class=\"vc_single_image-wrapper   vc_box_border_grey\"><img loading=\"lazy\" decoding=\"async\" width=\"1170\" height=\"370\" src=\"https:\/\/giesstechnik.de\/wp-content\/uploads\/titelbild_startseite.jpg\" class=\"vc_single_image-img attachment-full\" alt=\"\" title=\"titelbild_startseite\" srcset=\"https:\/\/giesstechnik.de\/wp-content\/uploads\/titelbild_startseite.jpg 1170w, https:\/\/giesstechnik.de\/wp-content\/uploads\/titelbild_startseite-300x95.jpg 300w, https:\/\/giesstechnik.de\/wp-content\/uploads\/titelbild_startseite-768x243.jpg 768w, https:\/\/giesstechnik.de\/wp-content\/uploads\/titelbild_startseite-1024x324.jpg 1024w, https:\/\/giesstechnik.de\/wp-content\/uploads\/titelbild_startseite-81x26.jpg 81w\" sizes=\"auto, (max-width: 1170px) 100vw, 1170px\" \/><\/div>\n\t\t<\/figure>\n\t<\/div>\n<\/div><\/div><\/div><\/section><section class=\"vc_row wpb_row vc_row-fluid\"><div class=\"wpb_column vc_column_container vc_col-sm-12  col-xs-mobile-fullwidth\"><div class=\"vc_column-inner\"><div class=\"wpb_wrapper\"><div id=\"mainnav\" class=\"vc_wp_custommenu wpb_content_element\"><div class=\"widget widget_nav_menu\"><div class=\"menu-hauptnavi-container\"><ul id=\"menu-hauptnavi\" class=\"menu\"><li id=\"menu-item-547\" class=\"menu-item menu-item-type-post_type menu-item-object-page menu-item-home menu-item-547\"><a href=\"https:\/\/giesstechnik.de\/en\/\">starting page<\/a><\/li>\n<li id=\"menu-item-1807\" class=\"menu-item menu-item-type-post_type menu-item-object-page menu-item-1807\"><a href=\"https:\/\/giesstechnik.de\/en\/news\/\">News<\/a><\/li>\n<li id=\"menu-item-275\" class=\"menu-item menu-item-type-post_type menu-item-object-page menu-item-275\"><a href=\"https:\/\/giesstechnik.de\/en\/leistungsbereich\/\">Product program<\/a><\/li>\n<li id=\"menu-item-190\" class=\"menu-item menu-item-type-post_type menu-item-object-page menu-item-190\"><a href=\"https:\/\/giesstechnik.de\/en\/unternehmen\/\">company<\/a><\/li>\n<li id=\"menu-item-433\" class=\"menu-item menu-item-type-post_type menu-item-object-page menu-item-433\"><a href=\"https:\/\/giesstechnik.de\/en\/stellenangebote\/\">vacancies<\/a><\/li>\n<\/ul><\/div><\/div><\/div><\/div><\/div><\/div><\/section><section id=\"maincontent\" class=\"vc_section vc_custom_1538079055995 vc_section-has-fill\"><section class=\"vc_row wpb_row vc_row-fluid\"><div class=\"wpb_column vc_column_container vc_col-has-fill subMenu vc_col-sm-3  col-xs-mobile-fullwidth\"><div class=\"vc_column-inner vc_custom_1539132447521\"><div class=\"wpb_wrapper\"><div  class=\"vc_wp_custommenu wpb_content_element submenu\"><div class=\"widget widget_nav_menu\"><div class=\"menu-menue-feuerloescher-container\"><ul id=\"menu-menue-feuerloescher\" class=\"menu\"><li id=\"menu-item-1812\" class=\"menu-item menu-item-type-post_type menu-item-object-page menu-item-1812\"><a href=\"https:\/\/giesstechnik.de\/en\/leistungsbereich\/anlagenbau\/\">plant-construction<\/a><\/li>\n<li id=\"menu-item-1813\" class=\"menu-item menu-item-type-post_type menu-item-object-page menu-item-1813\"><a href=\"https:\/\/giesstechnik.de\/en\/leistungsbereich\/ersatzteile\/\">spare-parts<\/a><\/li>\n<li id=\"menu-item-1814\" class=\"menu-item menu-item-type-post_type menu-item-object-page menu-item-has-children menu-item-1814\"><a href=\"https:\/\/giesstechnik.de\/en\/leistungsbereich\/feuerloescher\/\">fire extinguisher<\/a>\n<ul class=\"sub-menu\">\n\t<li id=\"menu-item-1817\" class=\"menu-item menu-item-type-post_type menu-item-object-page menu-item-1817\"><a href=\"https:\/\/giesstechnik.de\/en\/leistungsbereich\/feuerloescher\/loeschpulver\/\">L\u00f6schpulver<\/a><\/li>\n\t<li id=\"menu-item-1818\" class=\"menu-item menu-item-type-post_type menu-item-object-page menu-item-1818\"><a href=\"https:\/\/giesstechnik.de\/en\/leistungsbereich\/feuerloescher\/pulverloescher\/\">Pulverl\u00f6scher<\/a><\/li>\n\t<li id=\"menu-item-1819\" class=\"menu-item menu-item-type-post_type menu-item-object-page menu-item-1819\"><a href=\"https:\/\/giesstechnik.de\/en\/leistungsbereich\/feuerloescher\/sicherheitsdatenblatt\/\">Sicherheitsdatenblatt gem\u00e4\u00df 91\/155\/EWG<\/a><\/li>\n\t<li id=\"menu-item-1820\" class=\"menu-item menu-item-type-post_type menu-item-object-page menu-item-1820\"><a href=\"https:\/\/giesstechnik.de\/en\/leistungsbereich\/feuerloescher\/merkblatt\/\">Technisches Merkblatt L\u00f6schpulver<\/a><\/li>\n\t<li id=\"menu-item-1816\" class=\"menu-item menu-item-type-post_type menu-item-object-page menu-item-1816\"><a href=\"https:\/\/giesstechnik.de\/en\/leistungsbereich\/feuerloescher\/instandhaltungsanweisung\/\">Instandhaltungsanweisung<\/a><\/li>\n\t<li id=\"menu-item-1815\" class=\"menu-item menu-item-type-post_type menu-item-object-page menu-item-1815\"><a href=\"https:\/\/giesstechnik.de\/en\/leistungsbereich\/feuerloescher\/download\/\">Downloads<\/a><\/li>\n<\/ul>\n<\/li>\n<li id=\"menu-item-2225\" class=\"menu-item menu-item-type-post_type menu-item-object-page menu-item-2225\"><a href=\"https:\/\/giesstechnik.de\/en\/leistungsbereich\/schulungen\/\">training \/ process \/ optimization<\/a><\/li>\n<li id=\"menu-item-2224\" class=\"menu-item menu-item-type-post_type menu-item-object-page menu-item-2224\"><a href=\"https:\/\/giesstechnik.de\/en\/leistungsbereich\/wartung\/\">maintenance \/ service<\/a><\/li>\n<\/ul><\/div><\/div><\/div><\/div><\/div><\/div><div class=\"wpb_column vc_column_container vc_col-sm-9  col-xs-mobile-fullwidth\"><div class=\"vc_column-inner\"><div class=\"wpb_wrapper\"><div class=\"vc_row wpb_row vc_inner vc_row-fluid\"><div class=\"wpb_column vc_column_container vc_col-sm-12  col-xs-mobile-fullwidth\"><div class=\"vc_column-inner\"><div class=\"wpb_wrapper\"><div class=\"last-paragraph-no-margin\"><h2><\/h2>\n<h2><\/h2>\n<h2><\/h2>\n<h1 style=\"text-align: left;\"><a href=\"http:\/\/giesstechnik.de\/wp-content\/uploads\/L\u00f6schpulver\/2019-03-02-Sicherheitsdatenblatt-MagMetall.pdf\">Sicherheitsdatenblatt gem\u00e4\u00df 91\/155\/EWG<\/a><\/h1>\n<\/div><\/div><\/div><\/div><\/div><div class=\"vc_row wpb_row vc_inner vc_row-fluid\"><div class=\"wpb_column vc_column_container vc_col-sm-12  col-xs-mobile-fullwidth\"><div class=\"vc_column-inner\"><div class=\"wpb_wrapper\"><div class=\"last-paragraph-no-margin\"><p style=\"text-align: center;\"><strong>1. Stoff-\/Zubereitungs- und Firmenbezeichnung<\/strong><\/p>\n<p>Bezeichnung:<strong> Furex-MagMetall L\u00f6schpulver<\/strong><br \/>\nBM-Benennung: LOESCHABDECKSALZ, Metallabdeckung aus Schmelzesalzbasis<br \/>\nGG-GIESSTECHNIK GmbH &amp; Co. KG<br \/>\nHoehenstrasse 33<br \/>\nGER-51588 Nuembrecht<br \/>\nTel.: +49 2293937750<br \/>\nE-Mail: info@giesstechnik.de<br \/>\nHandelsname: <strong>MagMetall<\/strong><br \/>\nProdukt Nr.: 2017000691<\/p>\n<p style=\"text-align: center;\"><strong>2. Zusammensetzung\/Angaben zu Bestandteilen<\/strong><\/p>\n<p>Chemische Charakterisierung und Zubereitung<br \/>\nZubereitung besteht aus: Salze anorganischer S\u00e4uren,<br \/>\n<strong>Bestandteile\u00a0\u00a0\u00a0\u00a0\u00a0\u00a0\u00a0\u00a0\u00a0\u00a0\u00a0\u00a0 Gefahrensymbol(e) \u00a0\u00a0\u00a0\u00a0\u00a0\u00a0\u00a0\u00a0\u00a0\u00a0\u00a0\u00a0 R-S\u00e4tze Gehalt<\/strong><br \/>\nKaliumchlorid\u00a0\u00a0\u00a0\u00a0\u00a0\u00a0\u00a0\u00a0\u00a0\u00a0\u00a0\u00a0\u00a0\u00a0\u00a0\u00a0\u00a0\u00a0\u00a0\u00a0\u00a0\u00a0\u00a0\u00a0 entf\u00e4llt\u00a0\u00a0\u00a0\u00a0\u00a0\u00a0\u00a0\u00a0\u00a0\u00a0\u00a0\u00a0\u00a0\u00a0\u00a0\u00a0\u00a0\u00a0\u00a0\u00a0\u00a0\u00a0\u00a0\u00a0\u00a0\u00a0\u00a0\u00a0\u00a0\u00a0\u00a0\u00a0\u00a0\u00a0\u00a0\u00a0\u00a0\u00a0\u00a0\u00a0 entf\u00e4llt<br \/>\nMagnesiumchlorid\u00a0\u00a0\u00a0\u00a0\u00a0\u00a0\u00a0\u00a0\u00a0\u00a0\u00a0\u00a0\u00a0\u00a0\u00a0\u00a0 entf\u00e4llt \u00a0\u00a0\u00a0\u00a0\u00a0\u00a0\u00a0\u00a0\u00a0\u00a0\u00a0\u00a0\u00a0\u00a0\u00a0\u00a0\u00a0\u00a0\u00a0\u00a0\u00a0\u00a0\u00a0\u00a0\u00a0\u00a0\u00a0\u00a0\u00a0\u00a0\u00a0\u00a0\u00a0\u00a0\u00a0\u00a0\u00a0\u00a0\u00a0 entf\u00e4llt<br \/>\nNatriumchlorid\u00a0\u00a0\u00a0\u00a0\u00a0\u00a0\u00a0\u00a0\u00a0\u00a0\u00a0\u00a0\u00a0\u00a0\u00a0\u00a0\u00a0\u00a0\u00a0\u00a0\u00a0\u00a0 entf\u00e4llt \u00a0\u00a0\u00a0\u00a0\u00a0\u00a0\u00a0\u00a0\u00a0\u00a0\u00a0\u00a0\u00a0\u00a0\u00a0\u00a0\u00a0\u00a0\u00a0\u00a0\u00a0\u00a0\u00a0\u00a0\u00a0\u00a0\u00a0\u00a0\u00a0\u00a0\u00a0\u00a0\u00a0\u00a0\u00a0\u00a0\u00a0\u00a0\u00a0 entf\u00e4llt<br \/>\nHilfs- und Zusatzmittel\u00a0\u00a0\u00a0\u00a0\u00a0\u00a0\u00a0\u00a0 entf\u00e4llt \u00a0\u00a0\u00a0\u00a0\u00a0\u00a0\u00a0\u00a0\u00a0\u00a0\u00a0\u00a0\u00a0\u00a0\u00a0\u00a0\u00a0\u00a0\u00a0\u00a0\u00a0\u00a0\u00a0\u00a0\u00a0\u00a0\u00a0\u00a0\u00a0\u00a0\u00a0\u00a0\u00a0\u00a0\u00a0\u00a0\u00a0\u00a0\u00a0 entf\u00e4llt<\/p>\n<p style=\"text-align: center;\"><strong>3. M\u00f6gliche Gefahren<\/strong><\/p>\n<p>Gefahrenbezeichnung:<br \/>\nDas Produkt ist nach EG-Richtlinien\/ GefStoffV nicht kennzeichnungspflichtig.<br \/>\nF\u00fcr Mensch und Umwelt: Reizen die Augen, Atmungsorgane und die Haut.<\/p>\n<p style=\"text-align: center;\"><strong>4. Erste-Hilfe-Massnahmen<\/strong><\/p>\n<p>Augenkontakt: Augen sofort bei ge\u00f6ffnetem Lid spalt mehrere Minuten mit flie\u00dfendem Wasser aussp\u00fclen, falls vorhanden Augensp\u00fclflasche ben\u00fctzen, anschlie\u00dfend ggf. Arzt aufsuchen.<br \/>\nHautkontakt: Mit Wasser und Seife gr\u00fcndlich abwaschen.<br \/>\nEinatmen: Nase, Mund und Kehle (gurgeln) mit Wasser sp\u00fclen.<br \/>\nVerschlucken: Ist der Betroffene bei Bewusstsein, Mund mit Wasser aussp\u00fclen, viel Wasser nach trinken, kein Erbrechen herbeif\u00fchren, sofort Arzt verst\u00e4ndigen. Bei Bewusstlosigkeit Lagerung und Transport in stabiler Seitenlage.<\/p>\n<p style=\"text-align: center;\"><strong>5. Massnahmen zur Brandbek\u00e4mpfung<\/strong><\/p>\n<p>Besondere Gef\u00e4hrdung: Material ist nicht brennbar.<\/p>\n<p style=\"text-align: center;\"><strong>6. Massnahmen bei unbeabsichtigter Freisetzung<\/strong><\/p>\n<p>Personenbezogene Vorsichtsma\u00dfnahmen:<br \/>\nBer\u00fchrung mit den Augen und der Haut vermeiden.<br \/>\nStaub nicht einatmen.<br \/>\nVerfahren zur Reinigung: Produkt mechanisch aufnehmen und ordnungsgem\u00e4\u00df entsorgen.<\/p>\n<p style=\"text-align: center;\"><strong>7. Handhabung und Lagerung<\/strong><\/p>\n<p>Anforderung Lagerr\u00e4ume: Vor Feuchtigkeit sch\u00fctzen. Trocken lagern.<br \/>\nProdukt ist hygroskopisch.<\/p>\n<p style=\"text-align: center;\"><strong>8. Expositionsbegrenzung und pers\u00f6nliche Schutzausr\u00fcstung<\/strong><\/p>\n<p>Pers\u00f6nliche Schutzausr\u00fcstung<br \/>\nAtemschutz: Beim Auftreten atembarer St\u00e4ube Filter P1 (f\u00fcr feste Partikel)<br \/>\nAugenschutz: Schutzbrille mit Seitenschutz<br \/>\nHandschutz: Schutzhandschuhe ausfolgendem Material tragen: Gummi,<br \/>\nHygienema\u00dfnahmen: F\u00fcr Hautreinigung und Hautpflege mit Creme sorgen.<\/p>\n<p style=\"text-align: center;\"><strong>9. Physikalische und chemische Eigenschaften<\/strong><\/p>\n<p>Lieferform: Pulver<br \/>\nAggregatzustand: pulverf\u00f6rmig<br \/>\nFarbe: wei\u00df\/beige<br \/>\nGeruch: geruchsfrei<br \/>\nSicherheitsrelevante Daten<br \/>\nSchmelzpunk: &gt; 350 Grad C<br \/>\nSch\u00fcttdichte: 77 + 7 g\/100ml<br \/>\nL\u00f6slichkeit: teilweise mischbar in\/mit Wasser 300 .. 450 g\/l.<br \/>\npH &#8211; Wert (qual.): schwach alkalisch pH &lt; 9,0 + &#8211; 0,2<\/p>\n<p style=\"text-align: center;\"><strong>10. Stabilit\u00e4t und Reaktivit\u00e4t<\/strong><\/p>\n<p>Gef\u00e4hrliche Reaktionen (zu vermeidende Bedingungen) Hohen Temperaturen, W\u00e4rmequellen.<\/p>\n<p style=\"text-align: center;\"><strong>11. Angaben zur Toxikologie Subakute bis chronische Toxizit\u00e4t<\/strong><\/p>\n<p>Hautkontakt<br \/>\nSymptome: Langandauernde oder wiederholte Ber\u00fchrung mit der Haut und mit der Kleidung, die mit dem Produkt durchfeuchtet ist, kann eine Hautentz\u00fcndung hervorrufen.<br \/>\nEinatmen<br \/>\nSymptome: Wiederholte oder l\u00e4ngere Einwirkung kann die Atemwege sch\u00e4digen.<\/p>\n<p style=\"text-align: center;\"><strong>12. Angaben zur \u00d6kologie Angaben zur Elimination<\/strong><\/p>\n<p>Biologische Abbaubarkeit Wasser;<br \/>\nBemerkung: Das Produkt unterliegt aufgrund seines mineralischen Ursprungs keinem nennenswerten biologischen Abbau.<\/p>\n<p style=\"text-align: center;\"><strong>13. Hinweise zur Entsorgung<\/strong><\/p>\n<p>Abfallschl\u00fcsselnummer: 060314 ((EAK) feste Salze und L\u00f6sungen mit Ausnahme derjenigen, die unter 060311 und 060313 fallen).<\/p>\n<p style=\"text-align: center;\"><strong>14. Angaben zum Transport<\/strong><\/p>\n<p>Landtransport ADR\/RID Kein Gefahrgut im Sinne der oben erw\u00e4hnten Vorschriften<\/p>\n<p style=\"text-align: center;\"><strong>15. Vorschriften<\/strong><\/p>\n<p>Kennzeichnung nach EG-Richtlinie<br \/>\nEinstufung: Das Produkt ist nach EG-Richtlinien\/GefStoffV nicht kennzeichnungspflichtig.<br \/>\nS-S\u00e4tze:<br \/>\n(2) Darf nicht in die H\u00e4nde von Kindern gelangen.<br \/>\n(8) Beh\u00e4lter trocken halten.<br \/>\n(22) Staub nicht einatmen.<br \/>\n(24) Ber\u00fchrung mit der Haut vermeiden.<br \/>\n(25) Ber\u00fchrung mit den Augen vermeiden.<br \/>\n(26) Bei Ber\u00fchrung mit den Augen sofort gr\u00fcndlich mit Wasser<br \/>\nabsp\u00fclen und Arzt konsultieren.<br \/>\nWassergef\u00e4hrdungsklasse WGK 1 (schwach wassergef\u00e4hrdend), Mischungsregel gem. Anhang 2 der<br \/>\nVerwaltungsvorschrift wassergef\u00e4hrdende Stoffe<br \/>\nSonstige Vorschriften, Beschr\u00e4nkungen und Verbotsverordnungen<br \/>\nVerordnung brennbare Fl\u00fcssigkeiten (VbF): entf\u00e4llt<\/p>\n<p style=\"text-align: center;\"><strong>16. sonstige Angaben<\/strong><\/p>\n<p>Alle Angaben st\u00fctzen sich auf den heutigen Stand der Kenntnisse unserer Lieferanten.<br \/>\nDas Sicherheitsdatenblatt beschreibt Produkte im Hinblick auf Sicherheitserfordernisse.<\/p>\n<p>&nbsp;<\/p>\n<p>&nbsp;<\/p>\n<p>&nbsp;<\/p>\n<\/div><\/div><\/div><\/div><\/div><\/div><\/div><\/div><\/section><\/section>\n<\/div>","protected":false},"excerpt":{"rendered":"Startseite News Leistungsbereich Unternehmen Stellenangebote Anlagenbau Ersatzteile Feuerl\u00f6scher L\u00f6schpulver Pulverl\u00f6scher Sicherheitsdatenblatt gem\u00e4\u00df 91\/155\/EWG Technisches Merkblatt L\u00f6schpulver Instandhaltungsanweisung Downloads Schulungen\/Prozessanalyse\/Optimierung Wartung \/ Service Sicherheitsdatenblatt gem\u00e4\u00df 91\/155\/EWG 1. Stoff-\/Zubereitungs- und Firmenbezeichnung Bezeichnung: Furex-MagMetall L\u00f6schpulver BM-Benennung: LOESCHABDECKSALZ, Metallabdeckung aus Schmelzesalzbasis GG-GIESSTECHNIK GmbH &amp; Co. KG H\u00f6henstra\u00dfe 33 D-51588 N\u00fcmbrecht Tel.: +49 2293937750 E-Mail: info@giesstechnik.de Handelsname: MagMetall Produkt Nr.: 2017000691 2. Zusammensetzung\/Angaben zu Bestandteilen Chemische Charakterisierung und Zubereitung Zubereitung besteht aus: Salze anorganischer S\u00e4uren, Bestandteile\u00a0\u00a0\u00a0\u00a0\u00a0\u00a0\u00a0\u00a0\u00a0\u00a0\u00a0\u00a0 Gefahrensymbol(e) \u00a0\u00a0\u00a0\u00a0\u00a0\u00a0\u00a0\u00a0\u00a0\u00a0\u00a0\u00a0 R-S\u00e4tze Gehalt Kaliumchlorid\u00a0\u00a0\u00a0\u00a0\u00a0\u00a0\u00a0\u00a0\u00a0\u00a0\u00a0\u00a0\u00a0\u00a0\u00a0\u00a0\u00a0\u00a0\u00a0\u00a0\u00a0\u00a0\u00a0\u00a0 entf\u00e4llt\u00a0\u00a0\u00a0\u00a0\u00a0\u00a0\u00a0\u00a0\u00a0\u00a0\u00a0\u00a0\u00a0\u00a0\u00a0\u00a0\u00a0\u00a0\u00a0\u00a0\u00a0\u00a0\u00a0\u00a0\u00a0\u00a0\u00a0\u00a0\u00a0\u00a0\u00a0\u00a0\u00a0\u00a0\u00a0\u00a0\u00a0\u00a0\u00a0\u00a0 entf\u00e4llt Magnesiumchlorid\u00a0\u00a0\u00a0\u00a0\u00a0\u00a0\u00a0\u00a0\u00a0\u00a0\u00a0\u00a0\u00a0\u00a0\u00a0\u00a0 entf\u00e4llt \u00a0\u00a0\u00a0\u00a0\u00a0\u00a0\u00a0\u00a0\u00a0\u00a0\u00a0\u00a0\u00a0\u00a0\u00a0\u00a0\u00a0\u00a0\u00a0\u00a0\u00a0\u00a0\u00a0\u00a0\u00a0\u00a0\u00a0\u00a0\u00a0\u00a0\u00a0\u00a0\u00a0\u00a0\u00a0\u00a0\u00a0\u00a0\u00a0 entf\u00e4llt Natriumchlorid\u00a0\u00a0\u00a0\u00a0\u00a0\u00a0\u00a0\u00a0\u00a0\u00a0\u00a0\u00a0\u00a0\u00a0\u00a0\u00a0\u00a0\u00a0\u00a0\u00a0\u00a0\u00a0 entf\u00e4llt \u00a0\u00a0\u00a0\u00a0\u00a0\u00a0\u00a0\u00a0\u00a0\u00a0\u00a0\u00a0\u00a0\u00a0\u00a0\u00a0\u00a0\u00a0\u00a0\u00a0\u00a0\u00a0\u00a0\u00a0\u00a0\u00a0\u00a0\u00a0\u00a0\u00a0\u00a0\u00a0\u00a0\u00a0\u00a0\u00a0\u00a0\u00a0\u00a0 entf\u00e4llt Hilfs- und Zusatzmittel\u00a0\u00a0\u00a0\u00a0\u00a0\u00a0\u00a0\u00a0 entf\u00e4llt \u00a0\u00a0\u00a0\u00a0\u00a0\u00a0\u00a0\u00a0\u00a0\u00a0\u00a0\u00a0\u00a0\u00a0\u00a0\u00a0\u00a0\u00a0\u00a0\u00a0\u00a0\u00a0\u00a0\u00a0\u00a0\u00a0\u00a0\u00a0\u00a0\u00a0\u00a0\u00a0\u00a0\u00a0\u00a0\u00a0\u00a0\u00a0\u00a0 entf\u00e4llt 3. M\u00f6gliche Gefahren Gefahrenbezeichnung: Das Produkt ist nach EG-Richtlinien\/ GefStoffV nicht kennzeichnungspflichtig. F\u00fcr Mensch und Umwelt: Reizen die Augen, Atmungsorgane und die Haut. 4. Erste-Hilfe-Massnahmen Augenkontakt: Augen sofort bei ge\u00f6ffnetem Lid spalt mehrere Minuten mit flie\u00dfendem Wasser aussp\u00fclen, falls vorhanden Augensp\u00fclflasche ben\u00fctzen, anschlie\u00dfend ggf. Arzt aufsuchen. Hautkontakt: Mit Wasser und Seife gr\u00fcndlich abwaschen. Einatmen: Nase, Mund und Kehle (gurgeln) mit Wasser sp\u00fclen. Verschlucken: Ist der Betroffene bei Bewusstsein, Mund mit Wasser aussp\u00fclen, viel Wasser nach trinken, kein Erbrechen herbeif\u00fchren, sofort Arzt verst\u00e4ndigen. Bei Bewusstlosigkeit Lagerung und Transport in stabiler Seitenlage. 5. Massnahmen zur Brandbek\u00e4mpfung Besondere Gef\u00e4hrdung: Material ist nicht brennbar. 6. Massnahmen bei unbeabsichtigter Freisetzung Personenbezogene Vorsichtsma\u00dfnahmen: Ber\u00fchrung...","protected":false},"author":5,"featured_media":0,"parent":1089,"menu_order":0,"comment_status":"closed","ping_status":"closed","template":"","meta":{"footnotes":""},"class_list":["post-1154","page","type-page","status-publish","hentry"],"_links":{"self":[{"href":"https:\/\/giesstechnik.de\/en\/wp-json\/wp\/v2\/pages\/1154","targetHints":{"allow":["GET"]}}],"collection":[{"href":"https:\/\/giesstechnik.de\/en\/wp-json\/wp\/v2\/pages"}],"about":[{"href":"https:\/\/giesstechnik.de\/en\/wp-json\/wp\/v2\/types\/page"}],"author":[{"embeddable":true,"href":"https:\/\/giesstechnik.de\/en\/wp-json\/wp\/v2\/users\/5"}],"replies":[{"embeddable":true,"href":"https:\/\/giesstechnik.de\/en\/wp-json\/wp\/v2\/comments?post=1154"}],"version-history":[{"count":6,"href":"https:\/\/giesstechnik.de\/en\/wp-json\/wp\/v2\/pages\/1154\/revisions"}],"predecessor-version":[{"id":2256,"href":"https:\/\/giesstechnik.de\/en\/wp-json\/wp\/v2\/pages\/1154\/revisions\/2256"}],"up":[{"embeddable":true,"href":"https:\/\/giesstechnik.de\/en\/wp-json\/wp\/v2\/pages\/1089"}],"wp:attachment":[{"href":"https:\/\/giesstechnik.de\/en\/wp-json\/wp\/v2\/media?parent=1154"}],"curies":[{"name":"wp","href":"https:\/\/api.w.org\/{rel}","templated":true}]}}