{"id":1166,"date":"2019-05-02T17:31:02","date_gmt":"2019-05-02T15:31:02","guid":{"rendered":"http:\/\/giesstechnik.de\/?page_id=1166"},"modified":"2023-11-16T14:50:46","modified_gmt":"2023-11-16T13:50:46","slug":"merkblatt","status":"publish","type":"page","link":"https:\/\/giesstechnik.de\/en\/leistungsbereich\/feuerloescher\/merkblatt\/","title":{"rendered":"Technisches Merkblatt L\u00f6schpulver &#8211; D"},"content":{"rendered":"<div class=\"wpb-content-wrapper\"><section class=\"vc_row wpb_row vc_row-fluid\"><div class=\"wpb_column vc_column_container vc_col-sm-12  col-xs-mobile-fullwidth\"><div class=\"vc_column-inner vc_custom_1538075900939\"><div class=\"wpb_wrapper\">\n\t<div  class=\"wpb_single_image wpb_content_element vc_align_center\">\n\t\t\n\t\t<figure class=\"wpb_wrapper vc_figure\">\n\t\t\t<div class=\"vc_single_image-wrapper   vc_box_border_grey\"><img loading=\"lazy\" decoding=\"async\" width=\"1170\" height=\"370\" src=\"https:\/\/giesstechnik.de\/wp-content\/uploads\/titelbild_startseite.jpg\" class=\"vc_single_image-img attachment-full\" alt=\"\" title=\"titelbild_startseite\" srcset=\"https:\/\/giesstechnik.de\/wp-content\/uploads\/titelbild_startseite.jpg 1170w, https:\/\/giesstechnik.de\/wp-content\/uploads\/titelbild_startseite-300x95.jpg 300w, https:\/\/giesstechnik.de\/wp-content\/uploads\/titelbild_startseite-768x243.jpg 768w, https:\/\/giesstechnik.de\/wp-content\/uploads\/titelbild_startseite-1024x324.jpg 1024w, https:\/\/giesstechnik.de\/wp-content\/uploads\/titelbild_startseite-81x26.jpg 81w\" sizes=\"auto, (max-width: 1170px) 100vw, 1170px\" \/><\/div>\n\t\t<\/figure>\n\t<\/div>\n<\/div><\/div><\/div><\/section><section class=\"vc_row wpb_row vc_row-fluid\"><div class=\"wpb_column vc_column_container vc_col-sm-12  col-xs-mobile-fullwidth\"><div class=\"vc_column-inner\"><div class=\"wpb_wrapper\"><div id=\"mainnav\" class=\"vc_wp_custommenu wpb_content_element\"><div class=\"widget widget_nav_menu\"><div class=\"menu-hauptnavi-container\"><ul id=\"menu-hauptnavi\" class=\"menu\"><li id=\"menu-item-547\" class=\"menu-item menu-item-type-post_type menu-item-object-page menu-item-home menu-item-547\"><a href=\"https:\/\/giesstechnik.de\/en\/\">starting page<\/a><\/li>\n<li id=\"menu-item-1807\" class=\"menu-item menu-item-type-post_type menu-item-object-page menu-item-1807\"><a href=\"https:\/\/giesstechnik.de\/en\/news\/\">News<\/a><\/li>\n<li id=\"menu-item-275\" class=\"menu-item menu-item-type-post_type menu-item-object-page menu-item-275\"><a href=\"https:\/\/giesstechnik.de\/en\/leistungsbereich\/\">Product program<\/a><\/li>\n<li id=\"menu-item-190\" class=\"menu-item menu-item-type-post_type menu-item-object-page menu-item-190\"><a href=\"https:\/\/giesstechnik.de\/en\/unternehmen\/\">company<\/a><\/li>\n<li id=\"menu-item-433\" class=\"menu-item menu-item-type-post_type menu-item-object-page menu-item-433\"><a href=\"https:\/\/giesstechnik.de\/en\/stellenangebote\/\">vacancies<\/a><\/li>\n<\/ul><\/div><\/div><\/div><\/div><\/div><\/div><\/section><section id=\"maincontent\" class=\"vc_section vc_custom_1538079055995 vc_section-has-fill\"><section class=\"vc_row wpb_row vc_row-fluid\"><div class=\"wpb_column vc_column_container vc_col-has-fill subMenu vc_col-sm-3  col-xs-mobile-fullwidth\"><div class=\"vc_column-inner vc_custom_1539132447521\"><div class=\"wpb_wrapper\"><div  class=\"vc_wp_custommenu wpb_content_element submenu\"><div class=\"widget widget_nav_menu\"><div class=\"menu-menue-feuerloescher-container\"><ul id=\"menu-menue-feuerloescher\" class=\"menu\"><li id=\"menu-item-1812\" class=\"menu-item menu-item-type-post_type menu-item-object-page menu-item-1812\"><a href=\"https:\/\/giesstechnik.de\/en\/leistungsbereich\/anlagenbau\/\">plant-construction<\/a><\/li>\n<li id=\"menu-item-1813\" class=\"menu-item menu-item-type-post_type menu-item-object-page menu-item-1813\"><a href=\"https:\/\/giesstechnik.de\/en\/leistungsbereich\/ersatzteile\/\">spare-parts<\/a><\/li>\n<li id=\"menu-item-1814\" class=\"menu-item menu-item-type-post_type menu-item-object-page menu-item-has-children menu-item-1814\"><a href=\"https:\/\/giesstechnik.de\/en\/leistungsbereich\/feuerloescher\/\">fire extinguisher<\/a>\n<ul class=\"sub-menu\">\n\t<li id=\"menu-item-1817\" class=\"menu-item menu-item-type-post_type menu-item-object-page menu-item-1817\"><a href=\"https:\/\/giesstechnik.de\/en\/leistungsbereich\/feuerloescher\/loeschpulver\/\">L\u00f6schpulver<\/a><\/li>\n\t<li id=\"menu-item-1818\" class=\"menu-item menu-item-type-post_type menu-item-object-page menu-item-1818\"><a href=\"https:\/\/giesstechnik.de\/en\/leistungsbereich\/feuerloescher\/pulverloescher\/\">Pulverl\u00f6scher<\/a><\/li>\n\t<li id=\"menu-item-1819\" class=\"menu-item menu-item-type-post_type menu-item-object-page menu-item-1819\"><a href=\"https:\/\/giesstechnik.de\/en\/leistungsbereich\/feuerloescher\/sicherheitsdatenblatt\/\">Sicherheitsdatenblatt gem\u00e4\u00df 91\/155\/EWG<\/a><\/li>\n\t<li id=\"menu-item-1820\" class=\"menu-item menu-item-type-post_type menu-item-object-page menu-item-1820\"><a href=\"https:\/\/giesstechnik.de\/en\/leistungsbereich\/feuerloescher\/merkblatt\/\">Technisches Merkblatt L\u00f6schpulver<\/a><\/li>\n\t<li id=\"menu-item-1816\" class=\"menu-item menu-item-type-post_type menu-item-object-page menu-item-1816\"><a href=\"https:\/\/giesstechnik.de\/en\/leistungsbereich\/feuerloescher\/instandhaltungsanweisung\/\">Instandhaltungsanweisung<\/a><\/li>\n\t<li id=\"menu-item-1815\" class=\"menu-item menu-item-type-post_type menu-item-object-page menu-item-1815\"><a href=\"https:\/\/giesstechnik.de\/en\/leistungsbereich\/feuerloescher\/download\/\">Downloads<\/a><\/li>\n<\/ul>\n<\/li>\n<li id=\"menu-item-2225\" class=\"menu-item menu-item-type-post_type menu-item-object-page menu-item-2225\"><a href=\"https:\/\/giesstechnik.de\/en\/leistungsbereich\/schulungen\/\">training \/ process \/ optimization<\/a><\/li>\n<li id=\"menu-item-2224\" class=\"menu-item menu-item-type-post_type menu-item-object-page menu-item-2224\"><a href=\"https:\/\/giesstechnik.de\/en\/leistungsbereich\/wartung\/\">maintenance \/ service<\/a><\/li>\n<\/ul><\/div><\/div><\/div><\/div><\/div><\/div><div class=\"wpb_column vc_column_container vc_col-sm-9  col-xs-mobile-fullwidth\"><div class=\"vc_column-inner\"><div class=\"wpb_wrapper\"><div class=\"vc_row wpb_row vc_inner vc_row-fluid\"><div class=\"wpb_column vc_column_container vc_col-sm-12  col-xs-mobile-fullwidth\"><div class=\"vc_column-inner\"><div class=\"wpb_wrapper\"><div class=\"last-paragraph-no-margin\"><h2><\/h2>\n<h2><\/h2>\n<h2><\/h2>\n<h1 style=\"text-align: left;\"><a href=\"http:\/\/giesstechnik.de\/wp-content\/uploads\/L\u00f6schpulver\/2019-03-02-Technisches-Merkblatt-MagMetall.pdf\">Technisches Merkblatt L\u00f6schpulver<\/a><\/h1>\n<\/div><\/div><\/div><\/div><\/div><div class=\"vc_row wpb_row vc_inner vc_row-fluid\"><div class=\"wpb_column vc_column_container vc_col-sm-12  col-xs-mobile-fullwidth\"><div class=\"vc_column-inner\"><div class=\"wpb_wrapper\"><div class=\"last-paragraph-no-margin\"><table width=\"633\">\n<tbody>\n<tr>\n<td width=\"195\"><\/td>\n<td width=\"66\"><\/td>\n<td width=\"373\"><strong>Furex-MagMetall<\/strong><\/td>\n<\/tr>\n<tr>\n<td width=\"195\"><strong>Verwendung <\/strong><\/td>\n<td width=\"66\"><\/td>\n<td width=\"373\">Feuerl\u00f6schpulver f\u00fcr Metallbr\u00e4nde<\/td>\n<\/tr>\n<tr>\n<td width=\"195\"><strong>Hauptbestandteil:<\/strong><\/td>\n<td width=\"66\"><\/td>\n<td width=\"373\">Mischung von Erdallkali- bzw. Alkalichloride und Additive<\/td>\n<\/tr>\n<tr>\n<td width=\"195\"><strong>Standardfarbe:<\/strong><\/td>\n<td width=\"66\"><\/td>\n<td width=\"373\">Wei\u00df<\/td>\n<\/tr>\n<tr>\n<td width=\"195\"><strong>Sch\u00fcttgewicht:<\/strong> (nach DIN)<\/td>\n<td width=\"66\">g\/100 ml<\/td>\n<td width=\"373\">77 <u>+<\/u> 7<\/td>\n<\/tr>\n<tr>\n<td width=\"195\"><strong>Korngr\u00f6\u00dfenverteilung:<\/strong><\/p>\n<p>&gt; 40 \u00b5m<\/p>\n<p>&gt; 63 \u00b5m<\/p>\n<p>&gt; 125 \u00b5m<\/td>\n<td width=\"66\"><\/td>\n<td width=\"373\">&nbsp;<\/p>\n<p>56 <u>+<\/u> 8<\/p>\n<p>38 <u>+<\/u> 8<\/p>\n<p>10 <u>+<\/u> 5<\/td>\n<\/tr>\n<tr>\n<td width=\"195\"><strong>Temperaturbest\u00e4ndigkeit:<\/strong> von: bis:<\/td>\n<td width=\"66\">\u00b0C<\/p>\n<p>\u00b0C<\/td>\n<td width=\"373\">&nbsp;<\/p>\n<p>&#8211;\u00a0\u00a0 60<\/p>\n<p>+ 120<\/p>\n<p>&nbsp;<\/td>\n<\/tr>\n<tr>\n<td width=\"195\"><strong>Hydrophobierung:<\/strong><\/td>\n<td colspan=\"2\" width=\"439\">Alle Rohmaterialien sind sorgf\u00e4ltig ausgesucht und von h\u00f6chster Qualit\u00e4t. Mit der Zugabe von hochwertigem Silicon ist das Furexpulver, bei einem weiten Einsatzgebiet von Temperaturschwankungen und Feuchtigkeit, bestens hydrophobiert.<\/td>\n<\/tr>\n<tr>\n<td width=\"195\"><strong>Korrosion:<\/strong><\/td>\n<td colspan=\"2\" width=\"439\">Da Metallbrandpulver bei Beaufschlagung durch Regen, L\u00f6schwasser und hohe Luftfeuchtigkeit auf Metalle korrodierend wirken k\u00f6nnen, ist es empfehlenswert, solche Metalle vom Pulver zu reinigen.<\/td>\n<\/tr>\n<tr>\n<td width=\"195\"><strong>Anwendungsbereich:<\/strong><\/td>\n<td colspan=\"2\" width=\"439\">Geeignet zum Bek\u00e4mpfen von Br\u00e4nden der Klasse D einschlie\u00dflich Natrium sowie s\u00e4mtliche Leichtmetalle<\/td>\n<\/tr>\n<tr>\n<td width=\"195\"><strong>Gesundheitliche Unbedenklichkeit:<\/strong><\/td>\n<td colspan=\"2\" width=\"439\">Es bestehen keine toxikologischen Bedenken gegen die Handhabung von MagMetall und dessen Einsatz im Brandfalle.<\/td>\n<\/tr>\n<tr>\n<td width=\"195\"><strong>Haltbarkeitsgarantie:<\/strong><\/td>\n<td colspan=\"2\" width=\"439\">Bei sachgem\u00e4\u00dfer Lagerung tritt auch nach mehreren Jahren keine Minderung der L\u00f6schf\u00e4higkeit ein. Evtl. Blockbildung durch Lagerung auf das Produkt verschwindet, wenn das Pulver bewegt wird.<\/td>\n<\/tr>\n<tr>\n<td width=\"195\"><strong>Angaben des Herstellers: <\/strong><\/p>\n<p><strong>\u00a0<\/strong><\/p>\n<p>&nbsp;<\/p>\n<p><strong>\u00a0<\/strong><\/td>\n<td colspan=\"2\" width=\"439\">Das Vermischen von verschiedenen L\u00f6schmitteln und<\/p>\n<p>L\u00f6schmittelzus\u00e4tze kann zu Verklumpungen, Gasbildung im Beh\u00e4lter f\u00fchren. Der Hersteller \u00fcbernimmt in diesem Fall auch keine Garantie was die L\u00f6schf\u00e4higkeit des L\u00f6schmittels angeht.<\/p>\n<p>&nbsp;<\/td>\n<\/tr>\n<\/tbody>\n<\/table>\n<p><strong>Technische \u00c4nderungen vorbehalten. Mit dieser Ausgabe werden alle vorangegangenen Merkbl\u00e4tter ung\u00fcltig.<\/strong><\/p>\n<\/div><\/div><\/div><\/div><\/div><\/div><\/div><\/div><\/section><\/section>\n<\/div>","protected":false},"excerpt":{"rendered":"Startseite News Leistungsbereich Unternehmen Stellenangebote Anlagenbau Ersatzteile Feuerl\u00f6scher L\u00f6schpulver Pulverl\u00f6scher Sicherheitsdatenblatt gem\u00e4\u00df 91\/155\/EWG Technisches Merkblatt L\u00f6schpulver Instandhaltungsanweisung Downloads Schulungen\/Prozessanalyse\/Optimierung Wartung \/ Service Technisches Merkblatt L\u00f6schpulver Furex-MagMetall Verwendung Feuerl\u00f6schpulver f\u00fcr Metallbr\u00e4nde Hauptbestandteil: Mischung von Erdallkali- bzw. Alkalichloride und Additive Standardfarbe: Wei\u00df Sch\u00fcttgewicht: (nach DIN) g\/100 ml 77 + 7 Korngr\u00f6\u00dfenverteilung: &gt; 40 \u00b5m &gt; 63 \u00b5m &gt; 125 \u00b5m &nbsp; 56 + 8 38 + 8 10 + 5 Temperaturbest\u00e4ndigkeit: von: bis: \u00b0C \u00b0C &nbsp; -\u00a0\u00a0 60 + 120 &nbsp; Hydrophobierung: Alle Rohmaterialien sind sorgf\u00e4ltig ausgesucht und von h\u00f6chster Qualit\u00e4t. Mit der Zugabe von hochwertigem Silicon ist das Furexpulver, bei einem weiten Einsatzgebiet von Temperaturschwankungen und Feuchtigkeit, bestens hydrophobiert. Korrosion: Da Metallbrandpulver bei Beaufschlagung durch Regen, L\u00f6schwasser und hohe Luftfeuchtigkeit auf Metalle korrodierend wirken k\u00f6nnen, ist es empfehlenswert, solche Metalle vom Pulver zu reinigen. Anwendungsbereich: Geeignet zum Bek\u00e4mpfen von Br\u00e4nden der Klasse D einschlie\u00dflich Natrium sowie s\u00e4mtliche Leichtmetalle Gesundheitliche Unbedenklichkeit: Es bestehen keine toxikologischen Bedenken gegen die Handhabung von MagMetall und dessen Einsatz im Brandfalle. Haltbarkeitsgarantie: Bei sachgem\u00e4\u00dfer Lagerung tritt auch nach mehreren Jahren keine Minderung der L\u00f6schf\u00e4higkeit ein. Evtl. Blockbildung durch Lagerung auf das Produkt verschwindet, wenn das Pulver bewegt wird. Angaben des Herstellers: \u00a0 &nbsp; \u00a0 Das Vermischen von...","protected":false},"author":5,"featured_media":0,"parent":1089,"menu_order":0,"comment_status":"closed","ping_status":"closed","template":"","meta":{"footnotes":""},"class_list":["post-1166","page","type-page","status-publish","hentry"],"_links":{"self":[{"href":"https:\/\/giesstechnik.de\/en\/wp-json\/wp\/v2\/pages\/1166","targetHints":{"allow":["GET"]}}],"collection":[{"href":"https:\/\/giesstechnik.de\/en\/wp-json\/wp\/v2\/pages"}],"about":[{"href":"https:\/\/giesstechnik.de\/en\/wp-json\/wp\/v2\/types\/page"}],"author":[{"embeddable":true,"href":"https:\/\/giesstechnik.de\/en\/wp-json\/wp\/v2\/users\/5"}],"replies":[{"embeddable":true,"href":"https:\/\/giesstechnik.de\/en\/wp-json\/wp\/v2\/comments?post=1166"}],"version-history":[{"count":7,"href":"https:\/\/giesstechnik.de\/en\/wp-json\/wp\/v2\/pages\/1166\/revisions"}],"predecessor-version":[{"id":2257,"href":"https:\/\/giesstechnik.de\/en\/wp-json\/wp\/v2\/pages\/1166\/revisions\/2257"}],"up":[{"embeddable":true,"href":"https:\/\/giesstechnik.de\/en\/wp-json\/wp\/v2\/pages\/1089"}],"wp:attachment":[{"href":"https:\/\/giesstechnik.de\/en\/wp-json\/wp\/v2\/media?parent=1166"}],"curies":[{"name":"wp","href":"https:\/\/api.w.org\/{rel}","templated":true}]}}