{"id":1346,"date":"2019-11-05T14:49:30","date_gmt":"2019-11-05T13:49:30","guid":{"rendered":"http:\/\/giesstechnik.de\/?page_id=1346"},"modified":"2023-01-19T16:58:10","modified_gmt":"2023-01-19T15:58:10","slug":"einkammerschmelzanlage","status":"publish","type":"page","link":"https:\/\/giesstechnik.de\/en\/leistungsbereich\/anlagenbau\/einkammerschmelzanlage\/","title":{"rendered":"Einkammerschmelzanlage &#8211; D"},"content":{"rendered":"<div class=\"wpb-content-wrapper\"><section class=\"vc_row wpb_row vc_row-fluid\"><div class=\"wpb_column vc_column_container vc_col-sm-12  col-xs-mobile-fullwidth\"><div class=\"vc_column-inner vc_custom_1538075900939\"><div class=\"wpb_wrapper\">\n\t<div  class=\"wpb_single_image wpb_content_element vc_align_center\">\n\t\t\n\t\t<figure class=\"wpb_wrapper vc_figure\">\n\t\t\t<div class=\"vc_single_image-wrapper   vc_box_border_grey\"><img loading=\"lazy\" decoding=\"async\" width=\"1170\" height=\"370\" src=\"https:\/\/giesstechnik.de\/wp-content\/uploads\/titelbild_startseite.jpg\" class=\"vc_single_image-img attachment-full\" alt=\"\" title=\"titelbild_startseite\" srcset=\"https:\/\/giesstechnik.de\/wp-content\/uploads\/titelbild_startseite.jpg 1170w, https:\/\/giesstechnik.de\/wp-content\/uploads\/titelbild_startseite-300x95.jpg 300w, https:\/\/giesstechnik.de\/wp-content\/uploads\/titelbild_startseite-768x243.jpg 768w, https:\/\/giesstechnik.de\/wp-content\/uploads\/titelbild_startseite-1024x324.jpg 1024w, https:\/\/giesstechnik.de\/wp-content\/uploads\/titelbild_startseite-81x26.jpg 81w\" sizes=\"auto, (max-width: 1170px) 100vw, 1170px\" \/><\/div>\n\t\t<\/figure>\n\t<\/div>\n<\/div><\/div><\/div><\/section><section class=\"vc_row wpb_row vc_row-fluid\"><div class=\"wpb_column vc_column_container vc_col-sm-12  col-xs-mobile-fullwidth\"><div class=\"vc_column-inner\"><div class=\"wpb_wrapper\"><div id=\"mainnav\" class=\"vc_wp_custommenu wpb_content_element\"><div class=\"widget widget_nav_menu\"><div class=\"menu-hauptnavi-container\"><ul id=\"menu-hauptnavi\" class=\"menu\"><li id=\"menu-item-547\" class=\"menu-item menu-item-type-post_type menu-item-object-page menu-item-home menu-item-547\"><a href=\"https:\/\/giesstechnik.de\/en\/\">starting page<\/a><\/li>\n<li id=\"menu-item-1807\" class=\"menu-item menu-item-type-post_type menu-item-object-page menu-item-1807\"><a href=\"https:\/\/giesstechnik.de\/en\/news\/\">News<\/a><\/li>\n<li id=\"menu-item-275\" class=\"menu-item menu-item-type-post_type menu-item-object-page menu-item-275\"><a href=\"https:\/\/giesstechnik.de\/en\/leistungsbereich\/\">Product program<\/a><\/li>\n<li id=\"menu-item-190\" class=\"menu-item menu-item-type-post_type menu-item-object-page menu-item-190\"><a href=\"https:\/\/giesstechnik.de\/en\/unternehmen\/\">company<\/a><\/li>\n<li id=\"menu-item-433\" class=\"menu-item menu-item-type-post_type menu-item-object-page menu-item-433\"><a href=\"https:\/\/giesstechnik.de\/en\/stellenangebote\/\">vacancies<\/a><\/li>\n<\/ul><\/div><\/div><\/div><\/div><\/div><\/div><\/section><section id=\"maincontent\" class=\"vc_section vc_custom_1538079055995 vc_section-has-fill\"><section class=\"vc_row wpb_row vc_row-fluid\"><div class=\"wpb_column vc_column_container vc_col-has-fill subMenu vc_col-sm-3  col-xs-mobile-fullwidth\"><div class=\"vc_column-inner vc_custom_1539132447521\"><div class=\"wpb_wrapper\"><div  class=\"vc_wp_custommenu wpb_content_element submenu\"><div class=\"widget widget_nav_menu\"><div class=\"menu-menue-leistungsbereich-anlagenbau-d-container\"><ul id=\"menu-menue-leistungsbereich-anlagenbau-d\" class=\"menu\"><li id=\"menu-item-1521\" class=\"menu-item menu-item-type-post_type menu-item-object-page menu-item-has-children menu-item-1521\"><a href=\"https:\/\/giesstechnik.de\/en\/leistungsbereich\/anlagenbau\/\">plant-construction<\/a>\n<ul class=\"sub-menu\">\n\t<li id=\"menu-item-1519\" class=\"menu-item menu-item-type-post_type menu-item-object-page menu-item-1519\"><a href=\"https:\/\/giesstechnik.de\/en\/leistungsbereich\/anlagenbau\/massel-depalettierungs-systeme\/\">Massel Depalettierungs System<\/a><\/li>\n\t<li id=\"menu-item-1515\" class=\"menu-item menu-item-type-post_type menu-item-object-page menu-item-1515\"><a href=\"https:\/\/giesstechnik.de\/en\/leistungsbereich\/anlagenbau\/trocknungssystem\/\">ingot preheater systems<\/a><\/li>\n\t<li id=\"menu-item-1517\" class=\"menu-item menu-item-type-post_type menu-item-object-page menu-item-1517\"><a href=\"https:\/\/giesstechnik.de\/en\/leistungsbereich\/anlagenbau\/einkammerschmelzanlage\/\">Einkammerschmelzanlage<\/a><\/li>\n\t<li id=\"menu-item-1516\" class=\"menu-item menu-item-type-post_type menu-item-object-page menu-item-1516\"><a href=\"https:\/\/giesstechnik.de\/en\/leistungsbereich\/anlagenbau\/zweikammerschmelzanlage\/\">Zweikammerschmelzanlage<\/a><\/li>\n\t<li id=\"menu-item-2220\" class=\"menu-item menu-item-type-post_type menu-item-object-page menu-item-2220\"><a href=\"https:\/\/giesstechnik.de\/en\/leistungsbereich\/anlagenbau\/anlagen\/\">Whole melting system<\/a><\/li>\n\t<li id=\"menu-item-1518\" class=\"menu-item menu-item-type-post_type menu-item-object-page menu-item-1518\"><a href=\"https:\/\/giesstechnik.de\/en\/leistungsbereich\/anlagenbau\/magnesium-rueckschmelzanlage\/\">Magnesium R\u00fcckschmelzanlagen<\/a><\/li>\n<\/ul>\n<\/li>\n<li id=\"menu-item-1522\" class=\"menu-item menu-item-type-post_type menu-item-object-page menu-item-1522\"><a href=\"https:\/\/giesstechnik.de\/en\/leistungsbereich\/ersatzteile\/\">spare-parts<\/a><\/li>\n<li id=\"menu-item-1523\" class=\"menu-item menu-item-type-post_type menu-item-object-page menu-item-1523\"><a href=\"https:\/\/giesstechnik.de\/en\/leistungsbereich\/feuerloescher\/\">fire extinguisher<\/a><\/li>\n<li id=\"menu-item-2227\" class=\"menu-item menu-item-type-post_type menu-item-object-page menu-item-2227\"><a href=\"https:\/\/giesstechnik.de\/en\/leistungsbereich\/schulungen\/\">training \/ process \/ optimization<\/a><\/li>\n<li id=\"menu-item-2226\" class=\"menu-item menu-item-type-post_type menu-item-object-page menu-item-2226\"><a href=\"https:\/\/giesstechnik.de\/en\/leistungsbereich\/wartung\/\">maintenance \/ service<\/a><\/li>\n<\/ul><\/div><\/div><\/div><\/div><\/div><\/div><div class=\"wpb_column vc_column_container vc_col-sm-9  col-xs-mobile-fullwidth\"><div class=\"vc_column-inner\"><div class=\"wpb_wrapper\"><div class=\"vc_row wpb_row vc_inner vc_row-fluid\"><div class=\"wpb_column vc_column_container vc_col-sm-12  col-xs-mobile-fullwidth\"><div class=\"vc_column-inner\"><div class=\"wpb_wrapper\"><div class=\"last-paragraph-no-margin\"><h2><\/h2>\n<h2><\/h2>\n<h2><\/h2>\n<h2 style=\"text-align: left;\">Einkammerschmelzanlage<\/h2>\n<\/div><\/div><\/div><\/div><\/div><div class=\"vc_row wpb_row vc_inner vc_row-fluid\"><div class=\"wpb_column vc_column_container vc_col-sm-6  col-xs-mobile-fullwidth\"><div class=\"vc_column-inner\"><div class=\"wpb_wrapper\"><div class=\"last-paragraph-no-margin\"><h3 style=\"text-align: left;\">Technical information<\/h3>\n<p style=\"text-align: left;\">Geeignet f\u00fcr:\u00a0 \u00a0 Magnesium\u2014Legierungen<\/p>\n<p style=\"text-align: left;\">Abmessungen: je nach Schmelzleistung abh\u00e4ngig<\/p>\n<\/div><\/div><\/div><\/div><div class=\"wpb_column vc_column_container vc_col-sm-6  col-xs-mobile-fullwidth\"><div class=\"vc_column-inner\"><div class=\"wpb_wrapper\">\n\t<div  class=\"wpb_single_image wpb_content_element vc_align_center\">\n\t\t\n\t\t<figure class=\"wpb_wrapper vc_figure\">\n\t\t\t<a href=\"http:\/\/giesstechnik.de\/wp-content\/uploads\/Anlagenbau\/2023-01-11_\u00dcbersicht Schmelzanlagen.pdf\" target=\"_self\" class=\"vc_single_image-wrapper   vc_box_border_grey\"><img loading=\"lazy\" decoding=\"async\" width=\"591\" height=\"591\" src=\"https:\/\/giesstechnik.de\/wp-content\/uploads\/Anlagenbau\/2019-11-05-Einkammeranlage.jpg\" class=\"vc_single_image-img attachment-large\" alt=\"\" title=\"2019-11-05 Einkammeranlage\" srcset=\"https:\/\/giesstechnik.de\/wp-content\/uploads\/Anlagenbau\/2019-11-05-Einkammeranlage.jpg 591w, https:\/\/giesstechnik.de\/wp-content\/uploads\/Anlagenbau\/2019-11-05-Einkammeranlage-150x150.jpg 150w, https:\/\/giesstechnik.de\/wp-content\/uploads\/Anlagenbau\/2019-11-05-Einkammeranlage-300x300.jpg 300w, https:\/\/giesstechnik.de\/wp-content\/uploads\/Anlagenbau\/2019-11-05-Einkammeranlage-81x81.jpg 81w\" sizes=\"auto, (max-width: 591px) 100vw, 591px\" \/><\/a>\n\t\t<\/figure>\n\t<\/div>\n<\/div><\/div><\/div><\/div><div class=\"vc_row wpb_row vc_inner vc_row-fluid\"><div class=\"wpb_column vc_column_container vc_col-sm-12  col-xs-mobile-fullwidth\"><div class=\"vc_column-inner\"><div class=\"wpb_wrapper\"><div class=\"last-paragraph-no-margin\"><p style=\"text-align: left;\" align=\"LEFT\">Die Anlagen werden generell auf die Kundenw\u00fcnsche angepasst es wird immer versucht auf die W\u00fcnsche des Kunden einzugehen und die Best m\u00f6gliche L\u00f6sung zu finden.<\/p>\n<blockquote>\n<p style=\"text-align: center;\"><strong>Bei uns gibt es keine Standardanlage, unsere St\u00e4rke liegt darin individuell Anlagen die genau f\u00fcr unseren Kunden passen zu entwickeln.<\/strong><\/p>\n<\/blockquote>\n<p>Es kann von kleinen Labor\u00f6fen mit ein paar Gramm Fassungsverm\u00f6gen bis hin zu \u00d6fen welche 2400kg fl\u00fcssiges Magnesium fassen alles realisiert werden.<\/p>\n<p>Alle Anlagen k\u00f6nnen entweder mit Elektrischen Heizungen oder mit Gasbrennern betrieben werden.<\/p>\n<\/div><\/div><\/div><\/div><\/div><\/div><\/div><\/div><\/section><\/section>\n<\/div>","protected":false},"excerpt":{"rendered":"Startseite News Leistungsbereich Unternehmen Stellenangebote Anlagenbau Massel Depalettierungs System Trocknungssysteme Einkammerschmelzanlage Zweikammerschmelzanlage Komplett Anlagen Magnesium R\u00fcckschmelzanlagen Ersatzteile Feuerl\u00f6scher Schulungen\/Prozessanalyse\/Optimierung Wartung \/ Service Einkammerschmelzanlage Technische Information Geeignet f\u00fcr:\u00a0 \u00a0 Magnesium\u2014Legierungen Abmessungen: je nach Schmelzleistung abh\u00e4ngig Die Anlagen werden generell auf die Kundenw\u00fcnsche angepasst es wird immer versucht auf die W\u00fcnsche des Kunden einzugehen und die Best m\u00f6gliche L\u00f6sung zu finden. Bei uns gibt es keine Standardanlage, unsere St\u00e4rke liegt darin individuell Anlagen die genau f\u00fcr unseren Kunden passen zu entwickeln. Es kann von kleinen Labor\u00f6fen mit ein paar Gramm Fassungsverm\u00f6gen bis hin zu \u00d6fen welche 2400kg fl\u00fcssiges Magnesium fassen alles realisiert werden. Alle Anlagen k\u00f6nnen entweder mit Elektrischen Heizungen oder mit Gasbrennern betrieben werden.","protected":false},"author":5,"featured_media":0,"parent":371,"menu_order":0,"comment_status":"closed","ping_status":"closed","template":"","meta":{"footnotes":""},"class_list":["post-1346","page","type-page","status-publish","hentry"],"_links":{"self":[{"href":"https:\/\/giesstechnik.de\/en\/wp-json\/wp\/v2\/pages\/1346","targetHints":{"allow":["GET"]}}],"collection":[{"href":"https:\/\/giesstechnik.de\/en\/wp-json\/wp\/v2\/pages"}],"about":[{"href":"https:\/\/giesstechnik.de\/en\/wp-json\/wp\/v2\/types\/page"}],"author":[{"embeddable":true,"href":"https:\/\/giesstechnik.de\/en\/wp-json\/wp\/v2\/users\/5"}],"replies":[{"embeddable":true,"href":"https:\/\/giesstechnik.de\/en\/wp-json\/wp\/v2\/comments?post=1346"}],"version-history":[{"count":8,"href":"https:\/\/giesstechnik.de\/en\/wp-json\/wp\/v2\/pages\/1346\/revisions"}],"predecessor-version":[{"id":2038,"href":"https:\/\/giesstechnik.de\/en\/wp-json\/wp\/v2\/pages\/1346\/revisions\/2038"}],"up":[{"embeddable":true,"href":"https:\/\/giesstechnik.de\/en\/wp-json\/wp\/v2\/pages\/371"}],"wp:attachment":[{"href":"https:\/\/giesstechnik.de\/en\/wp-json\/wp\/v2\/media?parent=1346"}],"curies":[{"name":"wp","href":"https:\/\/api.w.org\/{rel}","templated":true}]}}