{"id":1438,"date":"2020-03-22T12:37:09","date_gmt":"2020-03-22T11:37:09","guid":{"rendered":"http:\/\/giesstechnik.de\/?page_id=1438"},"modified":"2023-11-16T15:32:36","modified_gmt":"2023-11-16T14:32:36","slug":"heizelement-tubothal-250","status":"publish","type":"page","link":"https:\/\/giesstechnik.de\/en\/leistungsbereich\/ersatzteile\/ersatzteilpaket\/do-250-mg\/heizelement-tubothal-250\/","title":{"rendered":"Heizelement Tubothal 250 &#8211; D"},"content":{"rendered":"<div class=\"wpb-content-wrapper\"><section class=\"vc_row wpb_row vc_row-fluid\"><div class=\"wpb_column vc_column_container vc_col-sm-12  col-xs-mobile-fullwidth\"><div class=\"vc_column-inner vc_custom_1538075900939\"><div class=\"wpb_wrapper\">\n\t<div  class=\"wpb_single_image wpb_content_element vc_align_center\">\n\t\t\n\t\t<figure class=\"wpb_wrapper vc_figure\">\n\t\t\t<div class=\"vc_single_image-wrapper   vc_box_border_grey\"><img loading=\"lazy\" decoding=\"async\" width=\"1170\" height=\"370\" src=\"https:\/\/giesstechnik.de\/wp-content\/uploads\/titelbild_startseite.jpg\" class=\"vc_single_image-img attachment-full\" alt=\"\" title=\"titelbild_startseite\" srcset=\"https:\/\/giesstechnik.de\/wp-content\/uploads\/titelbild_startseite.jpg 1170w, https:\/\/giesstechnik.de\/wp-content\/uploads\/titelbild_startseite-300x95.jpg 300w, https:\/\/giesstechnik.de\/wp-content\/uploads\/titelbild_startseite-768x243.jpg 768w, https:\/\/giesstechnik.de\/wp-content\/uploads\/titelbild_startseite-1024x324.jpg 1024w, https:\/\/giesstechnik.de\/wp-content\/uploads\/titelbild_startseite-81x26.jpg 81w\" sizes=\"auto, (max-width: 1170px) 100vw, 1170px\" \/><\/div>\n\t\t<\/figure>\n\t<\/div>\n<\/div><\/div><\/div><\/section><section class=\"vc_row wpb_row vc_row-fluid\"><div class=\"wpb_column vc_column_container vc_col-sm-12  col-xs-mobile-fullwidth\"><div class=\"vc_column-inner\"><div class=\"wpb_wrapper\"><div id=\"mainnav\" class=\"vc_wp_custommenu wpb_content_element\"><div class=\"widget widget_nav_menu\"><div class=\"menu-hauptnavi-container\"><ul id=\"menu-hauptnavi\" class=\"menu\"><li id=\"menu-item-547\" class=\"menu-item menu-item-type-post_type menu-item-object-page menu-item-home menu-item-547\"><a href=\"https:\/\/giesstechnik.de\/en\/\">starting page<\/a><\/li>\n<li id=\"menu-item-1807\" class=\"menu-item menu-item-type-post_type menu-item-object-page menu-item-1807\"><a href=\"https:\/\/giesstechnik.de\/en\/news\/\">News<\/a><\/li>\n<li id=\"menu-item-275\" class=\"menu-item menu-item-type-post_type menu-item-object-page menu-item-275\"><a href=\"https:\/\/giesstechnik.de\/en\/leistungsbereich\/\">Product program<\/a><\/li>\n<li id=\"menu-item-190\" class=\"menu-item menu-item-type-post_type menu-item-object-page menu-item-190\"><a href=\"https:\/\/giesstechnik.de\/en\/unternehmen\/\">company<\/a><\/li>\n<li id=\"menu-item-433\" class=\"menu-item menu-item-type-post_type menu-item-object-page menu-item-433\"><a href=\"https:\/\/giesstechnik.de\/en\/stellenangebote\/\">vacancies<\/a><\/li>\n<\/ul><\/div><\/div><\/div><\/div><\/div><\/div><\/section><section id=\"maincontent\" class=\"vc_section vc_custom_1538079055995 vc_section-has-fill\"><section class=\"vc_row wpb_row vc_row-fluid\"><div class=\"wpb_column vc_column_container vc_col-has-fill subMenu vc_col-sm-3  col-xs-mobile-fullwidth\"><div class=\"vc_column-inner vc_custom_1539132447521\"><div class=\"wpb_wrapper\"><div  class=\"vc_wp_custommenu wpb_content_element submenu\"><div class=\"widget widget_nav_menu\"><div class=\"menu-menue-leistungsbereich-ersatzteile-ersatzteilpaket-do-250-mg-container\"><ul id=\"menu-menue-leistungsbereich-ersatzteile-ersatzteilpaket-do-250-mg\" class=\"menu\"><li id=\"menu-item-1687\" class=\"menu-item menu-item-type-post_type menu-item-object-page menu-item-1687\"><a href=\"https:\/\/giesstechnik.de\/en\/leistungsbereich\/anlagenbau\/\">plant-construction<\/a><\/li>\n<li id=\"menu-item-1688\" class=\"menu-item menu-item-type-post_type menu-item-object-page menu-item-has-children menu-item-1688\"><a href=\"https:\/\/giesstechnik.de\/en\/leistungsbereich\/ersatzteile\/\">spare-parts<\/a>\n<ul class=\"sub-menu\">\n\t<li id=\"menu-item-1689\" class=\"menu-item menu-item-type-post_type menu-item-object-page menu-item-1689\"><a href=\"https:\/\/giesstechnik.de\/en\/leistungsbereich\/ersatzteile\/mg-tiegel\/\">magnesium crucible<\/a><\/li>\n\t<li id=\"menu-item-1693\" class=\"menu-item menu-item-type-post_type menu-item-object-page menu-item-has-children menu-item-1693\"><a href=\"https:\/\/giesstechnik.de\/en\/leistungsbereich\/ersatzteile\/ersatzteilpaket\/\">spare-parts packages<\/a>\n\t<ul class=\"sub-menu\">\n\t\t<li id=\"menu-item-1690\" class=\"menu-item menu-item-type-post_type menu-item-object-page menu-item-has-children menu-item-1690\"><a href=\"https:\/\/giesstechnik.de\/en\/leistungsbereich\/ersatzteile\/ersatzteilpaket\/do-250-mg\/\">spare-part package DO-250-MG<\/a>\n\t\t<ul class=\"sub-menu\">\n\t\t\t<li id=\"menu-item-1691\" class=\"menu-item menu-item-type-post_type menu-item-object-page menu-item-1691\"><a href=\"https:\/\/giesstechnik.de\/en\/leistungsbereich\/ersatzteile\/ersatzteilpaket\/do-250-mg\/heizelement-tubothal-250\/\">heating element Turbothal 250<\/a><\/li>\n\t\t\t<li id=\"menu-item-1692\" class=\"menu-item menu-item-type-post_type menu-item-object-page menu-item-1692\"><a href=\"https:\/\/giesstechnik.de\/en\/leistungsbereich\/ersatzteile\/heizelemente\/heizleiter-250\/\">Heating pipe 250<\/a><\/li>\n\t\t\t<li id=\"menu-item-1694\" class=\"menu-item menu-item-type-post_type menu-item-object-page menu-item-1694\"><a href=\"https:\/\/giesstechnik.de\/en\/leistungsbereich\/ersatzteile\/mg-tiegel\/101-tg-400\/\">crucible-101-TG-400<\/a><\/li>\n\t\t<\/ul>\n<\/li>\n\t\t<li id=\"menu-item-1695\" class=\"menu-item menu-item-type-post_type menu-item-object-page menu-item-1695\"><a href=\"https:\/\/giesstechnik.de\/en\/leistungsbereich\/ersatzteile\/ersatzteilpaket\/do-500-mg\/\">spare-part package DO-500-MG<\/a><\/li>\n\t<\/ul>\n<\/li>\n\t<li id=\"menu-item-1696\" class=\"menu-item menu-item-type-post_type menu-item-object-page menu-item-1696\"><a href=\"https:\/\/giesstechnik.de\/en\/leistungsbereich\/ersatzteile\/schmelzeeinbauten\/\">plant internals<\/a><\/li>\n\t<li id=\"menu-item-1697\" class=\"menu-item menu-item-type-post_type menu-item-object-page menu-item-1697\"><a href=\"https:\/\/giesstechnik.de\/en\/leistungsbereich\/ersatzteile\/dosiertechnik\/\">Dosiertechnik<\/a><\/li>\n\t<li id=\"menu-item-1698\" class=\"menu-item menu-item-type-post_type menu-item-object-page menu-item-1698\"><a href=\"https:\/\/giesstechnik.de\/en\/leistungsbereich\/ersatzteile\/transfertechnik\/\">transfertechnic<\/a><\/li>\n\t<li id=\"menu-item-1699\" class=\"menu-item menu-item-type-post_type menu-item-object-page menu-item-1699\"><a href=\"https:\/\/giesstechnik.de\/en\/leistungsbereich\/ersatzteile\/reinigungswerkzeuge\/\">cleaning tools<\/a><\/li>\n\t<li id=\"menu-item-1700\" class=\"menu-item menu-item-type-post_type menu-item-object-page menu-item-1700\"><a href=\"https:\/\/giesstechnik.de\/en\/leistungsbereich\/ersatzteile\/kippvorrichtung\/\">ingot loading unit<\/a><\/li>\n\t<li id=\"menu-item-1701\" class=\"menu-item menu-item-type-post_type menu-item-object-page menu-item-1701\"><a href=\"https:\/\/giesstechnik.de\/en\/leistungsbereich\/ersatzteile\/heizelemente\/\">heating element<\/a><\/li>\n\t<li id=\"menu-item-1702\" class=\"menu-item menu-item-type-post_type menu-item-object-page menu-item-1702\"><a href=\"https:\/\/giesstechnik.de\/en\/leistungsbereich\/ersatzteile\/isoliersteine\/\">insulating parts<\/a><\/li>\n\t<li id=\"menu-item-1703\" class=\"menu-item menu-item-type-post_type menu-item-object-page menu-item-1703\"><a href=\"https:\/\/giesstechnik.de\/en\/leistungsbereich\/ersatzteile\/hilfsmittel\/\">tools for the operation<\/a><\/li>\n\t<li id=\"menu-item-1704\" class=\"menu-item menu-item-type-post_type menu-item-object-page menu-item-1704\"><a href=\"https:\/\/giesstechnik.de\/en\/leistungsbereich\/ersatzteile\/tiegel\/\">crucibles of other materials<\/a><\/li>\n<\/ul>\n<\/li>\n<li id=\"menu-item-1705\" class=\"menu-item menu-item-type-post_type menu-item-object-page menu-item-1705\"><a href=\"https:\/\/giesstechnik.de\/en\/leistungsbereich\/feuerloescher\/\">fire extinguisher<\/a><\/li>\n<li id=\"menu-item-2235\" class=\"menu-item menu-item-type-post_type menu-item-object-page menu-item-2235\"><a href=\"https:\/\/giesstechnik.de\/en\/leistungsbereich\/schulungen\/\">training \/ process \/ optimization<\/a><\/li>\n<li id=\"menu-item-2234\" class=\"menu-item menu-item-type-post_type menu-item-object-page menu-item-2234\"><a href=\"https:\/\/giesstechnik.de\/en\/leistungsbereich\/wartung\/\">maintenance \/ service<\/a><\/li>\n<\/ul><\/div><\/div><\/div><\/div><\/div><\/div><div class=\"wpb_column vc_column_container vc_col-sm-9  col-xs-mobile-fullwidth\"><div class=\"vc_column-inner\"><div class=\"wpb_wrapper\"><div class=\"vc_row wpb_row vc_inner vc_row-fluid\"><div class=\"wpb_column vc_column_container vc_col-sm-12  col-xs-mobile-fullwidth\"><div class=\"vc_column-inner\"><div class=\"wpb_wrapper\"><div class=\"last-paragraph-no-margin\"><h2><\/h2>\n<h2><\/h2>\n<h2><\/h2>\n<h2 style=\"text-align: left;\"><a href=\"http:\/\/giesstechnik.de\/wp-content\/uploads\/Ersatzteile\/Tubothal-Heizelement-250-Tubothal-heating-element-250.pdf\">Turbothal heating element - 250<\/a><\/h2>\n<\/div><\/div><\/div><\/div><\/div><div class=\"vc_row wpb_row vc_inner vc_row-fluid\"><div class=\"wpb_column vc_column_container vc_col-sm-6  col-xs-mobile-fullwidth\"><div class=\"vc_column-inner\"><div class=\"wpb_wrapper\"><div class=\"last-paragraph-no-margin\"><h3 style=\"text-align: left;\">Technical information<\/h3>\n<table border=\"0\">\n<tbody>\n<tr>\n<td valign=\"top\">material:<\/td>\n<td>AF 80\u2014wire<\/td>\n<\/tr>\n<tr>\n<td valign=\"top\">electrical power:<\/td>\n<td>15,2 kW<\/td>\n<\/tr>\n<tr>\n<td valign=\"top\">electric voltage:<\/td>\n<td>115 V<\/td>\n<\/tr>\n<tr>\n<td valign=\"top\">connecting:<\/td>\n<td>\u00d8 12 mm<\/td>\n<\/tr>\n<tr>\n<td valign=\"top\">total length:<\/td>\n<td>ca. 1420 mm<\/td>\n<\/tr>\n<tr>\n<td valign=\"top\">unheated lenght:<\/td>\n<td>ca. 370 mm<\/td>\n<\/tr>\n<\/tbody>\n<\/table>\n<\/div><\/div><\/div><\/div><div class=\"wpb_column vc_column_container vc_col-sm-6  col-xs-mobile-fullwidth\"><div class=\"vc_column-inner\"><div class=\"wpb_wrapper\">\n\t<div  class=\"wpb_single_image wpb_content_element vc_align_center\">\n\t\t\n\t\t<figure class=\"wpb_wrapper vc_figure\">\n\t\t\t<a href=\"http:\/\/giesstechnik.de\/wp-content\/uploads\/Ersatzteile\/Tubothal-Heizelement-250-Tubothal-heating-element-250.pdf\" target=\"_self\" class=\"vc_single_image-wrapper   vc_box_border_grey\"><img loading=\"lazy\" decoding=\"async\" width=\"591\" height=\"590\" src=\"https:\/\/giesstechnik.de\/wp-content\/uploads\/Ersatzteile\/2020-03_30-Heizkerze_Website.jpg\" class=\"vc_single_image-img attachment-large\" alt=\"\" title=\"2020-03_30 Heizkerze_Website\" srcset=\"https:\/\/giesstechnik.de\/wp-content\/uploads\/Ersatzteile\/2020-03_30-Heizkerze_Website.jpg 591w, https:\/\/giesstechnik.de\/wp-content\/uploads\/Ersatzteile\/2020-03_30-Heizkerze_Website-300x300.jpg 300w, https:\/\/giesstechnik.de\/wp-content\/uploads\/Ersatzteile\/2020-03_30-Heizkerze_Website-150x150.jpg 150w, https:\/\/giesstechnik.de\/wp-content\/uploads\/Ersatzteile\/2020-03_30-Heizkerze_Website-81x81.jpg 81w\" sizes=\"auto, (max-width: 591px) 100vw, 591px\" \/><\/a>\n\t\t<\/figure>\n\t<\/div>\n<\/div><\/div><\/div><\/div><div class=\"vc_row wpb_row vc_inner vc_row-fluid\"><div class=\"wpb_column vc_column_container vc_col-sm-12  col-xs-mobile-fullwidth\"><div class=\"vc_column-inner\"><div class=\"wpb_wrapper\"><div class=\"vc_empty_space\"   style=\"height: 32px\"><span class=\"vc_empty_space_inner\"><\/span><\/div><div class=\"last-paragraph-no-margin\"><p style=\"text-align: left;\" align=\"LEFT\">The Tubothal Heating Elements-250 are made of a special iron-chromium-aluminium wire called AF-wire.<br \/>\nThe AF wire has some advantages over the conventional nickel-chrome wire.<br \/>\nThe AF-wire has a much longer lifetime and can withstand higher operating temperatures than the nickel-chrome wire. Another advantage is that the heating elements made of AF-wire can be repaired which is difficult to do with nickel chrome wire. The most important advantage of the AF-wire is that in inert gas atmospheres with CO NO poisonous \"green rot\" is formed<\/p>\n<\/div><div class=\"vc_empty_space\"   style=\"height: 32px\"><span class=\"vc_empty_space_inner\"><\/span><\/div><div class=\"last-paragraph-no-margin\"><h3 style=\"text-align: left;\">Dimensions<\/h3>\n<\/div>\n\t<div  class=\"wpb_single_image wpb_content_element vc_align_left\">\n\t\t\n\t\t<figure class=\"wpb_wrapper vc_figure\">\n\t\t\t<a href=\"http:\/\/giesstechnik.de\/wp-content\/uploads\/Ersatzteile\/Tubothal-Heizelement-250-Tubothal-heating-element-250.pdf\" target=\"_self\" class=\"vc_single_image-wrapper   vc_box_border_grey\"><img loading=\"lazy\" decoding=\"async\" width=\"1455\" height=\"542\" src=\"https:\/\/giesstechnik.de\/wp-content\/uploads\/Ersatzteile\/2020-01-27-Heizkerze-250-Ma\u00dfzeichnung.jpg\" class=\"vc_single_image-img attachment-full\" alt=\"\" title=\"2020-01-27 Heizkerze 250 Ma\u00dfzeichnung\" srcset=\"https:\/\/giesstechnik.de\/wp-content\/uploads\/Ersatzteile\/2020-01-27-Heizkerze-250-Ma\u00dfzeichnung.jpg 1455w, https:\/\/giesstechnik.de\/wp-content\/uploads\/Ersatzteile\/2020-01-27-Heizkerze-250-Ma\u00dfzeichnung-300x112.jpg 300w, https:\/\/giesstechnik.de\/wp-content\/uploads\/Ersatzteile\/2020-01-27-Heizkerze-250-Ma\u00dfzeichnung-1024x381.jpg 1024w, https:\/\/giesstechnik.de\/wp-content\/uploads\/Ersatzteile\/2020-01-27-Heizkerze-250-Ma\u00dfzeichnung-768x286.jpg 768w, https:\/\/giesstechnik.de\/wp-content\/uploads\/Ersatzteile\/2020-01-27-Heizkerze-250-Ma\u00dfzeichnung-1200x447.jpg 1200w, https:\/\/giesstechnik.de\/wp-content\/uploads\/Ersatzteile\/2020-01-27-Heizkerze-250-Ma\u00dfzeichnung-81x30.jpg 81w\" sizes=\"auto, (max-width: 1455px) 100vw, 1455px\" \/><\/a>\n\t\t<\/figure>\n\t<\/div>\n<div class=\"vc_empty_space\"   style=\"height: 32px\"><span class=\"vc_empty_space_inner\"><\/span><\/div><div class=\"last-paragraph-no-margin\"><p style=\"text-align: left;\" align=\"LEFT\">In the picture above you can see the toxic \"green rot\" on nickel chrome wires.<\/p>\n<\/div>\n\t<div  class=\"wpb_single_image wpb_content_element vc_align_left\">\n\t\t\n\t\t<figure class=\"wpb_wrapper vc_figure\">\n\t\t\t<a href=\"http:\/\/giesstechnik.de\/wp-content\/uploads\/Ersatzteile\/Tubothal-Heizelement-250-Tubothal-heating-element-250.pdf\" target=\"_self\" class=\"vc_single_image-wrapper   vc_box_border_grey\"><img loading=\"lazy\" decoding=\"async\" width=\"1024\" height=\"488\" src=\"https:\/\/giesstechnik.de\/wp-content\/uploads\/Ersatzteile\/2020-01-CrNi-Draht-02.jpg\" class=\"vc_single_image-img attachment-full\" alt=\"\" title=\"2020-01 CrNi Draht 02\" srcset=\"https:\/\/giesstechnik.de\/wp-content\/uploads\/Ersatzteile\/2020-01-CrNi-Draht-02.jpg 1024w, https:\/\/giesstechnik.de\/wp-content\/uploads\/Ersatzteile\/2020-01-CrNi-Draht-02-300x143.jpg 300w, https:\/\/giesstechnik.de\/wp-content\/uploads\/Ersatzteile\/2020-01-CrNi-Draht-02-768x366.jpg 768w, https:\/\/giesstechnik.de\/wp-content\/uploads\/Ersatzteile\/2020-01-CrNi-Draht-02-81x39.jpg 81w\" sizes=\"auto, (max-width: 1024px) 100vw, 1024px\" \/><\/a>\n\t\t<\/figure>\n\t<\/div>\n<div class=\"vc_empty_space\"   style=\"height: 32px\"><span class=\"vc_empty_space_inner\"><\/span><\/div><div class=\"last-paragraph-no-margin\"><ul style=\"font-weight: 400;\">\n<li data-aria-posinset=\"1\" data-aria-level=\"2\"><a href=\"https:\/\/giesstechnik.de\/wp-content\/uploads\/Ersatzteile\/2020-02-26_Installations Hinweis Tubothal-Heizung_DE.pdf\"><span data-contrast=\"auto\">Installations Hinweis Tubothal Heizung<\/span><i><span data-contrast=\"auto\"> \u00a0<\/span><\/i><\/a><\/li>\n<li data-aria-posinset=\"2\" data-aria-level=\"2\"><a href=\"https:\/\/giesstechnik.de\/wp-content\/uploads\/Ersatzteile\/2020-03-04 Leitfaden zur Wartung Tubothal Heizung_DE.pdf\"><span data-contrast=\"auto\">Leitfaden zur Wartung der Tubothal Heizung\u00a0<\/span><\/a><\/li>\n<\/ul>\n<\/div><\/div><\/div><\/div><div class=\"wpb_column vc_column_container  col-xs-mobile-fullwidth\"><div class=\"vc_column-inner\"><div class=\"wpb_wrapper\"><\/div><\/div><\/div><\/div><\/div><\/div><\/div><\/section><\/section>\n<\/div>","protected":false},"excerpt":{"rendered":"Startseite News Leistungsbereich Unternehmen Stellenangebote Anlagenbau Ersatzteile Magnesium Tiegel Ersatzteilpaket Ersatzteilpaket DO-250-MG Heizelement Tubothal 250 Heizleiter 250 Tiegel-101-TG-400 Ersatzteilpaket DO-500-MG Schmelzeeinbauten Dosiertechnik Transfertechnik Reinigungswerkzeuge Kippvorrichtung Heizelemente Isoliersteine Hilfsmittel f\u00fcr den Betrieb Tiegel anderer Werkstoffe Feuerl\u00f6scher Schulungen\/Prozessanalyse\/Optimierung Wartung \/ Service Turbothal Heizelement 250 Technische Information Material: AF 80\u2014Draht Leistung: 15,2 kW Spannung: 115 V Anschlussenden: \u00d8 12 mm Gesamtl\u00e4nge: ca. 1420 mm Unbeheizte L\u00e4nge: ca. 370 mm Die Tubothal Heizelemente\u2014250 werden aus einem speziellen Eisen-Chrom-Aluminium Draht kurz AF-Draht hergestellt. Der AF-Draht hat einige Vorteile gegen\u00fcber den herk\u00f6mmlichen Nickel-Chrom Dr\u00e4hte. Der AF-Draht hat eine wesentlich l\u00e4ngere Lebenszeit und h\u00e4lt auch h\u00f6heren Betriebstemperaturen stand als der Nickel Chrom-Draht. Ein weiterer Vorteil ist das die Heizelemente aus AF-Draht repariert werden k\u00f6nnen was bei den Nickel Chrom-Dr\u00e4hten schwer m\u00f6glich ist. Der WICHTIGSTE Vorteil des AF-Drahtes ist, dass sich in Schutzgasatmosph\u00e4ren mit CO KEINE giftige \u201eGr\u00fcnf\u00e4ule\u201c bildet. Abmessungen In der oberen Abbildung sieht man die giftige \u201eGr\u00fcnf\u00e4ule\u201c bei Nickel Chrom-Dr\u00e4hten. Installations Hinweis Tubothal Heizung \u00a0 Leitfaden zur Wartung der Tubothal Heizung\u00a0","protected":false},"author":5,"featured_media":0,"parent":1427,"menu_order":0,"comment_status":"closed","ping_status":"closed","template":"","meta":{"footnotes":""},"class_list":["post-1438","page","type-page","status-publish","hentry"],"_links":{"self":[{"href":"https:\/\/giesstechnik.de\/en\/wp-json\/wp\/v2\/pages\/1438","targetHints":{"allow":["GET"]}}],"collection":[{"href":"https:\/\/giesstechnik.de\/en\/wp-json\/wp\/v2\/pages"}],"about":[{"href":"https:\/\/giesstechnik.de\/en\/wp-json\/wp\/v2\/types\/page"}],"author":[{"embeddable":true,"href":"https:\/\/giesstechnik.de\/en\/wp-json\/wp\/v2\/users\/5"}],"replies":[{"embeddable":true,"href":"https:\/\/giesstechnik.de\/en\/wp-json\/wp\/v2\/comments?post=1438"}],"version-history":[{"count":12,"href":"https:\/\/giesstechnik.de\/en\/wp-json\/wp\/v2\/pages\/1438\/revisions"}],"predecessor-version":[{"id":2267,"href":"https:\/\/giesstechnik.de\/en\/wp-json\/wp\/v2\/pages\/1438\/revisions\/2267"}],"up":[{"embeddable":true,"href":"https:\/\/giesstechnik.de\/en\/wp-json\/wp\/v2\/pages\/1427"}],"wp:attachment":[{"href":"https:\/\/giesstechnik.de\/en\/wp-json\/wp\/v2\/media?parent=1438"}],"curies":[{"name":"wp","href":"https:\/\/api.w.org\/{rel}","templated":true}]}}