{"id":1456,"date":"2020-03-22T12:57:33","date_gmt":"2020-03-22T11:57:33","guid":{"rendered":"http:\/\/giesstechnik.de\/?page_id=1456"},"modified":"2020-04-21T15:02:39","modified_gmt":"2020-04-21T13:02:39","slug":"schmelzeeinbauten","status":"publish","type":"page","link":"https:\/\/giesstechnik.de\/en\/leistungsbereich\/ersatzteile\/schmelzeeinbauten\/","title":{"rendered":"Schmelzeeinbauten &#8211; D"},"content":{"rendered":"<div class=\"wpb-content-wrapper\"><section class=\"vc_row wpb_row vc_row-fluid\"><div class=\"wpb_column vc_column_container vc_col-sm-12  col-xs-mobile-fullwidth\"><div class=\"vc_column-inner vc_custom_1538075900939\"><div class=\"wpb_wrapper\">\n\t<div  class=\"wpb_single_image wpb_content_element vc_align_center\">\n\t\t\n\t\t<figure class=\"wpb_wrapper vc_figure\">\n\t\t\t<div class=\"vc_single_image-wrapper   vc_box_border_grey\"><img loading=\"lazy\" decoding=\"async\" width=\"1170\" height=\"370\" src=\"https:\/\/giesstechnik.de\/wp-content\/uploads\/titelbild_startseite.jpg\" class=\"vc_single_image-img attachment-full\" alt=\"\" title=\"titelbild_startseite\" srcset=\"https:\/\/giesstechnik.de\/wp-content\/uploads\/titelbild_startseite.jpg 1170w, https:\/\/giesstechnik.de\/wp-content\/uploads\/titelbild_startseite-300x95.jpg 300w, https:\/\/giesstechnik.de\/wp-content\/uploads\/titelbild_startseite-768x243.jpg 768w, https:\/\/giesstechnik.de\/wp-content\/uploads\/titelbild_startseite-1024x324.jpg 1024w, https:\/\/giesstechnik.de\/wp-content\/uploads\/titelbild_startseite-81x26.jpg 81w\" sizes=\"(max-width: 1170px) 100vw, 1170px\" \/><\/div>\n\t\t<\/figure>\n\t<\/div>\n<\/div><\/div><\/div><\/section><section class=\"vc_row wpb_row vc_row-fluid\"><div class=\"wpb_column vc_column_container vc_col-sm-12  col-xs-mobile-fullwidth\"><div class=\"vc_column-inner\"><div class=\"wpb_wrapper\"><div id=\"mainnav\" class=\"vc_wp_custommenu wpb_content_element\"><div class=\"widget widget_nav_menu\"><div class=\"menu-hauptnavi-container\"><ul id=\"menu-hauptnavi\" class=\"menu\"><li id=\"menu-item-547\" class=\"menu-item menu-item-type-post_type menu-item-object-page menu-item-home menu-item-547\"><a href=\"https:\/\/giesstechnik.de\/en\/\">starting page<\/a><\/li>\n<li id=\"menu-item-1807\" class=\"menu-item menu-item-type-post_type menu-item-object-page menu-item-1807\"><a href=\"https:\/\/giesstechnik.de\/en\/news\/\">News<\/a><\/li>\n<li id=\"menu-item-275\" class=\"menu-item menu-item-type-post_type menu-item-object-page menu-item-275\"><a href=\"https:\/\/giesstechnik.de\/en\/leistungsbereich\/\">Product program<\/a><\/li>\n<li id=\"menu-item-190\" class=\"menu-item menu-item-type-post_type menu-item-object-page menu-item-190\"><a href=\"https:\/\/giesstechnik.de\/en\/unternehmen\/\">company<\/a><\/li>\n<li id=\"menu-item-433\" class=\"menu-item menu-item-type-post_type menu-item-object-page menu-item-433\"><a href=\"https:\/\/giesstechnik.de\/en\/stellenangebote\/\">vacancies<\/a><\/li>\n<\/ul><\/div><\/div><\/div><\/div><\/div><\/div><\/section><section id=\"maincontent\" class=\"vc_section vc_custom_1538079055995 vc_section-has-fill\"><section class=\"vc_row wpb_row vc_row-fluid\"><div class=\"wpb_column vc_column_container vc_col-has-fill subMenu vc_col-sm-3  col-xs-mobile-fullwidth\"><div class=\"vc_column-inner vc_custom_1539132447521\"><div class=\"wpb_wrapper\"><div  class=\"vc_wp_custommenu wpb_content_element submenu\"><div class=\"widget widget_nav_menu\"><div class=\"menu-menue-leistungsbereich-ersatzteile-schmelzeeinbauten-container\"><ul id=\"menu-menue-leistungsbereich-ersatzteile-schmelzeeinbauten\" class=\"menu\"><li id=\"menu-item-1620\" class=\"menu-item menu-item-type-post_type menu-item-object-page menu-item-1620\"><a href=\"https:\/\/giesstechnik.de\/en\/leistungsbereich\/anlagenbau\/\">plant-construction<\/a><\/li>\n<li id=\"menu-item-1621\" class=\"menu-item menu-item-type-post_type menu-item-object-page menu-item-has-children menu-item-1621\"><a href=\"https:\/\/giesstechnik.de\/en\/leistungsbereich\/ersatzteile\/\">spare-parts<\/a>\n<ul class=\"sub-menu\">\n\t<li id=\"menu-item-1622\" class=\"menu-item menu-item-type-post_type menu-item-object-page menu-item-1622\"><a href=\"https:\/\/giesstechnik.de\/en\/leistungsbereich\/ersatzteile\/mg-tiegel\/\">magnesium crucible<\/a><\/li>\n\t<li id=\"menu-item-1623\" class=\"menu-item menu-item-type-post_type menu-item-object-page menu-item-1623\"><a href=\"https:\/\/giesstechnik.de\/en\/leistungsbereich\/ersatzteile\/ersatzteilpaket\/\">spare-parts packages<\/a><\/li>\n\t<li id=\"menu-item-1624\" class=\"menu-item menu-item-type-post_type menu-item-object-page menu-item-has-children menu-item-1624\"><a href=\"https:\/\/giesstechnik.de\/en\/leistungsbereich\/ersatzteile\/schmelzeeinbauten\/\">plant internals<\/a>\n\t<ul class=\"sub-menu\">\n\t\t<li id=\"menu-item-1635\" class=\"menu-item menu-item-type-post_type menu-item-object-page menu-item-1635\"><a href=\"https:\/\/giesstechnik.de\/en\/leistungsbereich\/ersatzteile\/schmelzeeinbauten\/niveaumessung\/\">Niveaumessung<\/a><\/li>\n\t\t<li id=\"menu-item-1634\" class=\"menu-item menu-item-type-post_type menu-item-object-page menu-item-1634\"><a href=\"https:\/\/giesstechnik.de\/en\/leistungsbereich\/ersatzteile\/schmelzeeinbauten\/schutzrohre\/\">Schutzrohre<\/a><\/li>\n\t\t<li id=\"menu-item-1636\" class=\"menu-item menu-item-type-post_type menu-item-object-page menu-item-1636\"><a href=\"https:\/\/giesstechnik.de\/en\/leistungsbereich\/ersatzteile\/schmelzeeinbauten\/massel-chargierkoerbe\/\">Massel Chargierk\u00f6rbe<\/a><\/li>\n\t<\/ul>\n<\/li>\n\t<li id=\"menu-item-1625\" class=\"menu-item menu-item-type-post_type menu-item-object-page menu-item-1625\"><a href=\"https:\/\/giesstechnik.de\/en\/leistungsbereich\/ersatzteile\/dosiertechnik\/\">Dosiertechnik<\/a><\/li>\n\t<li id=\"menu-item-1626\" class=\"menu-item menu-item-type-post_type menu-item-object-page menu-item-1626\"><a href=\"https:\/\/giesstechnik.de\/en\/leistungsbereich\/ersatzteile\/transfertechnik\/\">transfertechnic<\/a><\/li>\n\t<li id=\"menu-item-1627\" class=\"menu-item menu-item-type-post_type menu-item-object-page menu-item-1627\"><a href=\"https:\/\/giesstechnik.de\/en\/leistungsbereich\/ersatzteile\/reinigungswerkzeuge\/\">cleaning tools<\/a><\/li>\n\t<li id=\"menu-item-1628\" class=\"menu-item menu-item-type-post_type menu-item-object-page menu-item-1628\"><a href=\"https:\/\/giesstechnik.de\/en\/leistungsbereich\/ersatzteile\/kippvorrichtung\/\">ingot loading unit<\/a><\/li>\n\t<li id=\"menu-item-1629\" class=\"menu-item menu-item-type-post_type menu-item-object-page menu-item-1629\"><a href=\"https:\/\/giesstechnik.de\/en\/leistungsbereich\/ersatzteile\/heizelemente\/\">heating element<\/a><\/li>\n\t<li id=\"menu-item-1630\" class=\"menu-item menu-item-type-post_type menu-item-object-page menu-item-1630\"><a href=\"https:\/\/giesstechnik.de\/en\/leistungsbereich\/ersatzteile\/isoliersteine\/\">insulating parts<\/a><\/li>\n\t<li id=\"menu-item-1631\" class=\"menu-item menu-item-type-post_type menu-item-object-page menu-item-1631\"><a href=\"https:\/\/giesstechnik.de\/en\/leistungsbereich\/ersatzteile\/hilfsmittel\/\">tools for the operation<\/a><\/li>\n\t<li id=\"menu-item-1632\" class=\"menu-item menu-item-type-post_type menu-item-object-page menu-item-1632\"><a href=\"https:\/\/giesstechnik.de\/en\/leistungsbereich\/ersatzteile\/tiegel\/\">crucibles of other materials<\/a><\/li>\n<\/ul>\n<\/li>\n<li id=\"menu-item-1633\" class=\"menu-item menu-item-type-post_type menu-item-object-page menu-item-1633\"><a href=\"https:\/\/giesstechnik.de\/en\/leistungsbereich\/feuerloescher\/\">fire extinguisher<\/a><\/li>\n<li id=\"menu-item-2247\" class=\"menu-item menu-item-type-post_type menu-item-object-page menu-item-2247\"><a href=\"https:\/\/giesstechnik.de\/en\/leistungsbereich\/schulungen\/\">training \/ process \/ optimization<\/a><\/li>\n<li id=\"menu-item-2248\" class=\"menu-item menu-item-type-post_type menu-item-object-page menu-item-2248\"><a href=\"https:\/\/giesstechnik.de\/en\/leistungsbereich\/wartung\/\">maintenance \/ service<\/a><\/li>\n<\/ul><\/div><\/div><\/div><\/div><\/div><\/div><div class=\"wpb_column vc_column_container vc_col-sm-9  col-xs-mobile-fullwidth\"><div class=\"vc_column-inner\"><div class=\"wpb_wrapper\"><div class=\"vc_row wpb_row vc_inner vc_row-fluid\"><div class=\"wpb_column vc_column_container vc_col-sm-12  col-xs-mobile-fullwidth\"><div class=\"vc_column-inner\"><div class=\"wpb_wrapper\"><div class=\"last-paragraph-no-margin\"><h2><\/h2>\n<h2><\/h2>\n<h2><\/h2>\n<h2 style=\"text-align: left;\">plant internals<\/h2>\n<\/div><\/div><\/div><\/div><\/div><div class=\"vc_row wpb_row vc_inner vc_row-fluid\"><div class=\"wpb_column vc_column_container vc_col-sm-4  col-xs-mobile-fullwidth\"><div class=\"vc_column-inner\"><div class=\"wpb_wrapper\">\n\t<div  class=\"wpb_single_image wpb_content_element vc_align_center\">\n\t\t\n\t\t<figure class=\"wpb_wrapper vc_figure\">\n\t\t\t<a href=\"http:\/\/Giesstechnik.de\/DE\/Leistungsbereich\/Ersatzteile\/Schmelzeeinbauten\/Massel-Chargierkoerbe\" target=\"_self\" class=\"vc_single_image-wrapper   vc_box_border_grey\"><img loading=\"lazy\" decoding=\"async\" width=\"1004\" height=\"650\" src=\"https:\/\/giesstechnik.de\/wp-content\/uploads\/Visitenkarte\/visitenkarte_rueckseite.png\" class=\"vc_single_image-img attachment-full\" alt=\"\" title=\"visitenkarte_rueckseite\" srcset=\"https:\/\/giesstechnik.de\/wp-content\/uploads\/Visitenkarte\/visitenkarte_rueckseite.png 1004w, https:\/\/giesstechnik.de\/wp-content\/uploads\/Visitenkarte\/visitenkarte_rueckseite-300x194.png 300w, https:\/\/giesstechnik.de\/wp-content\/uploads\/Visitenkarte\/visitenkarte_rueckseite-768x497.png 768w, https:\/\/giesstechnik.de\/wp-content\/uploads\/Visitenkarte\/visitenkarte_rueckseite-81x52.png 81w\" sizes=\"(max-width: 1004px) 100vw, 1004px\" \/><\/a>\n\t\t<\/figure>\n\t<\/div>\n<div class=\"last-paragraph-no-margin\"><p style=\"text-align: center;\">Massel Chargierk\u00f6rbe<\/p>\n<\/div><\/div><\/div><\/div><div class=\"wpb_column vc_column_container vc_col-sm-4  col-xs-mobile-fullwidth\"><div class=\"vc_column-inner\"><div class=\"wpb_wrapper\">\n\t<div  class=\"wpb_single_image wpb_content_element vc_align_center\">\n\t\t\n\t\t<figure class=\"wpb_wrapper vc_figure\">\n\t\t\t<a href=\"http:\/\/Giesstechnik.de\/DE\/Leistungsbereich\/Ersatzteile\/Schmelzeeinbauten\/Niveaumessung\" target=\"_self\" class=\"vc_single_image-wrapper   vc_box_border_grey\"><img loading=\"lazy\" decoding=\"async\" width=\"1004\" height=\"650\" src=\"https:\/\/giesstechnik.de\/wp-content\/uploads\/Visitenkarte\/visitenkarte_rueckseite.png\" class=\"vc_single_image-img attachment-full\" alt=\"\" title=\"visitenkarte_rueckseite\" srcset=\"https:\/\/giesstechnik.de\/wp-content\/uploads\/Visitenkarte\/visitenkarte_rueckseite.png 1004w, https:\/\/giesstechnik.de\/wp-content\/uploads\/Visitenkarte\/visitenkarte_rueckseite-300x194.png 300w, https:\/\/giesstechnik.de\/wp-content\/uploads\/Visitenkarte\/visitenkarte_rueckseite-768x497.png 768w, https:\/\/giesstechnik.de\/wp-content\/uploads\/Visitenkarte\/visitenkarte_rueckseite-81x52.png 81w\" sizes=\"(max-width: 1004px) 100vw, 1004px\" \/><\/a>\n\t\t<\/figure>\n\t<\/div>\n<div class=\"last-paragraph-no-margin\"><p style=\"text-align: center;\">Niveamessung<\/p>\n<\/div><\/div><\/div><\/div><div class=\"wpb_column vc_column_container vc_col-sm-4  col-xs-mobile-fullwidth\"><div class=\"vc_column-inner\"><div class=\"wpb_wrapper\">\n\t<div  class=\"wpb_single_image wpb_content_element vc_align_center\">\n\t\t\n\t\t<figure class=\"wpb_wrapper vc_figure\">\n\t\t\t<a href=\"http:\/\/Giesstechnik.de\/DE\/Leistungsbereich\/Ersatzteile\/Schmelzeeinbauten\/Schutzrohre\" target=\"_self\" class=\"vc_single_image-wrapper   vc_box_border_grey\"><img loading=\"lazy\" decoding=\"async\" width=\"1004\" height=\"650\" src=\"https:\/\/giesstechnik.de\/wp-content\/uploads\/Visitenkarte\/visitenkarte_rueckseite.png\" class=\"vc_single_image-img attachment-full\" alt=\"\" title=\"visitenkarte_rueckseite\" srcset=\"https:\/\/giesstechnik.de\/wp-content\/uploads\/Visitenkarte\/visitenkarte_rueckseite.png 1004w, https:\/\/giesstechnik.de\/wp-content\/uploads\/Visitenkarte\/visitenkarte_rueckseite-300x194.png 300w, https:\/\/giesstechnik.de\/wp-content\/uploads\/Visitenkarte\/visitenkarte_rueckseite-768x497.png 768w, https:\/\/giesstechnik.de\/wp-content\/uploads\/Visitenkarte\/visitenkarte_rueckseite-81x52.png 81w\" sizes=\"(max-width: 1004px) 100vw, 1004px\" \/><\/a>\n\t\t<\/figure>\n\t<\/div>\n<div class=\"last-paragraph-no-margin\"><p style=\"text-align: center;\">Schutzrohre<\/p>\n<\/div><\/div><\/div><\/div><\/div><\/div><\/div><\/div><\/section><\/section>\n<\/div>","protected":false},"excerpt":{"rendered":"Startseite News Leistungsbereich Unternehmen Stellenangebote Anlagenbau Ersatzteile Magnesium Tiegel Ersatzteilpaket Schmelzeeinbauten Niveaumessung Schutzrohre Massel Chargierk\u00f6rbe Dosiertechnik Transfertechnik Reinigungswerkzeuge Kippvorrichtung Heizelemente Isoliersteine Hilfsmittel f\u00fcr den Betrieb Tiegel anderer Werkstoffe Feuerl\u00f6scher Schulungen\/Prozessanalyse\/Optimierung Wartung \/ Service Schmelzeeinbauten Massel Chargierk\u00f6rbe Niveamessung Schutzrohre","protected":false},"author":5,"featured_media":0,"parent":272,"menu_order":0,"comment_status":"closed","ping_status":"closed","template":"","meta":{"footnotes":""},"class_list":["post-1456","page","type-page","status-publish","hentry"],"_links":{"self":[{"href":"https:\/\/giesstechnik.de\/en\/wp-json\/wp\/v2\/pages\/1456"}],"collection":[{"href":"https:\/\/giesstechnik.de\/en\/wp-json\/wp\/v2\/pages"}],"about":[{"href":"https:\/\/giesstechnik.de\/en\/wp-json\/wp\/v2\/types\/page"}],"author":[{"embeddable":true,"href":"https:\/\/giesstechnik.de\/en\/wp-json\/wp\/v2\/users\/5"}],"replies":[{"embeddable":true,"href":"https:\/\/giesstechnik.de\/en\/wp-json\/wp\/v2\/comments?post=1456"}],"version-history":[{"count":3,"href":"https:\/\/giesstechnik.de\/en\/wp-json\/wp\/v2\/pages\/1456\/revisions"}],"predecessor-version":[{"id":1731,"href":"https:\/\/giesstechnik.de\/en\/wp-json\/wp\/v2\/pages\/1456\/revisions\/1731"}],"up":[{"embeddable":true,"href":"https:\/\/giesstechnik.de\/en\/wp-json\/wp\/v2\/pages\/272"}],"wp:attachment":[{"href":"https:\/\/giesstechnik.de\/en\/wp-json\/wp\/v2\/media?parent=1456"}],"curies":[{"name":"wp","href":"https:\/\/api.w.org\/{rel}","templated":true}]}}