{"id":165,"date":"2018-09-28T19:20:47","date_gmt":"2018-09-28T17:20:47","guid":{"rendered":"http:\/\/giesstechnik.de\/?page_id=165"},"modified":"2019-04-09T17:36:53","modified_gmt":"2019-04-09T15:36:53","slug":"datenschutz","status":"publish","type":"page","link":"https:\/\/giesstechnik.de\/en\/datenschutz\/","title":{"rendered":"data protction"},"content":{"rendered":"<div class=\"wpb-content-wrapper\"><section class=\"vc_row wpb_row vc_row-fluid\"><div class=\"wpb_column vc_column_container vc_col-sm-12  col-xs-mobile-fullwidth\"><div class=\"vc_column-inner vc_custom_1538075900939\"><div class=\"wpb_wrapper\">\n\t<div  class=\"wpb_single_image wpb_content_element vc_align_center\">\n\t\t\n\t\t<figure class=\"wpb_wrapper vc_figure\">\n\t\t\t<div class=\"vc_single_image-wrapper   vc_box_border_grey\"><img loading=\"lazy\" decoding=\"async\" width=\"1170\" height=\"370\" src=\"https:\/\/giesstechnik.de\/wp-content\/uploads\/titelbild_startseite.jpg\" class=\"vc_single_image-img attachment-full\" alt=\"\" title=\"titelbild_startseite\" srcset=\"https:\/\/giesstechnik.de\/wp-content\/uploads\/titelbild_startseite.jpg 1170w, https:\/\/giesstechnik.de\/wp-content\/uploads\/titelbild_startseite-300x95.jpg 300w, https:\/\/giesstechnik.de\/wp-content\/uploads\/titelbild_startseite-768x243.jpg 768w, https:\/\/giesstechnik.de\/wp-content\/uploads\/titelbild_startseite-1024x324.jpg 1024w, https:\/\/giesstechnik.de\/wp-content\/uploads\/titelbild_startseite-81x26.jpg 81w\" sizes=\"auto, (max-width: 1170px) 100vw, 1170px\" \/><\/div>\n\t\t<\/figure>\n\t<\/div>\n<\/div><\/div><\/div><\/section><section class=\"vc_row wpb_row vc_row-fluid\"><div class=\"wpb_column vc_column_container vc_col-sm-12  col-xs-mobile-fullwidth\"><div class=\"vc_column-inner\"><div class=\"wpb_wrapper\"><div id=\"mainnav\" class=\"vc_wp_custommenu wpb_content_element\"><div class=\"widget widget_nav_menu\"><div class=\"menu-hauptnavi-container\"><ul id=\"menu-hauptnavi\" class=\"menu\"><li id=\"menu-item-547\" class=\"menu-item menu-item-type-post_type menu-item-object-page menu-item-home menu-item-547\"><a href=\"https:\/\/giesstechnik.de\/en\/\">starting page<\/a><\/li>\n<li id=\"menu-item-1807\" class=\"menu-item menu-item-type-post_type menu-item-object-page menu-item-1807\"><a href=\"https:\/\/giesstechnik.de\/en\/news\/\">News<\/a><\/li>\n<li id=\"menu-item-275\" class=\"menu-item menu-item-type-post_type menu-item-object-page menu-item-275\"><a href=\"https:\/\/giesstechnik.de\/en\/leistungsbereich\/\">Product program<\/a><\/li>\n<li id=\"menu-item-190\" class=\"menu-item menu-item-type-post_type menu-item-object-page menu-item-190\"><a href=\"https:\/\/giesstechnik.de\/en\/unternehmen\/\">company<\/a><\/li>\n<li id=\"menu-item-433\" class=\"menu-item menu-item-type-post_type menu-item-object-page menu-item-433\"><a href=\"https:\/\/giesstechnik.de\/en\/stellenangebote\/\">vacancies<\/a><\/li>\n<\/ul><\/div><\/div><\/div><\/div><\/div><\/div><\/section><section id=\"maincontent\" class=\"vc_section vc_custom_1538079055995 vc_section-has-fill\"><section class=\"vc_row wpb_row vc_row-fluid\"><div class=\"wpb_column vc_column_container vc_col-sm-12  col-xs-mobile-fullwidth\"><div class=\"vc_column-inner\"><div class=\"wpb_wrapper\"><div class=\"vc_row wpb_row vc_inner vc_row-fluid\"><div class=\"wpb_column vc_column_container vc_col-sm-12  col-xs-mobile-fullwidth\"><div class=\"vc_column-inner\"><div class=\"wpb_wrapper\"><div class=\"vc_custom_1539126858631 last-paragraph-no-margin\"><h2 style=\"text-align: left;\">Datenschutzerkl\u00e4rung<\/h2>\n<p><strong>Die Kontaktdaten des Unternehmens:<br \/>\n<\/strong>Name: Gerhard Geishuettner<br \/>\nTelefonnummer: +49 2293 93 77 50<br \/>\nE-Mail Adresse: info@giesstechnik.de<br \/>\nUnternehmensbezeichnung: GG-GIESSTECHNIK GmbH &amp; Co. KG<\/p>\n<p><strong>Die Kontaktdaten des Datenschutzbeauftragten:<\/strong><br \/>\nName: Gerhard Geishuettner<br \/>\nTelefonnummer: +49 2293 93 77 50<br \/>\nE-Mail Adresse: info@giesstechnik.de<br \/>\nUnternehmensbezeichnung: GG-GIESSTECHNIK GmbH &amp; Co. KG<\/p>\n<p><strong>Auskunft, L\u00f6schung, Sperrung<\/strong><br \/>\nSie erhalten jederzeit unentgeltlich Auskunft \u00fcber die von uns gespeicherten personenbezogenen Daten zu Ihrer Person sowie zur Herkunft, dem Empf\u00e4nger und dem Zweck von Datenerhebung sowie Datenverarbeitung. Au\u00dferdem haben Sie das Recht, die Berichtigung, die Sperrung oder L\u00f6schung Ihrer Daten zu verlangen. Ausgenommen davon sind Daten, die aufgrund gesetzlicher Vorschriften aufbewahrt oder zur ordnungsgem\u00e4\u00dfen Gesch\u00e4ftsabwicklung ben\u00f6tigt werden. Damit eine Datensperre jederzeit realisiert werden kann, werden Daten zu Kontrollzwecken in einer Sperrdatei vorgehalten. Werden Daten nicht von einer gesetzlichen Archivierungspflicht erfasst, l\u00f6schen wir Ihre Daten auf Ihren Wunsch. Greift die Archivierungspflicht, sperren wir Ihre Daten. F\u00fcr alle Fragen und Anliegen zur Berichtigung, Sperrung oder L\u00f6schung von personenbezogenen Daten wenden Sie sich bitte an unseren Datenschutzbeauftragten unter den Kontaktdaten in dieser Datenschutzerkl\u00e4rung bzw. an die im Impressum genannte Adresse.<\/p>\n<p><strong>Cookies<\/strong><br \/>\nWir verwenden auf unserer Webseite Cookies. Diese kleinen Textdateien werden von unserem Server aus auf Ihrem PC gespeichert. Sie unterst\u00fctzen die Darstellung unserer Webseite und helfen Ihnen, sich auf unserer Webseite zu bewegen. Cookies erfassen Daten zu Ihrer IP-Adresse, zu Ihrem Browser, Ihrem Betriebssystem und Ihrer Internetverbindung. Diese Informationen verbinden wir nicht mit personenbezogenen Daten und geben sie nicht an Dritte weiter. Keinesfalls werden Cookies von uns dazu benutzt, Schad- oder Spionageprogramme auf Ihren Rechner zu bringen. Sie k\u00f6nnen unsere Webseite auch ohne den Einsatz von Cookies nutzen, wodurch m\u00f6glicherweise einige Darstellungen und Funktionen unseres Angebots nur eingeschr\u00e4nkt arbeiten. Wenn Sie die Cookies deaktivieren m\u00f6chten, k\u00f6nnen Sie das \u00fcber spezielle Einstellungen Ihres Browsers erreichen. Nutzen Sie bitte dessen Hilfsfunktion, um die entsprechenden \u00c4nderungen vornehmen zu k\u00f6nnen. Online-Anzeigen-Cookies k\u00f6nnen Sie \u00fcber folgende Links verwalten: http:\/\/www.aboutads.info\/choices f\u00fcr die USA http:\/\/www.youronlinechoices.com\/uk\/your-ad-choices f\u00fcr Europa<\/p>\n<p><strong>Erhebung von Zugriffsdaten<\/strong><br \/>\nDie Auslieferung und Darstellung der Inhalte \u00fcber unsere Webseite erfordert technisch die Erfassung bestimmter Daten. Mit Ihrem Zugriff auf unsere Webseite werden diese sogenannten Server-Logfiles durch uns oder den Provider des Webspace erfasst. Diese Logfiles erlauben keinen R\u00fcckschluss auf Sie und Ihre Person. Die entsprechenden Informationen bestehen aus dem Namen der Webseite, der Datei, dem aktuellen Datum, der Datenmenge, dem Webrowser und seiner Version, dem eingesetzten Betriebssystem, dem Domain-Namen Ihres Internet-Providers, der Referrer-URL als jene Seite, von der Sie auf unsere Seite gewechselt sind, sowie der entsprechenden IP-Adresse. Wir nutzen diese Daten zur Darstellung und Auslieferung unserer Inhalte sowie zu statistischen Zwecken. Die Informationen unterst\u00fctzen die Bereitstellung und st\u00e4ndige Verbesserung unseres Angebots. Auch behalten wir uns vor, die erw\u00e4hnten Daten nachtr\u00e4glich zu pr\u00fcfen, sollte der Verdacht auf eine rechtswidrige Nutzung unseres Angebotes bestehen.<\/p>\n<p><strong>Inhalte und Dienste von Drittanbietern<\/strong><br \/>\nDas Angebot auf unserer Webseite erfasst unter Umst\u00e4nden auch Inhalte, Dienste und Leistungen von anderen Anbietern, die unser Angebot erg\u00e4nzen. Beispiele f\u00fcr solche Angebote sind Karten von Google-Maps, YouTube-Videos oder Grafikdarstellungen Dritter. Der Aufruf dieser Leistungen von dritter Seite erfordert regelm\u00e4\u00dfig die \u00dcbermittlung Ihrer IP-Adresse. Damit ist es diesen Anbietern m\u00f6glich, Ihre Nutzer-IP-Adresse wahrzunehmen und diese auch zu speichern. Wir bem\u00fchen uns sehr, nur solche Drittanbieter einzubeziehen, die IP-Adressen allein zur Auslieferung der Inhalte nutzen. Wir haben dabei jedoch keinen Einfluss darauf, welcher Drittanbieter gegebenenfalls die IP-Adresse speichert. Diese Speicherung kann zum Beispiel statistischen Zwecken dienen. Sollten wir von Speicherungsvorg\u00e4ngen durch Drittanbieter Kenntnis erlangen, weisen wir unsere Nutzer unverz\u00fcglich auf diese Tatsache hin. Beachten Sie bitte in diesem Zusammenhang auch die speziellen Datenschutzerkl\u00e4rungen zu einzelnen Drittanbietern und Dienstleistern, deren Service wir auf unserer Webseite nutzen. Sie finden Sie ebenfalls in dieser Datenschutzerkl\u00e4rung.<\/p>\n<p><strong>Newsletter<\/strong><br \/>\nSie k\u00f6nnen sich auf unserer Webseite f\u00fcr den Bezug unseres Newsletters anmelden. Wir ben\u00f6tigen daf\u00fcr Ihre E-Mail-Adresse. Au\u00dferdem m\u00fcssen wir unter Beachtung der entsprechenden rechtlichen Vorschriften pr\u00fcfen, ob Sie tats\u00e4chlich Inhaber der angegebenen E-Mail-Adresse sind und den Newsletter erhalten m\u00f6chten. Wir erheben deshalb Informationen, die eine solche \u00dcberpr\u00fcfung m\u00f6glich machen. Die in diesem Rahmen erhobenen Daten dienen dem Versand und Empfang des Newsletters. Sie haben einen anderen Zweck und werden nicht an Dritte weitergegeben. Es werden au\u00dfer den f\u00fcr den Newsletterversand notwendigen Informationen keine weiteren Daten von unserer Seite erhoben. Da der Newsletterversand und -empfang von Ihrer Einwilligung abh\u00e4ngig ist, k\u00f6nnen Sie diese Einwilligung zur Erhebung und Speicherung Ihrer Daten jederzeit ohne Angabe von Gr\u00fcnden widerrufen. Nutzen Sie dazu den &#8222;Abmelde-Link&#8220;, der im Newsletter bereitgestellt wird.<\/p>\n<p><strong>Personenbezogene Daten<\/strong><br \/>\nPersonenbezogene Daten erheben wir im Rahmen von Datenvermeidung und Datensparsamkeit nur in dem Ausma\u00df und so lange, wie es zur Nutzung unserer Webseite notwendig ist, beziehungsweise vom Gesetzgeber vorgeschrieben wird. Wir nehmen den Schutz Ihrer pers\u00f6nlichen Daten ernst und halten uns bei Erhebung und Verarbeitung personenbezogener Daten streng an die entsprechenden gesetzlichen Vorschriften und an diese Datenschutzerkl\u00e4rung. F\u00e4llt der Zweck der Datenerhebung weg oder ist das Ende der gesetzlichen Speicherfrist erreicht, werden die erhobenen Daten gesperrt oder gel\u00f6scht. Regelm\u00e4\u00dfig kann unsere Webseite ohne die Weitergabe pers\u00f6nlicher Daten genutzt werden. Wenn wir personenbezogene Daten erheben \u2013 etwa Ihren Namen, Ihre Anschrift oder Ihre E-Mail-Adresse \u2013 erfolgt diese Datenerhebung freiwillig. Ohne eine ausdr\u00fccklich erteilte Zustimmung von Ihrer Seite werden diese Daten Dritten nicht zur Kenntnis gebracht. Beachten Sie bitte, dass Daten im Internet allgemein nicht immer sicher \u00fcbertragen werden. Besonders im E-Mail-Verkehr kann der Schutz beim Datenaustausch nicht garantiert werden.<\/p>\n<p><strong>Server Logfiles<\/strong><br \/>\nBei den Server Logfiles handelt es sich um anonymisierte Daten, die bei Ihrem Zugriff auf unsere Webseite erfasst werden. Diese Informationen erm\u00f6glichen keine R\u00fcckschl\u00fcsse auf Sie pers\u00f6nlich, sind aber aus technischen Gr\u00fcnden f\u00fcr die Auslieferung und Darstellung unserer Inhalte unverzichtbar. Weiterhin dienen Sie unserer Statistik und der st\u00e4ndigen Optimierung unserer Inhalte. Typische Logfiles sind das Datum und die Zeit des Zugriffs, die Datenmenge, der f\u00fcr den Zugriff benutzte Browser und seine Version, das eingesetzte Betriebssystem, der Domainname des von Ihnen beauftragten Providers, die Seite, von der Sie zu unserem Angebot gekommen sind (Referrer-URL) und Ihre IP-Adresse. Logfiles erm\u00f6glichen au\u00dferdem eine genaue Pr\u00fcfung bei Verdacht auf eine rechtswidrige Nutzung unserer Webseite.<\/p>\n<p><strong>SSL-Verschl\u00fcsselung<\/strong><br \/>\nUnsere Webseite bedient sich einer SSL-Verschl\u00fcsselung, wenn es um die \u00dcbermittlung vertraulicher oder pers\u00f6nlicher Inhalte unserer Nutzer geht. Diese Verschl\u00fcsslung wird zum Beispiel bei der Abwicklung des Zahlungsverkehrs sowie bei Anfragen aktiviert, die Sie an uns \u00fcber unsere Webseite stellen. Achten Sie bitte darauf, dass die SSL-Verschl\u00fcsselung bei entsprechenden Aktivit\u00e4ten von Ihrer Seite her aktiviert ist. Der Einsatz der Verschl\u00fcsselung ist leicht zu erkennen: Die Anzeige in Ihrer Browserzeile wechselt von \u201ehttp:\/\/\u201c zu \u201ehttps:\/\/\u201c. \u00dcber SSL verschl\u00fcsselte Daten sind nicht von Dritten lesbar. \u00dcbermitteln Sie Ihre vertraulichen Informationen nur bei aktivierter SSL-Verschl\u00fcsselung und wenden Sie sich im Zweifel an uns.<\/p>\n<p><strong>Verwendung von Google Analytics<\/strong><br \/>\nWir nutzen auf unserer Webseite den Webanalysedienst Google Analytics von Google Inc. Dieser setzt Cookies ein. Dabei handelt es sich um Textdateien, die durch Speicherung auf Ihrem PC eine Analyse zu Ihrem Nutzerverhalten in Bezug auf unsere Webseite erlauben. Die Cookies erzeugen Informationen, die an einen Google-Server \u00fcbertragen werden. Diese Server befinden sich in der Regel in den USA, folgen aber Abkommen zur Nutzung des europ\u00e4ischen Wirtschaftsraumes und k\u00fcrzen Ihre IP-Adresse vor \u00dcbermittlung in die Vereinigten Staaten. Nur in Ausnahmef\u00e4llen wird die IP-Adresse erst nach \u00dcbermittlung in die USA gek\u00fcrzt. Google wertet die \u00fcbermittelten Informationen aus und erbringt in diesem Kontext weitere Dienstleistungen f\u00fcr uns Webseitenbetreiber. Dabei wird die ermittelte IP-Adresse nicht mit anderen Google-Services zusammengef\u00fchrt. \u00dcber eine \u00c4nderung Ihrer Browsereinstellungen k\u00f6nnen Sie die Speicherung von Cookies auf Ihrem Rechner unterbinden. Damit k\u00f6nnen allerdings Darstellungs- und Funktionseinschr\u00e4nkungen bei der Nutzung unserer Webseite verbunden sein. Ein Browser-Plugin verhindert dar\u00fcber hinaus die Erfassung sowie Nutzung der durch die Cookies erzeugten Daten. Sie k\u00f6nnen es unter folgendem Link herunterladen: https:\/\/tools.google.com\/dlpage\/gaoptout?hl=de Erfahren Sie mehr zu den Datenschutzbedingungen von Google und Google Analytics unter: http:\/\/www.google.com\/analytics\/terms\/de.html oder unter https:\/\/www.google.de\/intl\/de\/policies\/.<\/p>\n<p><strong>Google Analytics Remarketing<\/strong><br \/>\nWir setzen auf unserer Webseite die Remarketing-Funktion der Google Inc. ein. Mit dieser Funktion pr\u00e4sentieren wir gemeinsam mit Google unseren Besuchern angepasste und interessenbezogene Werbeanzeigen. Dabei werden auf Ihrem Rechner Cookies gesetzt. Das sind Textdateien, die Nutzers beim Aufruf von Seiten wiedererkennen und so eine interessengerechte Werbung im gesamten Google-Netzwerk m\u00f6glich machen. Google verneint in diesem Zusammenhang die Erhebung von personenbezogenen Daten und stellt nach eigenen Angaben auch keine Verbindungen zu anderen Google-Services her. Sie k\u00f6nnen die Remarketing-Funktion von Google unterbinden, indem Sie entsprechende Einstellungen unter http:\/\/www.google.com\/settings\/ads durchf\u00fchren. Weiterhin l\u00e4sst sich der Einsatz von Cookies \u00fcber http:\/\/www.networkadvertising.org\/managing\/opt_out.asp oder durch ge\u00e4nderte Einstellungen in Ihrem Browser deaktivieren. Nutzen Sie gegebenenfalls dessen Hilfe-Funktion. N\u00e4heres zum Google Remarketing und der allgemeinen Datenschutzerkl\u00e4rung von Google erfahren Sie unter: http:\/\/www.google.com\/privacy\/ads\/.<\/p>\n<p>Diese Datenschutzerkl\u00e4rung wurde erstellt durch www.datenschutzexperte.de<\/p>\n<\/div><\/div><\/div><\/div><\/div><\/div><\/div><\/div><\/section><\/section>\n<\/div>","protected":false},"excerpt":{"rendered":"Startseite News Leistungsbereich Unternehmen Stellenangebote Datenschutzerkl\u00e4rung Die Kontaktdaten des Unternehmens: Name: Gerhard Geishuettner Telefonnummer: +49 2293 93 77 50 E-Mail Adresse: info@giesstechnik.de Unternehmensbezeichnung: GG-GIESSTECHNIK GmbH &amp; Co. KG Die Kontaktdaten des Datenschutzbeauftragten: Name: Gerhard Geishuettner Telefonnummer: +49 2293 93 77 50 E-Mail Adresse: info@giesstechnik.de Unternehmensbezeichnung: GG-GIESSTECHNIK GmbH &amp; Co. KG Auskunft, L\u00f6schung, Sperrung Sie erhalten jederzeit unentgeltlich Auskunft \u00fcber die von uns gespeicherten personenbezogenen Daten zu Ihrer Person sowie zur Herkunft, dem Empf\u00e4nger und dem Zweck von Datenerhebung sowie Datenverarbeitung. Au\u00dferdem haben Sie das Recht, die Berichtigung, die Sperrung oder L\u00f6schung Ihrer Daten zu verlangen. Ausgenommen davon sind Daten, die aufgrund gesetzlicher Vorschriften aufbewahrt oder zur ordnungsgem\u00e4\u00dfen Gesch\u00e4ftsabwicklung ben\u00f6tigt werden. Damit eine Datensperre jederzeit realisiert werden kann, werden Daten zu Kontrollzwecken in einer Sperrdatei vorgehalten. Werden Daten nicht von einer gesetzlichen Archivierungspflicht erfasst, l\u00f6schen wir Ihre Daten auf Ihren Wunsch. Greift die Archivierungspflicht, sperren wir Ihre Daten. F\u00fcr alle Fragen und Anliegen zur Berichtigung, Sperrung oder L\u00f6schung von personenbezogenen Daten wenden Sie sich bitte an unseren Datenschutzbeauftragten unter den Kontaktdaten in dieser Datenschutzerkl\u00e4rung bzw. an die im Impressum genannte Adresse. Cookies Wir verwenden auf unserer Webseite Cookies. Diese kleinen Textdateien werden von unserem Server aus auf Ihrem PC gespeichert. Sie...","protected":false},"author":1,"featured_media":0,"parent":0,"menu_order":0,"comment_status":"closed","ping_status":"closed","template":"","meta":{"footnotes":""},"class_list":["post-165","page","type-page","status-publish","hentry"],"_links":{"self":[{"href":"https:\/\/giesstechnik.de\/en\/wp-json\/wp\/v2\/pages\/165","targetHints":{"allow":["GET"]}}],"collection":[{"href":"https:\/\/giesstechnik.de\/en\/wp-json\/wp\/v2\/pages"}],"about":[{"href":"https:\/\/giesstechnik.de\/en\/wp-json\/wp\/v2\/types\/page"}],"author":[{"embeddable":true,"href":"https:\/\/giesstechnik.de\/en\/wp-json\/wp\/v2\/users\/1"}],"replies":[{"embeddable":true,"href":"https:\/\/giesstechnik.de\/en\/wp-json\/wp\/v2\/comments?post=165"}],"version-history":[{"count":13,"href":"https:\/\/giesstechnik.de\/en\/wp-json\/wp\/v2\/pages\/165\/revisions"}],"predecessor-version":[{"id":1061,"href":"https:\/\/giesstechnik.de\/en\/wp-json\/wp\/v2\/pages\/165\/revisions\/1061"}],"wp:attachment":[{"href":"https:\/\/giesstechnik.de\/en\/wp-json\/wp\/v2\/media?parent=165"}],"curies":[{"name":"wp","href":"https:\/\/api.w.org\/{rel}","templated":true}]}}