{"id":2044,"date":"2023-01-19T17:31:58","date_gmt":"2023-01-19T16:31:58","guid":{"rendered":"https:\/\/giesstechnik.de\/?page_id=2044"},"modified":"2023-01-27T23:31:32","modified_gmt":"2023-01-27T22:31:32","slug":"magnesium-transfersystem","status":"publish","type":"page","link":"https:\/\/giesstechnik.de\/en\/leistungsbereich\/ersatzteile\/transfertechnik\/magnesium-transfersystem\/","title":{"rendered":"Magnesium Transfersystem &#8211; D"},"content":{"rendered":"<div class=\"wpb-content-wrapper\"><section class=\"vc_row wpb_row vc_row-fluid\"><div class=\"wpb_column vc_column_container vc_col-sm-12  col-xs-mobile-fullwidth\"><div class=\"vc_column-inner vc_custom_1538075900939\"><div class=\"wpb_wrapper\">\n\t<div  class=\"wpb_single_image wpb_content_element vc_align_center\">\n\t\t\n\t\t<figure class=\"wpb_wrapper vc_figure\">\n\t\t\t<div class=\"vc_single_image-wrapper   vc_box_border_grey\"><img loading=\"lazy\" decoding=\"async\" width=\"1170\" height=\"370\" src=\"https:\/\/giesstechnik.de\/wp-content\/uploads\/titelbild_startseite.jpg\" class=\"vc_single_image-img attachment-full\" alt=\"\" title=\"titelbild_startseite\" srcset=\"https:\/\/giesstechnik.de\/wp-content\/uploads\/titelbild_startseite.jpg 1170w, https:\/\/giesstechnik.de\/wp-content\/uploads\/titelbild_startseite-300x95.jpg 300w, https:\/\/giesstechnik.de\/wp-content\/uploads\/titelbild_startseite-768x243.jpg 768w, https:\/\/giesstechnik.de\/wp-content\/uploads\/titelbild_startseite-1024x324.jpg 1024w, https:\/\/giesstechnik.de\/wp-content\/uploads\/titelbild_startseite-81x26.jpg 81w\" sizes=\"(max-width: 1170px) 100vw, 1170px\" \/><\/div>\n\t\t<\/figure>\n\t<\/div>\n<\/div><\/div><\/div><\/section><section class=\"vc_row wpb_row vc_row-fluid\"><div class=\"wpb_column vc_column_container vc_col-sm-12  col-xs-mobile-fullwidth\"><div class=\"vc_column-inner\"><div class=\"wpb_wrapper\"><div id=\"mainnav\" class=\"vc_wp_custommenu wpb_content_element\"><div class=\"widget widget_nav_menu\"><div class=\"menu-hauptnavi-container\"><ul id=\"menu-hauptnavi\" class=\"menu\"><li id=\"menu-item-547\" class=\"menu-item menu-item-type-post_type menu-item-object-page menu-item-home menu-item-547\"><a href=\"https:\/\/giesstechnik.de\/en\/\">starting page<\/a><\/li>\n<li id=\"menu-item-1807\" class=\"menu-item menu-item-type-post_type menu-item-object-page menu-item-1807\"><a href=\"https:\/\/giesstechnik.de\/en\/news\/\">News<\/a><\/li>\n<li id=\"menu-item-275\" class=\"menu-item menu-item-type-post_type menu-item-object-page menu-item-275\"><a href=\"https:\/\/giesstechnik.de\/en\/leistungsbereich\/\">Product program<\/a><\/li>\n<li id=\"menu-item-190\" class=\"menu-item menu-item-type-post_type menu-item-object-page menu-item-190\"><a href=\"https:\/\/giesstechnik.de\/en\/unternehmen\/\">company<\/a><\/li>\n<li id=\"menu-item-433\" class=\"menu-item menu-item-type-post_type menu-item-object-page menu-item-433\"><a href=\"https:\/\/giesstechnik.de\/en\/stellenangebote\/\">vacancies<\/a><\/li>\n<\/ul><\/div><\/div><\/div><\/div><\/div><\/div><\/section><section id=\"maincontent\" class=\"vc_section vc_custom_1538079055995 vc_section-has-fill\"><section class=\"vc_row wpb_row vc_row-fluid\"><div class=\"wpb_column vc_column_container vc_col-has-fill subMenu vc_col-sm-3  col-xs-mobile-fullwidth\"><div class=\"vc_column-inner vc_custom_1539132447521\"><div class=\"wpb_wrapper\"><div  class=\"vc_wp_custommenu wpb_content_element submenu\"><div class=\"widget widget_nav_menu\"><div class=\"menu-menue-leistungsbereich-ersatzteile-transfertechnik-container\"><ul id=\"menu-menue-leistungsbereich-ersatzteile-transfertechnik\" class=\"menu\"><li id=\"menu-item-2050\" class=\"menu-item menu-item-type-post_type menu-item-object-page menu-item-2050\"><a href=\"https:\/\/giesstechnik.de\/en\/leistungsbereich\/anlagenbau\/\">plant-construction<\/a><\/li>\n<li id=\"menu-item-2051\" class=\"menu-item menu-item-type-post_type menu-item-object-page menu-item-has-children menu-item-2051\"><a href=\"https:\/\/giesstechnik.de\/en\/leistungsbereich\/ersatzteile\/\">spare-parts<\/a>\n<ul class=\"sub-menu\">\n\t<li id=\"menu-item-2058\" class=\"menu-item menu-item-type-post_type menu-item-object-page menu-item-2058\"><a href=\"https:\/\/giesstechnik.de\/en\/leistungsbereich\/ersatzteile\/mg-tiegel\/\">magnesium crucible<\/a><\/li>\n\t<li id=\"menu-item-2053\" class=\"menu-item menu-item-type-post_type menu-item-object-page menu-item-2053\"><a href=\"https:\/\/giesstechnik.de\/en\/leistungsbereich\/ersatzteile\/ersatzteilpaket\/\">spare-parts packages<\/a><\/li>\n\t<li id=\"menu-item-2063\" class=\"menu-item menu-item-type-post_type menu-item-object-page menu-item-2063\"><a href=\"https:\/\/giesstechnik.de\/en\/leistungsbereich\/ersatzteile\/schmelzeeinbauten\/\">plant internals<\/a><\/li>\n\t<li id=\"menu-item-2052\" class=\"menu-item menu-item-type-post_type menu-item-object-page menu-item-2052\"><a href=\"https:\/\/giesstechnik.de\/en\/leistungsbereich\/ersatzteile\/dosiertechnik\/\">Dosiertechnik<\/a><\/li>\n\t<li id=\"menu-item-2061\" class=\"menu-item menu-item-type-post_type menu-item-object-page menu-item-has-children menu-item-2061\"><a href=\"https:\/\/giesstechnik.de\/en\/leistungsbereich\/ersatzteile\/transfertechnik\/\">transfertechnic<\/a>\n\t<ul class=\"sub-menu\">\n\t\t<li id=\"menu-item-2064\" class=\"menu-item menu-item-type-post_type menu-item-object-page menu-item-2064\"><a href=\"https:\/\/giesstechnik.de\/en\/leistungsbereich\/ersatzteile\/transfertechnik\/magnesium-transfersystem\/\">magnesium - transfer system<\/a><\/li>\n\t<\/ul>\n<\/li>\n\t<li id=\"menu-item-2060\" class=\"menu-item menu-item-type-post_type menu-item-object-page menu-item-2060\"><a href=\"https:\/\/giesstechnik.de\/en\/leistungsbereich\/ersatzteile\/reinigungswerkzeuge\/\">cleaning tools<\/a><\/li>\n\t<li id=\"menu-item-2057\" class=\"menu-item menu-item-type-post_type menu-item-object-page menu-item-2057\"><a href=\"https:\/\/giesstechnik.de\/en\/leistungsbereich\/ersatzteile\/kippvorrichtung\/\">ingot loading unit<\/a><\/li>\n\t<li id=\"menu-item-2054\" class=\"menu-item menu-item-type-post_type menu-item-object-page menu-item-2054\"><a href=\"https:\/\/giesstechnik.de\/en\/leistungsbereich\/ersatzteile\/heizelemente\/\">heating element<\/a><\/li>\n\t<li id=\"menu-item-2056\" class=\"menu-item menu-item-type-post_type menu-item-object-page menu-item-2056\"><a href=\"https:\/\/giesstechnik.de\/en\/leistungsbereich\/ersatzteile\/isoliersteine\/\">insulating parts<\/a><\/li>\n\t<li id=\"menu-item-2055\" class=\"menu-item menu-item-type-post_type menu-item-object-page menu-item-2055\"><a href=\"https:\/\/giesstechnik.de\/en\/leistungsbereich\/ersatzteile\/hilfsmittel\/\">tools for the operation<\/a><\/li>\n\t<li id=\"menu-item-2062\" class=\"menu-item menu-item-type-post_type menu-item-object-page menu-item-2062\"><a href=\"https:\/\/giesstechnik.de\/en\/leistungsbereich\/ersatzteile\/tiegel\/\">crucibles of other materials<\/a><\/li>\n<\/ul>\n<\/li>\n<li id=\"menu-item-2059\" class=\"menu-item menu-item-type-post_type menu-item-object-page menu-item-2059\"><a href=\"https:\/\/giesstechnik.de\/en\/leistungsbereich\/feuerloescher\/\">fire extinguisher<\/a><\/li>\n<li id=\"menu-item-2253\" class=\"menu-item menu-item-type-post_type menu-item-object-page menu-item-2253\"><a href=\"https:\/\/giesstechnik.de\/en\/leistungsbereich\/schulungen\/\">training \/ process \/ optimization<\/a><\/li>\n<li id=\"menu-item-2252\" class=\"menu-item menu-item-type-post_type menu-item-object-page menu-item-2252\"><a href=\"https:\/\/giesstechnik.de\/en\/leistungsbereich\/wartung\/\">maintenance \/ service<\/a><\/li>\n<\/ul><\/div><\/div><\/div><\/div><\/div><\/div><div class=\"wpb_column vc_column_container vc_col-sm-9  col-xs-mobile-fullwidth\"><div class=\"vc_column-inner\"><div class=\"wpb_wrapper\"><div class=\"vc_row wpb_row vc_inner vc_row-fluid\"><div class=\"wpb_column vc_column_container vc_col-sm-12  col-xs-mobile-fullwidth\"><div class=\"vc_column-inner\"><div class=\"wpb_wrapper\"><div class=\"last-paragraph-no-margin\"><h2><\/h2>\n<h2><\/h2>\n<h2><\/h2>\n<h2 style=\"text-align: left;\"><a href=\"https:\/\/giesstechnik.de\/wp-content\/uploads\/Ersatzteile\/2023-01-17_Mg - Transfersystem.pdf\">magnesium - transfer system<\/a><\/h2>\n<\/div><\/div><\/div><\/div><\/div><div class=\"vc_row wpb_row vc_inner vc_row-fluid\"><div class=\"wpb_column vc_column_container vc_col-sm-6  col-xs-mobile-fullwidth\"><div class=\"vc_column-inner\"><div class=\"wpb_wrapper\"><div class=\"last-paragraph-no-margin\"><h3 style=\"text-align: left;\">Technical information<\/h3>\n<table border=\"0\">\n<tbody>\n<tr>\n<td valign=\"top\">suitable for:<\/td>\n<td>magnesium alloys<\/td>\n<\/tr>\n<tr>\n<td valign=\"top\">dimensions<\/td>\n<td>Can be produced 1-5m in length 1-3m in height<\/td>\n<\/tr>\n<\/tbody>\n<\/table>\n<\/div><\/div><\/div><\/div><div class=\"wpb_column vc_column_container vc_col-sm-6  col-xs-mobile-fullwidth\"><div class=\"vc_column-inner\"><div class=\"wpb_wrapper\">\n\t<div  class=\"wpb_single_image wpb_content_element vc_align_center\">\n\t\t\n\t\t<figure class=\"wpb_wrapper vc_figure\">\n\t\t\t<a href=\"https:\/\/giesstechnik.de\/wp-content\/uploads\/Ersatzteile\/2023-01-17_Mg - Transfersystem.pdf\" target=\"_self\" class=\"vc_single_image-wrapper   vc_box_border_grey\"><img loading=\"lazy\" decoding=\"async\" width=\"591\" height=\"591\" src=\"https:\/\/giesstechnik.de\/wp-content\/uploads\/Ersatzteile\/2020-03-30-Transfertechnik_Website.jpg\" class=\"vc_single_image-img attachment-large\" alt=\"\" title=\"2020-03-30 Transfertechnik_Website\" srcset=\"https:\/\/giesstechnik.de\/wp-content\/uploads\/Ersatzteile\/2020-03-30-Transfertechnik_Website.jpg 591w, https:\/\/giesstechnik.de\/wp-content\/uploads\/Ersatzteile\/2020-03-30-Transfertechnik_Website-300x300.jpg 300w, https:\/\/giesstechnik.de\/wp-content\/uploads\/Ersatzteile\/2020-03-30-Transfertechnik_Website-150x150.jpg 150w, https:\/\/giesstechnik.de\/wp-content\/uploads\/Ersatzteile\/2020-03-30-Transfertechnik_Website-81x81.jpg 81w\" sizes=\"(max-width: 591px) 100vw, 591px\" \/><\/a>\n\t\t<\/figure>\n\t<\/div>\n<\/div><\/div><\/div><\/div><div class=\"vc_row wpb_row vc_inner vc_row-fluid\"><div class=\"wpb_column vc_column_container vc_col-sm-12  col-xs-mobile-fullwidth\"><div class=\"vc_column-inner\"><div class=\"wpb_wrapper\"><div class=\"vc_empty_space\"   style=\"height: 32px\"><span class=\"vc_empty_space_inner\"><\/span><\/div><div class=\"last-paragraph-no-margin\"><p style=\"text-align: left;\" align=\"LEFT\">The transfer system transports the liquid magnesium to the smelting furnace in the dosing or holding furnace to be processed from there on.<br \/>\nThe transfer system works according to the physical principle of the communicating vessel that means further also in the melting or holding furnace is always the same level.<\/p>\n<\/div><div class=\"vc_empty_space\"   style=\"height: 32px\"><span class=\"vc_empty_space_inner\"><\/span><\/div><\/div><\/div><\/div><div class=\"wpb_column vc_column_container  col-xs-mobile-fullwidth\"><div class=\"vc_column-inner\"><div class=\"wpb_wrapper\"><\/div><\/div><\/div><\/div><\/div><\/div><\/div><\/section><\/section>\n<\/div>","protected":false},"excerpt":{"rendered":"Startseite News Leistungsbereich Unternehmen Stellenangebote Anlagenbau Ersatzteile Magnesium Tiegel Ersatzteilpaket Schmelzeeinbauten Dosiertechnik Transfertechnik Magnesium Transfersystem Reinigungswerkzeuge Kippvorrichtung Heizelemente Isoliersteine Hilfsmittel f\u00fcr den Betrieb Tiegel anderer Werkstoffe Feuerl\u00f6scher Schulungen\/Prozessanalyse\/Optimierung Wartung \/ Service Magnesium Transfersystem Technische Information Geeignet f\u00fcr: Magnesium-Legierungen Abmessungen: Kann von 1-5m L\u00e4nge und 1-3m H\u00f6he produziert werden Das Transfersystem transportiert das fl\u00fcssige Magnesium zum Beispiel vom Schmelzofen in den Dosier\u2013 oder Warmhalteofen um von dort aus weiter verarbeitet werden zu k\u00f6nnen. Das Transfersystem funktionier nach dem physikalischem Grundprinzip des kommunizierenden Gef\u00e4\u00dfes das bedeute weiteres auch das im Schmelz\u2014 bzw. Warmhalteofen immer der gleiche F\u00fcllstand ist.","protected":false},"author":5,"featured_media":0,"parent":1593,"menu_order":0,"comment_status":"closed","ping_status":"closed","template":"","meta":{"footnotes":""},"class_list":["post-2044","page","type-page","status-publish","hentry"],"_links":{"self":[{"href":"https:\/\/giesstechnik.de\/en\/wp-json\/wp\/v2\/pages\/2044"}],"collection":[{"href":"https:\/\/giesstechnik.de\/en\/wp-json\/wp\/v2\/pages"}],"about":[{"href":"https:\/\/giesstechnik.de\/en\/wp-json\/wp\/v2\/types\/page"}],"author":[{"embeddable":true,"href":"https:\/\/giesstechnik.de\/en\/wp-json\/wp\/v2\/users\/5"}],"replies":[{"embeddable":true,"href":"https:\/\/giesstechnik.de\/en\/wp-json\/wp\/v2\/comments?post=2044"}],"version-history":[{"count":8,"href":"https:\/\/giesstechnik.de\/en\/wp-json\/wp\/v2\/pages\/2044\/revisions"}],"predecessor-version":[{"id":2072,"href":"https:\/\/giesstechnik.de\/en\/wp-json\/wp\/v2\/pages\/2044\/revisions\/2072"}],"up":[{"embeddable":true,"href":"https:\/\/giesstechnik.de\/en\/wp-json\/wp\/v2\/pages\/1593"}],"wp:attachment":[{"href":"https:\/\/giesstechnik.de\/en\/wp-json\/wp\/v2\/media?parent=2044"}],"curies":[{"name":"wp","href":"https:\/\/api.w.org\/{rel}","templated":true}]}}