{"id":2164,"date":"2023-11-16T13:17:17","date_gmt":"2023-11-16T12:17:17","guid":{"rendered":"https:\/\/giesstechnik.de\/?page_id=2164"},"modified":"2023-11-16T13:44:30","modified_gmt":"2023-11-16T12:44:30","slug":"schulungen","status":"publish","type":"page","link":"https:\/\/giesstechnik.de\/en\/leistungsbereich\/schulungen\/","title":{"rendered":"Schulungen\/Prozessanalyse\/Optimierung &#8211; D"},"content":{"rendered":"<div class=\"wpb-content-wrapper\"><section class=\"vc_row wpb_row vc_row-fluid\"><div class=\"wpb_column vc_column_container vc_col-sm-12  col-xs-mobile-fullwidth\"><div class=\"vc_column-inner vc_custom_1538075900939\"><div class=\"wpb_wrapper\">\n\t<div  class=\"wpb_single_image wpb_content_element vc_align_center\">\n\t\t\n\t\t<figure class=\"wpb_wrapper vc_figure\">\n\t\t\t<div class=\"vc_single_image-wrapper   vc_box_border_grey\"><img loading=\"lazy\" decoding=\"async\" width=\"1170\" height=\"370\" src=\"https:\/\/giesstechnik.de\/wp-content\/uploads\/titelbild_startseite.jpg\" class=\"vc_single_image-img attachment-full\" alt=\"\" title=\"titelbild_startseite\" srcset=\"https:\/\/giesstechnik.de\/wp-content\/uploads\/titelbild_startseite.jpg 1170w, https:\/\/giesstechnik.de\/wp-content\/uploads\/titelbild_startseite-300x95.jpg 300w, https:\/\/giesstechnik.de\/wp-content\/uploads\/titelbild_startseite-768x243.jpg 768w, https:\/\/giesstechnik.de\/wp-content\/uploads\/titelbild_startseite-1024x324.jpg 1024w, https:\/\/giesstechnik.de\/wp-content\/uploads\/titelbild_startseite-81x26.jpg 81w\" sizes=\"auto, (max-width: 1170px) 100vw, 1170px\" \/><\/div>\n\t\t<\/figure>\n\t<\/div>\n<\/div><\/div><\/div><\/section><section class=\"vc_row wpb_row vc_row-fluid\"><div class=\"wpb_column vc_column_container vc_col-sm-12  col-xs-mobile-fullwidth\"><div class=\"vc_column-inner\"><div class=\"wpb_wrapper\"><div id=\"mainnav\" class=\"vc_wp_custommenu wpb_content_element\"><div class=\"widget widget_nav_menu\"><div class=\"menu-hauptnavi-container\"><ul id=\"menu-hauptnavi\" class=\"menu\"><li id=\"menu-item-547\" class=\"menu-item menu-item-type-post_type menu-item-object-page menu-item-home menu-item-547\"><a href=\"https:\/\/giesstechnik.de\/en\/\">starting page<\/a><\/li>\n<li id=\"menu-item-1807\" class=\"menu-item menu-item-type-post_type menu-item-object-page menu-item-1807\"><a href=\"https:\/\/giesstechnik.de\/en\/news\/\">News<\/a><\/li>\n<li id=\"menu-item-275\" class=\"menu-item menu-item-type-post_type menu-item-object-page menu-item-275\"><a href=\"https:\/\/giesstechnik.de\/en\/leistungsbereich\/\">Product program<\/a><\/li>\n<li id=\"menu-item-190\" class=\"menu-item menu-item-type-post_type menu-item-object-page menu-item-190\"><a href=\"https:\/\/giesstechnik.de\/en\/unternehmen\/\">company<\/a><\/li>\n<li id=\"menu-item-433\" class=\"menu-item menu-item-type-post_type menu-item-object-page menu-item-433\"><a href=\"https:\/\/giesstechnik.de\/en\/stellenangebote\/\">vacancies<\/a><\/li>\n<\/ul><\/div><\/div><\/div><\/div><\/div><\/div><\/section><section id=\"maincontent\" class=\"vc_section vc_custom_1538079055995 vc_section-has-fill\"><section class=\"vc_row wpb_row vc_row-fluid\"><div class=\"wpb_column vc_column_container vc_col-has-fill subMenu vc_col-sm-3  col-xs-mobile-fullwidth\"><div class=\"vc_column-inner vc_custom_1539132475740\"><div class=\"wpb_wrapper\"><div  class=\"vc_wp_custommenu wpb_content_element submenu\"><div class=\"widget widget_nav_menu\"><div class=\"menu-menue-leistungsbereich-d-container\"><ul id=\"menu-menue-leistungsbereich-d\" class=\"menu\"><li id=\"menu-item-1511\" class=\"menu-item menu-item-type-post_type menu-item-object-page menu-item-1511\"><a href=\"https:\/\/giesstechnik.de\/en\/leistungsbereich\/anlagenbau\/\">plant-construction<\/a><\/li>\n<li id=\"menu-item-1512\" class=\"menu-item menu-item-type-post_type menu-item-object-page menu-item-1512\"><a href=\"https:\/\/giesstechnik.de\/en\/leistungsbereich\/ersatzteile\/\">spare-parts<\/a><\/li>\n<li id=\"menu-item-1513\" class=\"menu-item menu-item-type-post_type menu-item-object-page menu-item-1513\"><a href=\"https:\/\/giesstechnik.de\/en\/leistungsbereich\/feuerloescher\/\">fire extinguisher<\/a><\/li>\n<li id=\"menu-item-2169\" class=\"menu-item menu-item-type-post_type menu-item-object-page menu-item-2169\"><a href=\"https:\/\/giesstechnik.de\/en\/leistungsbereich\/schulungen\/\">training \/ process \/ optimization<\/a><\/li>\n<li id=\"menu-item-2192\" class=\"menu-item menu-item-type-post_type menu-item-object-page menu-item-2192\"><a href=\"https:\/\/giesstechnik.de\/en\/leistungsbereich\/wartung\/\">maintenance \/ service<\/a><\/li>\n<\/ul><\/div><\/div><\/div><\/div><\/div><\/div><div class=\"wpb_column vc_column_container vc_col-sm-9  col-xs-mobile-fullwidth\"><div class=\"vc_column-inner\"><div class=\"wpb_wrapper\"><div class=\"vc_row wpb_row vc_inner vc_row-fluid\"><div class=\"wpb_column vc_column_container vc_col-sm-12  col-xs-mobile-fullwidth\"><div class=\"vc_column-inner\"><div class=\"wpb_wrapper\"><div class=\"vc_custom_1700136995027 last-paragraph-no-margin\"><h2 style=\"text-align: left;\">training \/ process analysis \/ optimization<\/h2>\n<\/div><\/div><\/div><\/div><\/div><div class=\"vc_row wpb_row vc_inner vc_row-fluid\"><div class=\"wpb_column vc_column_container vc_col-sm-6  col-xs-mobile-fullwidth\"><div class=\"vc_column-inner\"><div class=\"wpb_wrapper\">\n\t<div  class=\"wpb_single_image wpb_content_element vc_align_center\">\n\t\t\n\t\t<figure class=\"wpb_wrapper vc_figure\">\n\t\t\t<div class=\"vc_single_image-wrapper   vc_box_border_grey\"><img loading=\"lazy\" decoding=\"async\" width=\"1299\" height=\"1299\" src=\"https:\/\/giesstechnik.de\/wp-content\/uploads\/2023-01-20-Schulungs-Bild-02.jpg\" class=\"vc_single_image-img attachment-full\" alt=\"\" title=\"2023-01-20 Schulungs Bild 02\" srcset=\"https:\/\/giesstechnik.de\/wp-content\/uploads\/2023-01-20-Schulungs-Bild-02.jpg 1299w, https:\/\/giesstechnik.de\/wp-content\/uploads\/2023-01-20-Schulungs-Bild-02-300x300.jpg 300w, https:\/\/giesstechnik.de\/wp-content\/uploads\/2023-01-20-Schulungs-Bild-02-1024x1024.jpg 1024w, https:\/\/giesstechnik.de\/wp-content\/uploads\/2023-01-20-Schulungs-Bild-02-150x150.jpg 150w, https:\/\/giesstechnik.de\/wp-content\/uploads\/2023-01-20-Schulungs-Bild-02-768x768.jpg 768w, https:\/\/giesstechnik.de\/wp-content\/uploads\/2023-01-20-Schulungs-Bild-02-12x12.jpg 12w, https:\/\/giesstechnik.de\/wp-content\/uploads\/2023-01-20-Schulungs-Bild-02-771x771.jpg 771w, https:\/\/giesstechnik.de\/wp-content\/uploads\/2023-01-20-Schulungs-Bild-02-120x120.jpg 120w, https:\/\/giesstechnik.de\/wp-content\/uploads\/2023-01-20-Schulungs-Bild-02-81x81.jpg 81w\" sizes=\"auto, (max-width: 1299px) 100vw, 1299px\" \/><\/div>\n\t\t<\/figure>\n\t<\/div>\n<\/div><\/div><\/div><div class=\"wpb_column vc_column_container vc_col-sm-6  col-xs-mobile-fullwidth\"><div class=\"vc_column-inner\"><div class=\"wpb_wrapper\">\n\t<div  class=\"wpb_single_image wpb_content_element vc_align_center\">\n\t\t\n\t\t<figure class=\"wpb_wrapper vc_figure\">\n\t\t\t<a href=\"http:\/\/giesstechnik.de\/de\/leistungsbereich\/anlagenbau\/trocknungssystem\/\" target=\"_self\" class=\"vc_single_image-wrapper   vc_box_border_grey\"><img loading=\"lazy\" decoding=\"async\" width=\"1299\" height=\"1299\" src=\"https:\/\/giesstechnik.de\/wp-content\/uploads\/2023-01-20-Prozessanalyse-Bild-02.jpg\" class=\"vc_single_image-img attachment-full\" alt=\"\" title=\"2023-01-20 Prozessanalyse Bild 02\" srcset=\"https:\/\/giesstechnik.de\/wp-content\/uploads\/2023-01-20-Prozessanalyse-Bild-02.jpg 1299w, https:\/\/giesstechnik.de\/wp-content\/uploads\/2023-01-20-Prozessanalyse-Bild-02-300x300.jpg 300w, https:\/\/giesstechnik.de\/wp-content\/uploads\/2023-01-20-Prozessanalyse-Bild-02-1024x1024.jpg 1024w, https:\/\/giesstechnik.de\/wp-content\/uploads\/2023-01-20-Prozessanalyse-Bild-02-150x150.jpg 150w, https:\/\/giesstechnik.de\/wp-content\/uploads\/2023-01-20-Prozessanalyse-Bild-02-768x768.jpg 768w, https:\/\/giesstechnik.de\/wp-content\/uploads\/2023-01-20-Prozessanalyse-Bild-02-12x12.jpg 12w, https:\/\/giesstechnik.de\/wp-content\/uploads\/2023-01-20-Prozessanalyse-Bild-02-771x771.jpg 771w, https:\/\/giesstechnik.de\/wp-content\/uploads\/2023-01-20-Prozessanalyse-Bild-02-120x120.jpg 120w, https:\/\/giesstechnik.de\/wp-content\/uploads\/2023-01-20-Prozessanalyse-Bild-02-81x81.jpg 81w\" sizes=\"auto, (max-width: 1299px) 100vw, 1299px\" \/><\/a>\n\t\t<\/figure>\n\t<\/div>\n<\/div><\/div><\/div><\/div><div class=\"vc_row wpb_row vc_inner vc_row-fluid\"><div class=\"wpb_column vc_column_container vc_col-sm-12  col-xs-mobile-fullwidth\"><div class=\"vc_column-inner\"><div class=\"wpb_wrapper\"><div class=\"vc_empty_space\"   style=\"height: 32px\"><span class=\"vc_empty_space_inner\"><\/span><\/div><div class=\"last-paragraph-no-margin\"><p style=\"text-align: center;\" class=\"translation-block\">Security is paramount when dealing with magnesium. Therefore, we are pleased to provide training for your employees on the proper handling of liquid magnesium, the correct cleaning and maintenance of equipment. We are also happy to develop training materials, cleaning instructions, or maintenance protocols tailored specifically to your needs.<\/p>\n<p style=\"text-align: center;\">Furthermore, we can assist you with process optimizations and process analyses. As external experts and specialists in the field of magnesium, we often see things from a different perspective and can help you with problems in a short amount of time.<br \/>\nWir als Firmen externe Personen und Spezialisten im Bereich Magnesium sehen Dinge aus einem anderen Blickwinkel und k\u00f6nnen Ihnen daher oft innerhalb k\u00fcrzester Zeit bei Problem helfen.<\/p>\n<p style=\"text-align: center;\">If, despite adhering to safety measures, a workplace accident has occurred, we will assist you in investigating the causes and support you in developing the necessary countermeasures to prevent such incidents from happening again!<\/p>\n<\/div><div class=\"vc_empty_space\"   style=\"height: 32px\"><span class=\"vc_empty_space_inner\"><\/span><\/div><\/div><\/div><\/div><\/div><\/div><\/div><\/div><\/section><\/section>\n<\/div>","protected":false},"excerpt":{"rendered":"Startseite News Leistungsbereich Unternehmen Stellenangebote Anlagenbau Ersatzteile Feuerl\u00f6scher Schulungen\/Prozessanalyse\/Optimierung Wartung \/ Service Schulungen \/ Prozessanalyse \/ Optimierung Sicherheit ist das A und O beim Umgang mit Magnesium. Daher \u00fcbernehmen wir gerne die Schulung Ihrer Mitarbeiter was den Richtigen Umgang mit fl\u00fcssigem Magnesium, die ordnungsgem\u00e4\u00dfe Reinigung und Wartung von Anlagen angeht. Gerne erarbeiten wir auch speziell f\u00fcr Ihre Bed\u00fcrfnisse angepasste Schulungsunterlagen, Reinigungsanleitungen oder Wartungsprotokolle. Weiters k\u00f6nnen wir ihnen auch bei Prozessoptimierungen und Prozessanalysen helfen. Wir als Firmen externe Personen und Spezialisten im Bereich Magnesium sehen Dinge aus einem anderen Blickwinkel und k\u00f6nnen Ihnen daher oft innerhalb k\u00fcrzester Zeit bei Problem helfen. Sollte es trotz eingehaltener Sicherheitsma\u00dfnahmen zu einem Arbeitsunfall gekommen sein helfen wir Ihnen bei der Ursachenforschung und unterst\u00fctzen Sie beim Ausarbeiten der entsprechenden Gegenma\u00dfnahmen damit so etwas nicht mehr passiert!","protected":false},"author":5,"featured_media":0,"parent":271,"menu_order":0,"comment_status":"closed","ping_status":"closed","template":"","meta":{"footnotes":""},"class_list":["post-2164","page","type-page","status-publish","hentry"],"_links":{"self":[{"href":"https:\/\/giesstechnik.de\/en\/wp-json\/wp\/v2\/pages\/2164","targetHints":{"allow":["GET"]}}],"collection":[{"href":"https:\/\/giesstechnik.de\/en\/wp-json\/wp\/v2\/pages"}],"about":[{"href":"https:\/\/giesstechnik.de\/en\/wp-json\/wp\/v2\/types\/page"}],"author":[{"embeddable":true,"href":"https:\/\/giesstechnik.de\/en\/wp-json\/wp\/v2\/users\/5"}],"replies":[{"embeddable":true,"href":"https:\/\/giesstechnik.de\/en\/wp-json\/wp\/v2\/comments?post=2164"}],"version-history":[{"count":7,"href":"https:\/\/giesstechnik.de\/en\/wp-json\/wp\/v2\/pages\/2164\/revisions"}],"predecessor-version":[{"id":2187,"href":"https:\/\/giesstechnik.de\/en\/wp-json\/wp\/v2\/pages\/2164\/revisions\/2187"}],"up":[{"embeddable":true,"href":"https:\/\/giesstechnik.de\/en\/wp-json\/wp\/v2\/pages\/271"}],"wp:attachment":[{"href":"https:\/\/giesstechnik.de\/en\/wp-json\/wp\/v2\/media?parent=2164"}],"curies":[{"name":"wp","href":"https:\/\/api.w.org\/{rel}","templated":true}]}}