{"id":2208,"date":"2023-11-16T14:18:50","date_gmt":"2023-11-16T13:18:50","guid":{"rendered":"https:\/\/giesstechnik.de\/?page_id=2208"},"modified":"2023-11-16T14:31:30","modified_gmt":"2023-11-16T13:31:30","slug":"anlagen","status":"publish","type":"page","link":"https:\/\/giesstechnik.de\/en\/leistungsbereich\/anlagenbau\/anlagen\/","title":{"rendered":"Komplett Anlagen- D"},"content":{"rendered":"<div class=\"wpb-content-wrapper\"><section class=\"vc_row wpb_row vc_row-fluid\"><div class=\"wpb_column vc_column_container vc_col-sm-12  col-xs-mobile-fullwidth\"><div class=\"vc_column-inner vc_custom_1538075900939\"><div class=\"wpb_wrapper\">\n\t<div  class=\"wpb_single_image wpb_content_element vc_align_center\">\n\t\t\n\t\t<figure class=\"wpb_wrapper vc_figure\">\n\t\t\t<div class=\"vc_single_image-wrapper   vc_box_border_grey\"><img loading=\"lazy\" decoding=\"async\" width=\"1170\" height=\"370\" src=\"https:\/\/giesstechnik.de\/wp-content\/uploads\/titelbild_startseite.jpg\" class=\"vc_single_image-img attachment-full\" alt=\"\" title=\"titelbild_startseite\" srcset=\"https:\/\/giesstechnik.de\/wp-content\/uploads\/titelbild_startseite.jpg 1170w, https:\/\/giesstechnik.de\/wp-content\/uploads\/titelbild_startseite-300x95.jpg 300w, https:\/\/giesstechnik.de\/wp-content\/uploads\/titelbild_startseite-768x243.jpg 768w, https:\/\/giesstechnik.de\/wp-content\/uploads\/titelbild_startseite-1024x324.jpg 1024w, https:\/\/giesstechnik.de\/wp-content\/uploads\/titelbild_startseite-81x26.jpg 81w\" sizes=\"(max-width: 1170px) 100vw, 1170px\" \/><\/div>\n\t\t<\/figure>\n\t<\/div>\n<\/div><\/div><\/div><\/section><section class=\"vc_row wpb_row vc_row-fluid\"><div class=\"wpb_column vc_column_container vc_col-sm-12  col-xs-mobile-fullwidth\"><div class=\"vc_column-inner\"><div class=\"wpb_wrapper\"><div id=\"mainnav\" class=\"vc_wp_custommenu wpb_content_element\"><div class=\"widget widget_nav_menu\"><div class=\"menu-hauptnavi-container\"><ul id=\"menu-hauptnavi\" class=\"menu\"><li id=\"menu-item-547\" class=\"menu-item menu-item-type-post_type menu-item-object-page menu-item-home menu-item-547\"><a href=\"https:\/\/giesstechnik.de\/en\/\">starting page<\/a><\/li>\n<li id=\"menu-item-1807\" class=\"menu-item menu-item-type-post_type menu-item-object-page menu-item-1807\"><a href=\"https:\/\/giesstechnik.de\/en\/news\/\">News<\/a><\/li>\n<li id=\"menu-item-275\" class=\"menu-item menu-item-type-post_type menu-item-object-page menu-item-275\"><a href=\"https:\/\/giesstechnik.de\/en\/leistungsbereich\/\">Product program<\/a><\/li>\n<li id=\"menu-item-190\" class=\"menu-item menu-item-type-post_type menu-item-object-page menu-item-190\"><a href=\"https:\/\/giesstechnik.de\/en\/unternehmen\/\">company<\/a><\/li>\n<li id=\"menu-item-433\" class=\"menu-item menu-item-type-post_type menu-item-object-page menu-item-433\"><a href=\"https:\/\/giesstechnik.de\/en\/stellenangebote\/\">vacancies<\/a><\/li>\n<\/ul><\/div><\/div><\/div><\/div><\/div><\/div><\/section><section id=\"maincontent\" class=\"vc_section vc_custom_1538079055995 vc_section-has-fill\"><section class=\"vc_row wpb_row vc_row-fluid\"><div class=\"wpb_column vc_column_container vc_col-has-fill subMenu vc_col-sm-3  col-xs-mobile-fullwidth\"><div class=\"vc_column-inner vc_custom_1539132447521\"><div class=\"wpb_wrapper\"><div  class=\"vc_wp_custommenu wpb_content_element submenu\"><div class=\"widget widget_nav_menu\"><div class=\"menu-menue-leistungsbereich-anlagenbau-d-container\"><ul id=\"menu-menue-leistungsbereich-anlagenbau-d\" class=\"menu\"><li id=\"menu-item-1521\" class=\"menu-item menu-item-type-post_type menu-item-object-page menu-item-has-children menu-item-1521\"><a href=\"https:\/\/giesstechnik.de\/en\/leistungsbereich\/anlagenbau\/\">plant-construction<\/a>\n<ul class=\"sub-menu\">\n\t<li id=\"menu-item-1519\" class=\"menu-item menu-item-type-post_type menu-item-object-page menu-item-1519\"><a href=\"https:\/\/giesstechnik.de\/en\/leistungsbereich\/anlagenbau\/massel-depalettierungs-systeme\/\">Massel Depalettierungs System<\/a><\/li>\n\t<li id=\"menu-item-1515\" class=\"menu-item menu-item-type-post_type menu-item-object-page menu-item-1515\"><a href=\"https:\/\/giesstechnik.de\/en\/leistungsbereich\/anlagenbau\/trocknungssystem\/\">ingot preheater systems<\/a><\/li>\n\t<li id=\"menu-item-1517\" class=\"menu-item menu-item-type-post_type menu-item-object-page menu-item-1517\"><a href=\"https:\/\/giesstechnik.de\/en\/leistungsbereich\/anlagenbau\/einkammerschmelzanlage\/\">Einkammerschmelzanlage<\/a><\/li>\n\t<li id=\"menu-item-1516\" class=\"menu-item menu-item-type-post_type menu-item-object-page menu-item-1516\"><a href=\"https:\/\/giesstechnik.de\/en\/leistungsbereich\/anlagenbau\/zweikammerschmelzanlage\/\">Zweikammerschmelzanlage<\/a><\/li>\n\t<li id=\"menu-item-2220\" class=\"menu-item menu-item-type-post_type menu-item-object-page menu-item-2220\"><a href=\"https:\/\/giesstechnik.de\/en\/leistungsbereich\/anlagenbau\/anlagen\/\">Whole melting system<\/a><\/li>\n\t<li id=\"menu-item-1518\" class=\"menu-item menu-item-type-post_type menu-item-object-page menu-item-1518\"><a href=\"https:\/\/giesstechnik.de\/en\/leistungsbereich\/anlagenbau\/magnesium-rueckschmelzanlage\/\">Magnesium R\u00fcckschmelzanlagen<\/a><\/li>\n<\/ul>\n<\/li>\n<li id=\"menu-item-1522\" class=\"menu-item menu-item-type-post_type menu-item-object-page menu-item-1522\"><a href=\"https:\/\/giesstechnik.de\/en\/leistungsbereich\/ersatzteile\/\">spare-parts<\/a><\/li>\n<li id=\"menu-item-1523\" class=\"menu-item menu-item-type-post_type menu-item-object-page menu-item-1523\"><a href=\"https:\/\/giesstechnik.de\/en\/leistungsbereich\/feuerloescher\/\">fire extinguisher<\/a><\/li>\n<li id=\"menu-item-2227\" class=\"menu-item menu-item-type-post_type menu-item-object-page menu-item-2227\"><a href=\"https:\/\/giesstechnik.de\/en\/leistungsbereich\/schulungen\/\">training \/ process \/ optimization<\/a><\/li>\n<li id=\"menu-item-2226\" class=\"menu-item menu-item-type-post_type menu-item-object-page menu-item-2226\"><a href=\"https:\/\/giesstechnik.de\/en\/leistungsbereich\/wartung\/\">maintenance \/ service<\/a><\/li>\n<\/ul><\/div><\/div><\/div><\/div><\/div><\/div><div class=\"wpb_column vc_column_container vc_col-sm-9  col-xs-mobile-fullwidth\"><div class=\"vc_column-inner\"><div class=\"wpb_wrapper\"><div class=\"vc_row wpb_row vc_inner vc_row-fluid\"><div class=\"wpb_column vc_column_container vc_col-sm-12  col-xs-mobile-fullwidth\"><div class=\"vc_column-inner\"><div class=\"wpb_wrapper\"><div class=\"last-paragraph-no-margin\"><h2><\/h2>\n<h2><\/h2>\n<h2><\/h2>\n<h2 style=\"text-align: left;\"><a href=\"http:\/\/giesstechnik.de\/wp-content\/uploads\/Anlagenbau\/2023-01-23 Komplett Anlagen.pdf\" target=\"_blank\" rel=\"noopener\">Whole melting system<\/a><\/h2>\n<\/div><\/div><\/div><\/div><\/div><div class=\"vc_row wpb_row vc_inner vc_row-fluid\"><div class=\"wpb_column vc_column_container vc_col-sm-6  col-xs-mobile-fullwidth\"><div class=\"vc_column-inner\"><div class=\"wpb_wrapper\"><div class=\"last-paragraph-no-margin\"><h3 style=\"text-align: left;\">Technical information<\/h3>\n<p style=\"text-align: left;\">Melting capacities from 80 kg\/h to 500 kg\/h<\/p>\n<p style=\"text-align: left;\">Re-melting of cast-ons is possible<\/p>\n<p style=\"text-align: left;\">Ingot preheating incl. injection arm insertion of the ingot into the melt<\/p>\n<p style=\"text-align: left;\">Siemens control<\/p>\n<\/div><\/div><\/div><\/div><div class=\"wpb_column vc_column_container vc_col-sm-6  col-xs-mobile-fullwidth\"><div class=\"vc_column-inner\"><div class=\"wpb_wrapper\">\n\t<div  class=\"wpb_single_image wpb_content_element vc_align_center\">\n\t\t\n\t\t<figure class=\"wpb_wrapper vc_figure\">\n\t\t\t<a href=\"http:\/\/giesstechnik.de\/wp-content\/uploads\/Anlagenbau\/2023-01-23 Komplett Anlagen.pdf\" target=\"_self\" class=\"vc_single_image-wrapper   vc_box_border_grey\"><img loading=\"lazy\" decoding=\"async\" width=\"1024\" height=\"1024\" src=\"https:\/\/giesstechnik.de\/wp-content\/uploads\/2023-01-11-Schmelzanlage-01_Zugeschnitten-1024x1024.jpg\" class=\"vc_single_image-img attachment-large\" alt=\"\" title=\"2023-01-11 Schmelzanlage 01_Zugeschnitten\" srcset=\"https:\/\/giesstechnik.de\/wp-content\/uploads\/2023-01-11-Schmelzanlage-01_Zugeschnitten-1024x1024.jpg 1024w, https:\/\/giesstechnik.de\/wp-content\/uploads\/2023-01-11-Schmelzanlage-01_Zugeschnitten-300x300.jpg 300w, https:\/\/giesstechnik.de\/wp-content\/uploads\/2023-01-11-Schmelzanlage-01_Zugeschnitten-150x150.jpg 150w, https:\/\/giesstechnik.de\/wp-content\/uploads\/2023-01-11-Schmelzanlage-01_Zugeschnitten-768x768.jpg 768w, https:\/\/giesstechnik.de\/wp-content\/uploads\/2023-01-11-Schmelzanlage-01_Zugeschnitten-12x12.jpg 12w, https:\/\/giesstechnik.de\/wp-content\/uploads\/2023-01-11-Schmelzanlage-01_Zugeschnitten-771x771.jpg 771w, https:\/\/giesstechnik.de\/wp-content\/uploads\/2023-01-11-Schmelzanlage-01_Zugeschnitten-120x120.jpg 120w, https:\/\/giesstechnik.de\/wp-content\/uploads\/2023-01-11-Schmelzanlage-01_Zugeschnitten-81x81.jpg 81w, https:\/\/giesstechnik.de\/wp-content\/uploads\/2023-01-11-Schmelzanlage-01_Zugeschnitten.jpg 1299w\" sizes=\"(max-width: 1024px) 100vw, 1024px\" \/><\/a>\n\t\t<\/figure>\n\t<\/div>\n<\/div><\/div><\/div><\/div><div class=\"vc_row wpb_row vc_inner vc_row-fluid\"><div class=\"wpb_column vc_column_container vc_col-sm-12  col-xs-mobile-fullwidth\"><div class=\"vc_column-inner\"><div class=\"wpb_wrapper\"><div class=\"vc_empty_space\"   style=\"height: 32px\"><span class=\"vc_empty_space_inner\"><\/span><\/div><div class=\"last-paragraph-no-margin\"><p style=\"text-align: center;\" align=\"Center\">We can provide you with a magnesium melting plant that is perfectly tailored to your needs.\nWe work with you to calculate the required melting capacity and then develop a suitable concept.\nWhether with automatic or manual ingot preheating station, whether with remelting option or without.\nWhether a single or double furnace, we will find the best solution for your application.<\/p>\n<\/div><div class=\"vc_empty_space\"   style=\"height: 32px\"><span class=\"vc_empty_space_inner\"><\/span><\/div><\/div><\/div><\/div><\/div><\/div><\/div><\/div><\/section><\/section>\n<\/div>","protected":false},"excerpt":{"rendered":"Startseite News Leistungsbereich Unternehmen Stellenangebote Anlagenbau Massel Depalettierungs System Trocknungssysteme Einkammerschmelzanlage Zweikammerschmelzanlage Komplett Anlagen Magnesium R\u00fcckschmelzanlagen Ersatzteile Feuerl\u00f6scher Schulungen\/Prozessanalyse\/Optimierung Wartung \/ Service Komplett Anlagen Technische Information Schmelzleistungen von 80 kg\/h bis 500 kg\/h R\u00fcckschmelzen von Ang\u00fcssen ist m\u00f6glich Masselvorw\u00e4rumg inkl. Spritzarmes einf\u00fchren der Massel in die Schmelze Siemenssteuereung Sie bekommen bei uns Ihre perfekte auf Ihre Bed\u00fcrfnisse abgestimmte Magnesium Schmelzanlage. Wir ermitteln mit Ihnen die ben\u00f6tigte Schmelzleistung und erarbeiten dann ein passendes Konzept. Egal ob mit automatischer oder manueller Masselvorw\u00e4rmstation, ob mit R\u00fcckschmelzoption oder ohne. Egal Ob Einkammer- oder Zweikammeranlage wir finden die Beste L\u00f6sung f\u00fcr ihren Anwendungsfall.","protected":false},"author":5,"featured_media":0,"parent":371,"menu_order":0,"comment_status":"closed","ping_status":"closed","template":"","meta":{"footnotes":""},"class_list":["post-2208","page","type-page","status-publish","hentry"],"_links":{"self":[{"href":"https:\/\/giesstechnik.de\/en\/wp-json\/wp\/v2\/pages\/2208"}],"collection":[{"href":"https:\/\/giesstechnik.de\/en\/wp-json\/wp\/v2\/pages"}],"about":[{"href":"https:\/\/giesstechnik.de\/en\/wp-json\/wp\/v2\/types\/page"}],"author":[{"embeddable":true,"href":"https:\/\/giesstechnik.de\/en\/wp-json\/wp\/v2\/users\/5"}],"replies":[{"embeddable":true,"href":"https:\/\/giesstechnik.de\/en\/wp-json\/wp\/v2\/comments?post=2208"}],"version-history":[{"count":8,"href":"https:\/\/giesstechnik.de\/en\/wp-json\/wp\/v2\/pages\/2208\/revisions"}],"predecessor-version":[{"id":2219,"href":"https:\/\/giesstechnik.de\/en\/wp-json\/wp\/v2\/pages\/2208\/revisions\/2219"}],"up":[{"embeddable":true,"href":"https:\/\/giesstechnik.de\/en\/wp-json\/wp\/v2\/pages\/371"}],"wp:attachment":[{"href":"https:\/\/giesstechnik.de\/en\/wp-json\/wp\/v2\/media?parent=2208"}],"curies":[{"name":"wp","href":"https:\/\/api.w.org\/{rel}","templated":true}]}}