{"id":2284,"date":"2023-11-30T10:47:19","date_gmt":"2023-11-30T09:47:19","guid":{"rendered":"https:\/\/giesstechnik.de\/?page_id=2284"},"modified":"2023-12-05T11:19:09","modified_gmt":"2023-12-05T10:19:09","slug":"standorte","status":"publish","type":"page","link":"https:\/\/giesstechnik.de\/en\/unternehmen\/standorte\/","title":{"rendered":"Standorte &#8211; D"},"content":{"rendered":"<div class=\"wpb-content-wrapper\"><section class=\"vc_row wpb_row vc_row-fluid\"><div class=\"wpb_column vc_column_container vc_col-sm-12  col-xs-mobile-fullwidth\"><div class=\"vc_column-inner vc_custom_1538075900939\"><div class=\"wpb_wrapper\">\n\t<div  class=\"wpb_single_image wpb_content_element vc_align_center\">\n\t\t\n\t\t<figure class=\"wpb_wrapper vc_figure\">\n\t\t\t<div class=\"vc_single_image-wrapper   vc_box_border_grey\"><img loading=\"lazy\" decoding=\"async\" width=\"1170\" height=\"370\" src=\"https:\/\/giesstechnik.de\/wp-content\/uploads\/titelbild_startseite.jpg\" class=\"vc_single_image-img attachment-full\" alt=\"\" title=\"titelbild_startseite\" srcset=\"https:\/\/giesstechnik.de\/wp-content\/uploads\/titelbild_startseite.jpg 1170w, https:\/\/giesstechnik.de\/wp-content\/uploads\/titelbild_startseite-300x95.jpg 300w, https:\/\/giesstechnik.de\/wp-content\/uploads\/titelbild_startseite-768x243.jpg 768w, https:\/\/giesstechnik.de\/wp-content\/uploads\/titelbild_startseite-1024x324.jpg 1024w, https:\/\/giesstechnik.de\/wp-content\/uploads\/titelbild_startseite-81x26.jpg 81w\" sizes=\"(max-width: 1170px) 100vw, 1170px\" \/><\/div>\n\t\t<\/figure>\n\t<\/div>\n<\/div><\/div><\/div><\/section><section class=\"vc_row wpb_row vc_row-fluid\"><div class=\"wpb_column vc_column_container vc_col-sm-12  col-xs-mobile-fullwidth\"><div class=\"vc_column-inner\"><div class=\"wpb_wrapper\"><div id=\"mainnav\" class=\"vc_wp_custommenu wpb_content_element\"><div class=\"widget widget_nav_menu\"><div class=\"menu-hauptnavi-container\"><ul id=\"menu-hauptnavi\" class=\"menu\"><li id=\"menu-item-547\" class=\"menu-item menu-item-type-post_type menu-item-object-page menu-item-home menu-item-547\"><a href=\"https:\/\/giesstechnik.de\/en\/\">starting page<\/a><\/li>\n<li id=\"menu-item-1807\" class=\"menu-item menu-item-type-post_type menu-item-object-page menu-item-1807\"><a href=\"https:\/\/giesstechnik.de\/en\/news\/\">News<\/a><\/li>\n<li id=\"menu-item-275\" class=\"menu-item menu-item-type-post_type menu-item-object-page menu-item-275\"><a href=\"https:\/\/giesstechnik.de\/en\/leistungsbereich\/\">Product program<\/a><\/li>\n<li id=\"menu-item-190\" class=\"menu-item menu-item-type-post_type menu-item-object-page menu-item-190\"><a href=\"https:\/\/giesstechnik.de\/en\/unternehmen\/\">company<\/a><\/li>\n<li id=\"menu-item-433\" class=\"menu-item menu-item-type-post_type menu-item-object-page menu-item-433\"><a href=\"https:\/\/giesstechnik.de\/en\/stellenangebote\/\">vacancies<\/a><\/li>\n<\/ul><\/div><\/div><\/div><\/div><\/div><\/div><\/section><section id=\"maincontent\" class=\"vc_section vc_custom_1538079055995 vc_section-has-fill\"><section class=\"vc_row wpb_row vc_row-fluid\"><div class=\"wpb_column vc_column_container vc_col-has-fill subMenu vc_col-sm-3  col-xs-mobile-fullwidth\"><div class=\"vc_column-inner vc_custom_1539132475740\"><div class=\"wpb_wrapper\"><div  class=\"vc_wp_custommenu wpb_content_element submenu\"><div class=\"widget widget_nav_menu\"><div class=\"menu-menue-unternehmen-standorte-container\"><ul id=\"menu-menue-unternehmen-standorte\" class=\"menu\"><li id=\"menu-item-2291\" class=\"menu-item menu-item-type-post_type menu-item-object-page menu-item-2291\"><a href=\"https:\/\/giesstechnik.de\/en\/unternehmen\/partner\/\">partner<\/a><\/li>\n<li id=\"menu-item-2292\" class=\"menu-item menu-item-type-post_type menu-item-object-page menu-item-2292\"><a href=\"https:\/\/giesstechnik.de\/en\/unternehmen\/referenzen\/\">references<\/a><\/li>\n<li id=\"menu-item-2294\" class=\"menu-item menu-item-type-post_type menu-item-object-page menu-item-has-children menu-item-2294\"><a href=\"https:\/\/giesstechnik.de\/en\/unternehmen\/standorte\/\">locations<\/a>\n<ul class=\"sub-menu\">\n\t<li id=\"menu-item-2295\" class=\"menu-item menu-item-type-post_type menu-item-object-page menu-item-2295\"><a href=\"https:\/\/giesstechnik.de\/en\/unternehmen\/standorte\/nuembrecht\/\">Nuembrecht \u2013 Magnesium Development and Technology Center<\/a><\/li>\n\t<li id=\"menu-item-2299\" class=\"menu-item menu-item-type-post_type menu-item-object-page menu-item-2299\"><a href=\"https:\/\/giesstechnik.de\/en\/unternehmen\/standorte\/rechnungsadresse\/\">N\u00fcmbrecht \u2013 financial office<\/a><\/li>\n<\/ul>\n<\/li>\n<\/ul><\/div><\/div><\/div><\/div><\/div><\/div><div class=\"wpb_column vc_column_container vc_col-sm-9  col-xs-mobile-fullwidth\"><div class=\"vc_column-inner\"><div class=\"wpb_wrapper\"><div class=\"vc_row wpb_row vc_inner vc_row-fluid\"><div class=\"wpb_column vc_column_container vc_col-sm-12  col-xs-mobile-fullwidth\"><div class=\"vc_column-inner\"><div class=\"wpb_wrapper\"><div class=\"vc_custom_1701337628310 last-paragraph-no-margin\"><h2 style=\"text-align: left;\">locations<\/h2>\n<\/div><\/div><\/div><\/div><\/div><div class=\"vc_row wpb_row vc_inner vc_row-fluid\"><div class=\"wpb_column vc_column_container vc_col-sm-4  col-xs-mobile-fullwidth\"><div class=\"vc_column-inner\"><div class=\"wpb_wrapper\">\n\t<div  class=\"wpb_single_image wpb_content_element vc_align_center\">\n\t\t\n\t\t<figure class=\"wpb_wrapper vc_figure\">\n\t\t\t<a href=\"https:\/\/giesstechnik.de\/en\/unternehmen\/standorte\/rechnungsadresse\/\" target=\"_self\" class=\"vc_single_image-wrapper   vc_box_border_grey\"><img loading=\"lazy\" decoding=\"async\" width=\"1004\" height=\"650\" src=\"https:\/\/giesstechnik.de\/wp-content\/uploads\/Visitenkarte\/visitenkarte_rueckseite.png\" class=\"vc_single_image-img attachment-full\" alt=\"\" title=\"visitenkarte_rueckseite\" srcset=\"https:\/\/giesstechnik.de\/wp-content\/uploads\/Visitenkarte\/visitenkarte_rueckseite.png 1004w, https:\/\/giesstechnik.de\/wp-content\/uploads\/Visitenkarte\/visitenkarte_rueckseite-300x194.png 300w, https:\/\/giesstechnik.de\/wp-content\/uploads\/Visitenkarte\/visitenkarte_rueckseite-768x497.png 768w, https:\/\/giesstechnik.de\/wp-content\/uploads\/Visitenkarte\/visitenkarte_rueckseite-81x52.png 81w\" sizes=\"(max-width: 1004px) 100vw, 1004px\" \/><\/a>\n\t\t<\/figure>\n\t<\/div>\n<div class=\"last-paragraph-no-margin\"><p style=\"text-align: center;\">billing address<\/p>\n<\/div><\/div><\/div><\/div><div class=\"wpb_column vc_column_container vc_col-sm-4  col-xs-mobile-fullwidth\"><div class=\"vc_column-inner\"><div class=\"wpb_wrapper\"><\/div><\/div><\/div><div class=\"wpb_column vc_column_container vc_col-sm-4  col-xs-mobile-fullwidth\"><div class=\"vc_column-inner\"><div class=\"wpb_wrapper\">\n\t<div  class=\"wpb_single_image wpb_content_element vc_align_center\">\n\t\t\n\t\t<figure class=\"wpb_wrapper vc_figure\">\n\t\t\t<a href=\"https:\/\/giesstechnik.de\/en\/unternehmen\/standorte\/nuembrecht\/\" target=\"_self\" class=\"vc_single_image-wrapper   vc_box_border_grey\"><img loading=\"lazy\" decoding=\"async\" width=\"1004\" height=\"650\" src=\"https:\/\/giesstechnik.de\/wp-content\/uploads\/Visitenkarte\/visitenkarte_rueckseite.png\" class=\"vc_single_image-img attachment-full\" alt=\"\" title=\"visitenkarte_rueckseite\" srcset=\"https:\/\/giesstechnik.de\/wp-content\/uploads\/Visitenkarte\/visitenkarte_rueckseite.png 1004w, https:\/\/giesstechnik.de\/wp-content\/uploads\/Visitenkarte\/visitenkarte_rueckseite-300x194.png 300w, https:\/\/giesstechnik.de\/wp-content\/uploads\/Visitenkarte\/visitenkarte_rueckseite-768x497.png 768w, https:\/\/giesstechnik.de\/wp-content\/uploads\/Visitenkarte\/visitenkarte_rueckseite-81x52.png 81w\" sizes=\"(max-width: 1004px) 100vw, 1004px\" \/><\/a>\n\t\t<\/figure>\n\t<\/div>\n<div class=\"last-paragraph-no-margin\"><p style=\"text-align: center;\">delivery address<\/p>\n<\/div><\/div><\/div><\/div><\/div><div class=\"vc_separator wpb_content_element vc_separator_align_center vc_sep_width_100 vc_sep_pos_align_center vc_separator_no_text vc_sep_color_white vc_custom_1538241869758  vc_custom_1538241869758\" ><span class=\"vc_sep_holder vc_sep_holder_l\"><span class=\"vc_sep_line\"><\/span><\/span><span class=\"vc_sep_holder vc_sep_holder_r\"><span class=\"vc_sep_line\"><\/span><\/span>\n<\/div><\/div><\/div><\/div><\/section><\/section><section class=\"vc_row wpb_row vc_row-fluid\"><div class=\"wpb_column vc_column_container  col-xs-mobile-fullwidth\"><div class=\"vc_column-inner\"><div class=\"wpb_wrapper\"><\/div><\/div><\/div><\/section>\n<\/div>","protected":false},"excerpt":{"rendered":"Startseite News Leistungsbereich Unternehmen Stellenangebote Partner Referenzen Standorte N\u00fcmbrecht &#8211; Magnesium Entwicklungs- und Technologiezentrum N\u00fcmbrecht &#8211; Finanzb\u00fcro Standorte Rechnungsadresse Lieferadresse","protected":false},"author":5,"featured_media":0,"parent":7,"menu_order":0,"comment_status":"closed","ping_status":"closed","template":"","meta":{"footnotes":""},"class_list":["post-2284","page","type-page","status-publish","hentry"],"_links":{"self":[{"href":"https:\/\/giesstechnik.de\/en\/wp-json\/wp\/v2\/pages\/2284"}],"collection":[{"href":"https:\/\/giesstechnik.de\/en\/wp-json\/wp\/v2\/pages"}],"about":[{"href":"https:\/\/giesstechnik.de\/en\/wp-json\/wp\/v2\/types\/page"}],"author":[{"embeddable":true,"href":"https:\/\/giesstechnik.de\/en\/wp-json\/wp\/v2\/users\/5"}],"replies":[{"embeddable":true,"href":"https:\/\/giesstechnik.de\/en\/wp-json\/wp\/v2\/comments?post=2284"}],"version-history":[{"count":5,"href":"https:\/\/giesstechnik.de\/en\/wp-json\/wp\/v2\/pages\/2284\/revisions"}],"predecessor-version":[{"id":2313,"href":"https:\/\/giesstechnik.de\/en\/wp-json\/wp\/v2\/pages\/2284\/revisions\/2313"}],"up":[{"embeddable":true,"href":"https:\/\/giesstechnik.de\/en\/wp-json\/wp\/v2\/pages\/7"}],"wp:attachment":[{"href":"https:\/\/giesstechnik.de\/en\/wp-json\/wp\/v2\/media?parent=2284"}],"curies":[{"name":"wp","href":"https:\/\/api.w.org\/{rel}","templated":true}]}}