{"id":2286,"date":"2023-11-30T10:48:02","date_gmt":"2023-11-30T09:48:02","guid":{"rendered":"https:\/\/giesstechnik.de\/?page_id=2286"},"modified":"2023-11-30T10:55:13","modified_gmt":"2023-11-30T09:55:13","slug":"nuembrecht","status":"publish","type":"page","link":"https:\/\/giesstechnik.de\/en\/unternehmen\/standorte\/nuembrecht\/","title":{"rendered":"Magnesium Entwicklungs- und Technologiezentrum &#8211; D"},"content":{"rendered":"<div class=\"wpb-content-wrapper\"><section class=\"vc_row wpb_row vc_row-fluid\"><div class=\"wpb_column vc_column_container vc_col-sm-12  col-xs-mobile-fullwidth\"><div class=\"vc_column-inner vc_custom_1538075900939\"><div class=\"wpb_wrapper\">\n\t<div  class=\"wpb_single_image wpb_content_element vc_align_center\">\n\t\t\n\t\t<figure class=\"wpb_wrapper vc_figure\">\n\t\t\t<div class=\"vc_single_image-wrapper   vc_box_border_grey\"><img loading=\"lazy\" decoding=\"async\" width=\"1170\" height=\"370\" src=\"https:\/\/giesstechnik.de\/wp-content\/uploads\/titelbild_startseite.jpg\" class=\"vc_single_image-img attachment-full\" alt=\"\" title=\"titelbild_startseite\" srcset=\"https:\/\/giesstechnik.de\/wp-content\/uploads\/titelbild_startseite.jpg 1170w, https:\/\/giesstechnik.de\/wp-content\/uploads\/titelbild_startseite-300x95.jpg 300w, https:\/\/giesstechnik.de\/wp-content\/uploads\/titelbild_startseite-768x243.jpg 768w, https:\/\/giesstechnik.de\/wp-content\/uploads\/titelbild_startseite-1024x324.jpg 1024w, https:\/\/giesstechnik.de\/wp-content\/uploads\/titelbild_startseite-81x26.jpg 81w\" sizes=\"(max-width: 1170px) 100vw, 1170px\" \/><\/div>\n\t\t<\/figure>\n\t<\/div>\n<\/div><\/div><\/div><\/section><section class=\"vc_row wpb_row vc_row-fluid\"><div class=\"wpb_column vc_column_container vc_col-sm-12  col-xs-mobile-fullwidth\"><div class=\"vc_column-inner\"><div class=\"wpb_wrapper\"><div id=\"mainnav\" class=\"vc_wp_custommenu wpb_content_element\"><div class=\"widget widget_nav_menu\"><div class=\"menu-hauptnavi-container\"><ul id=\"menu-hauptnavi\" class=\"menu\"><li id=\"menu-item-547\" class=\"menu-item menu-item-type-post_type menu-item-object-page menu-item-home menu-item-547\"><a href=\"https:\/\/giesstechnik.de\/en\/\">starting page<\/a><\/li>\n<li id=\"menu-item-1807\" class=\"menu-item menu-item-type-post_type menu-item-object-page menu-item-1807\"><a href=\"https:\/\/giesstechnik.de\/en\/news\/\">News<\/a><\/li>\n<li id=\"menu-item-275\" class=\"menu-item menu-item-type-post_type menu-item-object-page menu-item-275\"><a href=\"https:\/\/giesstechnik.de\/en\/leistungsbereich\/\">Product program<\/a><\/li>\n<li id=\"menu-item-190\" class=\"menu-item menu-item-type-post_type menu-item-object-page menu-item-190\"><a href=\"https:\/\/giesstechnik.de\/en\/unternehmen\/\">company<\/a><\/li>\n<li id=\"menu-item-433\" class=\"menu-item menu-item-type-post_type menu-item-object-page menu-item-433\"><a href=\"https:\/\/giesstechnik.de\/en\/stellenangebote\/\">vacancies<\/a><\/li>\n<\/ul><\/div><\/div><\/div><\/div><\/div><\/div><\/section><section id=\"maincontent\" class=\"vc_section vc_custom_1538079055995 vc_section-has-fill\"><section class=\"vc_row wpb_row vc_row-fluid\"><div class=\"wpb_column vc_column_container vc_col-has-fill subMenu vc_col-sm-3  col-xs-mobile-fullwidth\"><div class=\"vc_column-inner vc_custom_1539132475740\"><div class=\"wpb_wrapper\"><div  class=\"vc_wp_custommenu wpb_content_element submenu\"><div class=\"widget widget_nav_menu\"><div class=\"menu-menue-unternehmen-standorte-container\"><ul id=\"menu-menue-unternehmen-standorte\" class=\"menu\"><li id=\"menu-item-2291\" class=\"menu-item menu-item-type-post_type menu-item-object-page menu-item-2291\"><a href=\"https:\/\/giesstechnik.de\/en\/unternehmen\/partner\/\">partner<\/a><\/li>\n<li id=\"menu-item-2292\" class=\"menu-item menu-item-type-post_type menu-item-object-page menu-item-2292\"><a href=\"https:\/\/giesstechnik.de\/en\/unternehmen\/referenzen\/\">references<\/a><\/li>\n<li id=\"menu-item-2294\" class=\"menu-item menu-item-type-post_type menu-item-object-page menu-item-has-children menu-item-2294\"><a href=\"https:\/\/giesstechnik.de\/en\/unternehmen\/standorte\/\">locations<\/a>\n<ul class=\"sub-menu\">\n\t<li id=\"menu-item-2295\" class=\"menu-item menu-item-type-post_type menu-item-object-page menu-item-2295\"><a href=\"https:\/\/giesstechnik.de\/en\/unternehmen\/standorte\/nuembrecht\/\">Nuembrecht \u2013 Magnesium Development and Technology Center<\/a><\/li>\n\t<li id=\"menu-item-2299\" class=\"menu-item menu-item-type-post_type menu-item-object-page menu-item-2299\"><a href=\"https:\/\/giesstechnik.de\/en\/unternehmen\/standorte\/rechnungsadresse\/\">N\u00fcmbrecht \u2013 financial office<\/a><\/li>\n<\/ul>\n<\/li>\n<\/ul><\/div><\/div><\/div><\/div><\/div><\/div><div class=\"wpb_column vc_column_container vc_col-sm-9  col-xs-mobile-fullwidth\"><div class=\"vc_column-inner\"><div class=\"wpb_wrapper\"><div class=\"vc_row wpb_row vc_inner vc_row-fluid\"><div class=\"wpb_column vc_column_container vc_col-sm-12  col-xs-mobile-fullwidth\"><div class=\"vc_column-inner\"><div class=\"wpb_wrapper\"><div class=\"vc_custom_1701338000641 last-paragraph-no-margin\"><h2 style=\"text-align: left;\">Magnesium Development and Technology Center<\/h2>\n<\/div><\/div><\/div><\/div><\/div><div class=\"last-paragraph-no-margin\"><p>permanent establishment<br \/>\nBahnweg 10<br \/>\nGER-51588 Nuembrecht<br \/>\n+49 2293 9084390<\/p>\n<\/div>\n\t<div  class=\"wpb_single_image wpb_content_element vc_align_left\">\n\t\t\n\t\t<figure class=\"wpb_wrapper vc_figure\">\n\t\t\t<div class=\"vc_single_image-wrapper   vc_box_border_grey\"><img loading=\"lazy\" decoding=\"async\" width=\"1024\" height=\"771\" src=\"https:\/\/giesstechnik.de\/wp-content\/uploads\/2022-11_Reinmagensiumpulveranlage-Verpackt-1024x771.jpeg\" class=\"vc_single_image-img attachment-large\" alt=\"\" title=\"2022-11_Reinmagensiumpulveranlage-Verpackt\" srcset=\"https:\/\/giesstechnik.de\/wp-content\/uploads\/2022-11_Reinmagensiumpulveranlage-Verpackt-1024x771.jpeg 1024w, https:\/\/giesstechnik.de\/wp-content\/uploads\/2022-11_Reinmagensiumpulveranlage-Verpackt-300x226.jpeg 300w, https:\/\/giesstechnik.de\/wp-content\/uploads\/2022-11_Reinmagensiumpulveranlage-Verpackt-768x578.jpeg 768w, https:\/\/giesstechnik.de\/wp-content\/uploads\/2022-11_Reinmagensiumpulveranlage-Verpackt-1536x1156.jpeg 1536w, https:\/\/giesstechnik.de\/wp-content\/uploads\/2022-11_Reinmagensiumpulveranlage-Verpackt-1025x771.jpeg 1025w, https:\/\/giesstechnik.de\/wp-content\/uploads\/2022-11_Reinmagensiumpulveranlage-Verpackt-81x61.jpeg 81w, https:\/\/giesstechnik.de\/wp-content\/uploads\/2022-11_Reinmagensiumpulveranlage-Verpackt.jpeg 1600w\" sizes=\"(max-width: 1024px) 100vw, 1024px\" \/><\/div>\n\t\t<\/figure>\n\t<\/div>\n<div class=\"vc_empty_space\"   style=\"height: 32px\"><span class=\"vc_empty_space_inner\"><\/span><\/div><\/div><\/div><\/div><\/section><\/section>\n<\/div>","protected":false},"excerpt":{"rendered":"Startseite News Leistungsbereich Unternehmen Stellenangebote Partner Referenzen Standorte N\u00fcmbrecht &#8211; Magnesium Entwicklungs- und Technologiezentrum N\u00fcmbrecht &#8211; Finanzb\u00fcro Magnesium Entwicklungs- und Technologiezentrum Betriebsst\u00e4tte Bahnweg 10 51588 N\u00fcmbrecht-DE +49 2293 9084390","protected":false},"author":5,"featured_media":0,"parent":2284,"menu_order":0,"comment_status":"closed","ping_status":"closed","template":"","meta":{"footnotes":""},"class_list":["post-2286","page","type-page","status-publish","hentry"],"_links":{"self":[{"href":"https:\/\/giesstechnik.de\/en\/wp-json\/wp\/v2\/pages\/2286"}],"collection":[{"href":"https:\/\/giesstechnik.de\/en\/wp-json\/wp\/v2\/pages"}],"about":[{"href":"https:\/\/giesstechnik.de\/en\/wp-json\/wp\/v2\/types\/page"}],"author":[{"embeddable":true,"href":"https:\/\/giesstechnik.de\/en\/wp-json\/wp\/v2\/users\/5"}],"replies":[{"embeddable":true,"href":"https:\/\/giesstechnik.de\/en\/wp-json\/wp\/v2\/comments?post=2286"}],"version-history":[{"count":6,"href":"https:\/\/giesstechnik.de\/en\/wp-json\/wp\/v2\/pages\/2286\/revisions"}],"predecessor-version":[{"id":2296,"href":"https:\/\/giesstechnik.de\/en\/wp-json\/wp\/v2\/pages\/2286\/revisions\/2296"}],"up":[{"embeddable":true,"href":"https:\/\/giesstechnik.de\/en\/wp-json\/wp\/v2\/pages\/2284"}],"wp:attachment":[{"href":"https:\/\/giesstechnik.de\/en\/wp-json\/wp\/v2\/media?parent=2286"}],"curies":[{"name":"wp","href":"https:\/\/api.w.org\/{rel}","templated":true}]}}