{"id":417,"date":"2018-11-23T14:11:22","date_gmt":"2018-11-23T13:11:22","guid":{"rendered":"http:\/\/giesstechnik.de\/?page_id=417"},"modified":"2019-09-13T12:10:05","modified_gmt":"2019-09-13T10:10:05","slug":"elektroingenieur","status":"publish","type":"page","link":"https:\/\/giesstechnik.de\/en\/stellenangebote\/elektroingenieur\/","title":{"rendered":"Elektroingenieur\/in &#8211; D"},"content":{"rendered":"<div class=\"wpb-content-wrapper\"><section class=\"vc_row wpb_row vc_row-fluid\"><div class=\"wpb_column vc_column_container vc_col-sm-12  col-xs-mobile-fullwidth\"><div class=\"vc_column-inner vc_custom_1538075900939\"><div class=\"wpb_wrapper\">\n\t<div  class=\"wpb_single_image wpb_content_element vc_align_center\">\n\t\t\n\t\t<figure class=\"wpb_wrapper vc_figure\">\n\t\t\t<div class=\"vc_single_image-wrapper   vc_box_border_grey\"><img loading=\"lazy\" decoding=\"async\" width=\"1170\" height=\"370\" src=\"https:\/\/giesstechnik.de\/wp-content\/uploads\/titelbild_startseite.jpg\" class=\"vc_single_image-img attachment-full\" alt=\"\" title=\"titelbild_startseite\" srcset=\"https:\/\/giesstechnik.de\/wp-content\/uploads\/titelbild_startseite.jpg 1170w, https:\/\/giesstechnik.de\/wp-content\/uploads\/titelbild_startseite-300x95.jpg 300w, https:\/\/giesstechnik.de\/wp-content\/uploads\/titelbild_startseite-768x243.jpg 768w, https:\/\/giesstechnik.de\/wp-content\/uploads\/titelbild_startseite-1024x324.jpg 1024w, https:\/\/giesstechnik.de\/wp-content\/uploads\/titelbild_startseite-81x26.jpg 81w\" sizes=\"auto, (max-width: 1170px) 100vw, 1170px\" \/><\/div>\n\t\t<\/figure>\n\t<\/div>\n<\/div><\/div><\/div><\/section><section class=\"vc_row wpb_row vc_row-fluid\"><div class=\"wpb_column vc_column_container vc_col-sm-12  col-xs-mobile-fullwidth\"><div class=\"vc_column-inner\"><div class=\"wpb_wrapper\"><div id=\"mainnav\" class=\"vc_wp_custommenu wpb_content_element\"><div class=\"widget widget_nav_menu\"><div class=\"menu-hauptnavi-container\"><ul id=\"menu-hauptnavi\" class=\"menu\"><li id=\"menu-item-547\" class=\"menu-item menu-item-type-post_type menu-item-object-page menu-item-home menu-item-547\"><a href=\"https:\/\/giesstechnik.de\/en\/\">starting page<\/a><\/li>\n<li id=\"menu-item-1807\" class=\"menu-item menu-item-type-post_type menu-item-object-page menu-item-1807\"><a href=\"https:\/\/giesstechnik.de\/en\/news\/\">News<\/a><\/li>\n<li id=\"menu-item-275\" class=\"menu-item menu-item-type-post_type menu-item-object-page menu-item-275\"><a href=\"https:\/\/giesstechnik.de\/en\/leistungsbereich\/\">Product program<\/a><\/li>\n<li id=\"menu-item-190\" class=\"menu-item menu-item-type-post_type menu-item-object-page menu-item-190\"><a href=\"https:\/\/giesstechnik.de\/en\/unternehmen\/\">company<\/a><\/li>\n<li id=\"menu-item-433\" class=\"menu-item menu-item-type-post_type menu-item-object-page menu-item-433\"><a href=\"https:\/\/giesstechnik.de\/en\/stellenangebote\/\">vacancies<\/a><\/li>\n<\/ul><\/div><\/div><\/div><\/div><\/div><\/div><\/section><section id=\"maincontent\" class=\"vc_section vc_custom_1538079055995 vc_section-has-fill\"><section class=\"vc_row wpb_row vc_row-fluid\"><div class=\"wpb_column vc_column_container vc_col-has-fill subMenu vc_col-sm-3  col-xs-mobile-fullwidth\"><div class=\"vc_column-inner vc_custom_1539130226729\"><div class=\"wpb_wrapper\"><div  class=\"vc_wp_custommenu wpb_content_element submenu\"><div class=\"widget widget_nav_menu\"><div class=\"menu-menue-stellenangebote-d-container\"><ul id=\"menu-menue-stellenangebote-d\" class=\"menu\"><li id=\"menu-item-420\" class=\"menu-item menu-item-type-post_type menu-item-object-page menu-item-420\"><a href=\"https:\/\/giesstechnik.de\/en\/stellenangebote\/elektroingenieur\/\">electrical engineer<\/a><\/li>\n<\/ul><\/div><\/div><\/div><\/div><\/div><\/div><div class=\"wpb_column vc_column_container vc_col-sm-9  col-xs-mobile-fullwidth\"><div class=\"vc_column-inner\"><div class=\"wpb_wrapper\"><div class=\"vc_row wpb_row vc_inner vc_row-fluid\"><div class=\"wpb_column vc_column_container vc_col-sm-12  col-xs-mobile-fullwidth\"><div class=\"vc_column-inner\"><div class=\"wpb_wrapper\"><div class=\"last-paragraph-no-margin\"><h3><\/h3>\n<h3><\/h3>\n<h3><a href=\"http:\/\/giesstechnik.de\/wp-content\/uploads\/2018-11-Elektroingenieur.pdf\">electrical engineer<\/a><\/h3>\n<\/div><div class=\"vc_custom_1542985788152 last-paragraph-no-margin\"><p>Wir sind ein kleines Team aus Spezialisten im Bereich Anlagenbau, Metallurgie, Know-how Vermittlung und erfinderischem Geist. Unsere Anlagentechnologie verbessert sich t\u00e4glich, denn wir gehen immer einen Schritt weiter. Unsere Kunden kommen national sowie international aus allen Branchen.<\/p>\n<p>&nbsp;<\/p>\n<p><strong><u>Wir suchen Sie<\/u><\/strong><\/p>\n<p>SPS-Techniker \/ Ingenieur (m\/w\/d) f\u00fcr Anlagen- und Automatisierungstechnik<\/p>\n<p>Raum N\u00fcmbrecht (Oberbergischer Kreis)<\/p>\n<p>&nbsp;<\/p>\n<p><strong><u>Ihre Aufgaben<\/u><\/strong><\/p>\n<p>Als SPS-Techniker \/ Ingenieur (m\/w) f\u00fcr Anlagen- und Automatisierungstechnik erwartet Sie eine spannende und abwechslungsreiche T\u00e4tigkeit im Bereich der Anlagenbetreuung.<\/p>\n<p>&nbsp;<\/p>\n<p>Sie \u00fcbernehmen folgende Aufgaben:<\/p>\n<p>Eigenst\u00e4ndige Planung, Programmierung und Anpassung von SPS-Steuerungen<\/p>\n<p>Inbetriebnahme von Anlagen im Haus und anschlie\u00dfend weltweit<\/p>\n<p>Durchf\u00fchrung von Fehleranalysen und deren Beseitigung<\/p>\n<p>Erstellung der Dokumentation<\/p>\n<p>&nbsp;<\/p>\n<p><strong><u>Ihr Profil<\/u><\/strong><\/p>\n<p>Sie passen ideal in unser Team, wenn Sie folgendes mitbringen:<\/p>\n<p>Gepr\u00fcfter Techniker (m\/w) im Bereich Automatisierungstechnik, Elektrotechnik, Mechatronik<\/p>\n<p>Kenntnisse in der SPS-, CNC-Programmierung (Siemens S7)<\/p>\n<p>Gute Englischkenntnisse in Wort und Schrift<\/p>\n<p>Selbst\u00e4ndige und l\u00f6sungsorientierte Arbeitsweise, Belastbarkeit verbunden mit einer hohen sozialen Kompetenz<\/p>\n<p>\u201eeine gute Portion Hausverstand\u201c<\/p>\n<p>Bereitschaft zu Dienstreisen<\/p>\n<p>&nbsp;<\/p>\n<p><strong><u>Wir bieten Ihnen<\/u><\/strong><\/p>\n<p>Abwechslungsreiche und spannende Aufgaben in zukunftsweisenden Projekten mit namhaften OEMs, Zulieferern und Systemlieferanten<\/p>\n<p>Unbefristeter Arbeitsvertrag, Gleitzeitregelung<\/p>\n<p>Regelm\u00e4\u00dfiger Austausch durch Feedback und Perspektivengespr\u00e4che<\/p>\n<p>Haben wir Ihr Interesse geweckt, dann melden Sie sich bei Hr. Gerhard Geishuettner<\/p>\n<\/div><\/div><\/div><\/div><\/div><div class=\"vc_separator wpb_content_element vc_separator_align_center vc_sep_width_100 vc_sep_pos_align_center vc_separator_no_text vc_sep_color_white vc_custom_1538242048879  vc_custom_1538242048879\" ><span class=\"vc_sep_holder vc_sep_holder_l\"><span class=\"vc_sep_line\"><\/span><\/span><span class=\"vc_sep_holder vc_sep_holder_r\"><span class=\"vc_sep_line\"><\/span><\/span>\n<\/div><\/div><\/div><\/div><\/section><\/section>\n<\/div>","protected":false},"excerpt":{"rendered":"Startseite News Leistungsbereich Unternehmen Stellenangebote Elektroingenieur\/in Elektroingenieur\/in Wir sind ein kleines Team aus Spezialisten im Bereich Anlagenbau, Metallurgie, Know-how Vermittlung und erfinderischem Geist. Unsere Anlagentechnologie verbessert sich t\u00e4glich, denn wir gehen immer einen Schritt weiter. Unsere Kunden kommen national sowie international aus allen Branchen. &nbsp; Wir suchen Sie SPS-Techniker \/ Ingenieur (m\/w\/d) f\u00fcr Anlagen- und Automatisierungstechnik Raum N\u00fcmbrecht (Oberbergischer Kreis) &nbsp; Ihre Aufgaben Als SPS-Techniker \/ Ingenieur (m\/w) f\u00fcr Anlagen- und Automatisierungstechnik erwartet Sie eine spannende und abwechslungsreiche T\u00e4tigkeit im Bereich der Anlagenbetreuung. &nbsp; Sie \u00fcbernehmen folgende Aufgaben: Eigenst\u00e4ndige Planung, Programmierung und Anpassung von SPS-Steuerungen Inbetriebnahme von Anlagen im Haus und anschlie\u00dfend weltweit Durchf\u00fchrung von Fehleranalysen und deren Beseitigung Erstellung der Dokumentation &nbsp; Ihr Profil Sie passen ideal in unser Team, wenn Sie folgendes mitbringen: Gepr\u00fcfter Techniker (m\/w) im Bereich Automatisierungstechnik, Elektrotechnik, Mechatronik Kenntnisse in der SPS-, CNC-Programmierung (Siemens S7) Gute Englischkenntnisse in Wort und Schrift Selbst\u00e4ndige und l\u00f6sungsorientierte Arbeitsweise, Belastbarkeit verbunden mit einer hohen sozialen Kompetenz \u201eeine gute Portion Hausverstand\u201c Bereitschaft zu Dienstreisen &nbsp; Wir bieten Ihnen Abwechslungsreiche und spannende Aufgaben in zukunftsweisenden Projekten mit namhaften OEMs, Zulieferern und Systemlieferanten Unbefristeter Arbeitsvertrag, Gleitzeitregelung Regelm\u00e4\u00dfiger Austausch durch Feedback und Perspektivengespr\u00e4che Haben wir Ihr Interesse geweckt, dann melden Sie sich bei...","protected":false},"author":5,"featured_media":0,"parent":413,"menu_order":0,"comment_status":"closed","ping_status":"closed","template":"","meta":{"footnotes":""},"class_list":["post-417","page","type-page","status-publish","hentry"],"_links":{"self":[{"href":"https:\/\/giesstechnik.de\/en\/wp-json\/wp\/v2\/pages\/417","targetHints":{"allow":["GET"]}}],"collection":[{"href":"https:\/\/giesstechnik.de\/en\/wp-json\/wp\/v2\/pages"}],"about":[{"href":"https:\/\/giesstechnik.de\/en\/wp-json\/wp\/v2\/types\/page"}],"author":[{"embeddable":true,"href":"https:\/\/giesstechnik.de\/en\/wp-json\/wp\/v2\/users\/5"}],"replies":[{"embeddable":true,"href":"https:\/\/giesstechnik.de\/en\/wp-json\/wp\/v2\/comments?post=417"}],"version-history":[{"count":16,"href":"https:\/\/giesstechnik.de\/en\/wp-json\/wp\/v2\/pages\/417\/revisions"}],"predecessor-version":[{"id":1343,"href":"https:\/\/giesstechnik.de\/en\/wp-json\/wp\/v2\/pages\/417\/revisions\/1343"}],"up":[{"embeddable":true,"href":"https:\/\/giesstechnik.de\/en\/wp-json\/wp\/v2\/pages\/413"}],"wp:attachment":[{"href":"https:\/\/giesstechnik.de\/en\/wp-json\/wp\/v2\/media?parent=417"}],"curies":[{"name":"wp","href":"https:\/\/api.w.org\/{rel}","templated":true}]}}