{"id":511,"date":"2018-12-04T16:07:07","date_gmt":"2018-12-04T15:07:07","guid":{"rendered":"http:\/\/giesstechnik.de\/?page_id=511"},"modified":"2023-02-13T13:39:17","modified_gmt":"2023-02-13T12:39:17","slug":"startseite","status":"publish","type":"page","link":"https:\/\/giesstechnik.de\/en\/","title":{"rendered":"Starting Page"},"content":{"rendered":"<div class=\"wpb-content-wrapper\"><section class=\"vc_row wpb_row vc_row-fluid\"><div class=\"wpb_column vc_column_container vc_col-sm-12  col-xs-mobile-fullwidth\"><div class=\"vc_column-inner vc_custom_1538075900939\"><div class=\"wpb_wrapper\">\n\t<div  class=\"wpb_single_image wpb_content_element vc_align_center\">\n\t\t\n\t\t<figure class=\"wpb_wrapper vc_figure\">\n\t\t\t<div class=\"vc_single_image-wrapper   vc_box_border_grey\"><img loading=\"lazy\" decoding=\"async\" width=\"1170\" height=\"370\" src=\"https:\/\/giesstechnik.de\/wp-content\/uploads\/titelbild_startseite.jpg\" class=\"vc_single_image-img attachment-full\" alt=\"\" title=\"titelbild_startseite\" srcset=\"https:\/\/giesstechnik.de\/wp-content\/uploads\/titelbild_startseite.jpg 1170w, https:\/\/giesstechnik.de\/wp-content\/uploads\/titelbild_startseite-300x95.jpg 300w, https:\/\/giesstechnik.de\/wp-content\/uploads\/titelbild_startseite-768x243.jpg 768w, https:\/\/giesstechnik.de\/wp-content\/uploads\/titelbild_startseite-1024x324.jpg 1024w, https:\/\/giesstechnik.de\/wp-content\/uploads\/titelbild_startseite-81x26.jpg 81w\" sizes=\"auto, (max-width: 1170px) 100vw, 1170px\" \/><\/div>\n\t\t<\/figure>\n\t<\/div>\n<\/div><\/div><\/div><\/section><section class=\"vc_row wpb_row vc_row-fluid\"><div class=\"wpb_column vc_column_container vc_col-sm-12  col-xs-mobile-fullwidth\"><div class=\"vc_column-inner\"><div class=\"wpb_wrapper\"><div id=\"mainnav\" class=\"vc_wp_custommenu wpb_content_element\"><div class=\"widget widget_nav_menu\"><div class=\"menu-hauptnavi-container\"><ul id=\"menu-hauptnavi\" class=\"menu\"><li id=\"menu-item-547\" class=\"menu-item menu-item-type-post_type menu-item-object-page menu-item-home menu-item-547\"><a href=\"https:\/\/giesstechnik.de\/en\/\">starting page<\/a><\/li>\n<li id=\"menu-item-1807\" class=\"menu-item menu-item-type-post_type menu-item-object-page menu-item-1807\"><a href=\"https:\/\/giesstechnik.de\/en\/news\/\">News<\/a><\/li>\n<li id=\"menu-item-275\" class=\"menu-item menu-item-type-post_type menu-item-object-page menu-item-275\"><a href=\"https:\/\/giesstechnik.de\/en\/leistungsbereich\/\">Product program<\/a><\/li>\n<li id=\"menu-item-190\" class=\"menu-item menu-item-type-post_type menu-item-object-page menu-item-190\"><a href=\"https:\/\/giesstechnik.de\/en\/unternehmen\/\">company<\/a><\/li>\n<li id=\"menu-item-433\" class=\"menu-item menu-item-type-post_type menu-item-object-page menu-item-433\"><a href=\"https:\/\/giesstechnik.de\/en\/stellenangebote\/\">vacancies<\/a><\/li>\n<\/ul><\/div><\/div><\/div><\/div><\/div><\/div><\/section><section id=\"maincontent\" class=\"vc_section vc_custom_1538079055995 vc_section-has-fill\"><section class=\"vc_row wpb_row vc_row-fluid\"><div class=\"wpb_column vc_column_container vc_col-sm-12  col-xs-mobile-fullwidth\"><div class=\"vc_column-inner\"><div class=\"wpb_wrapper\"><div class=\"vc_custom_1545221562366 last-paragraph-no-margin\"><h2 style=\"text-align: center;\">Welcome to<br \/>\nGG-GIESSTECHNIK GmbH &amp; Co.KG<\/h2>\n<\/div><div class=\"vc_custom_1545221574340 last-paragraph-no-margin\"><p style=\"text-align: center;\">The company GG-GIESSTECHNIK GmbH &amp; Co.KG based in N\u00fcmbrecht can help you to realize your projects, to improve your productivity and flexibility of your national and international production. This is done by designing the manufacturing structure, the technology and the processes of existing plants and new plants in the light metal, in particular magnesium and zinc. We support you with good ideas and professional implementation.<\/p>\n<\/div><div class=\"vc_empty_space\"   style=\"height: 32px\"><span class=\"vc_empty_space_inner\"><\/span><\/div><\/div><\/div><\/div><\/section><section class=\"vc_row wpb_row vc_row-fluid\"><div class=\"wpb_column vc_column_container vc_col-sm-12  col-xs-mobile-fullwidth\"><div class=\"vc_column-inner\"><div class=\"wpb_wrapper\"><div class=\"vc_custom_1542128120219 last-paragraph-no-margin\"><h3 style=\"text-align: center;\">Our services<\/h3>\n<p style=\"text-align: center;\">We design \/ plan \/ construct and build your special systems and take into account with your special wishes.<\/p>\n<\/div><\/div><\/div><\/div><\/section><section class=\"vc_row wpb_row vc_row-fluid\"><div class=\"wpb_column vc_column_container vc_col-sm-1  col-xs-mobile-fullwidth\"><div class=\"vc_column-inner\"><div class=\"wpb_wrapper\"><\/div><\/div><\/div><div class=\"wpb_column vc_column_container vc_col-sm-5  col-xs-mobile-fullwidth\"><div class=\"vc_column-inner\"><div class=\"wpb_wrapper\"><div class=\"last-paragraph-no-margin\"><ul>\n<li>Close communication to you<\/li>\n<li>Creation of complete concepts up to the overall planning<\/li>\n<li>Modern or innovative solutions<\/li>\n<\/ul>\n<\/div><\/div><\/div><\/div><div class=\"wpb_column vc_column_container vc_col-sm-5  col-xs-mobile-fullwidth\"><div class=\"vc_column-inner\"><div class=\"wpb_wrapper\"><div class=\"last-paragraph-no-margin\"><ul>\n<li>Special plant construction in-house<\/li>\n<li>commissioning and know-how transfer<\/li>\n<li>Training and process support<\/li>\n<\/ul>\n<\/div><\/div><\/div><\/div><div class=\"wpb_column vc_column_container vc_col-sm-1  col-xs-mobile-fullwidth\"><div class=\"vc_column-inner\"><div class=\"wpb_wrapper\"><\/div><\/div><\/div><\/section><section class=\"vc_row wpb_row vc_row-fluid\"><div class=\"wpb_column vc_column_container vc_col-sm-1  col-xs-mobile-fullwidth\"><div class=\"vc_column-inner\"><div class=\"wpb_wrapper\"><\/div><\/div><\/div><div class=\"wpb_column vc_column_container vc_col-sm-5  col-xs-mobile-fullwidth\"><div class=\"vc_column-inner\"><div class=\"wpb_wrapper\">\n\t<div  class=\"wpb_single_image wpb_content_element vc_align_left\">\n\t\t\n\t\t<figure class=\"wpb_wrapper vc_figure\">\n\t\t\t<a href=\"https:\/\/giesstechnik.de\/en\/leistungsbereich\/ersatzteile\/\" target=\"_self\" class=\"vc_single_image-wrapper   vc_box_border_grey\"><img loading=\"lazy\" decoding=\"async\" width=\"582\" height=\"583\" src=\"https:\/\/giesstechnik.de\/wp-content\/uploads\/Ersatzteile.png\" class=\"vc_single_image-img attachment-full\" alt=\"\" title=\"spare-parts\" srcset=\"https:\/\/giesstechnik.de\/wp-content\/uploads\/Ersatzteile.png 582w, https:\/\/giesstechnik.de\/wp-content\/uploads\/Ersatzteile-150x150.png 150w, https:\/\/giesstechnik.de\/wp-content\/uploads\/Ersatzteile-300x300.png 300w, https:\/\/giesstechnik.de\/wp-content\/uploads\/Ersatzteile-81x81.png 81w\" sizes=\"auto, (max-width: 582px) 100vw, 582px\" \/><\/a>\n\t\t<\/figure>\n\t<\/div>\n<\/div><\/div><\/div><div class=\"wpb_column vc_column_container vc_col-sm-5  col-xs-mobile-fullwidth\"><div class=\"vc_column-inner\"><div class=\"wpb_wrapper\">\n\t<div  class=\"wpb_single_image wpb_content_element vc_align_left\">\n\t\t\n\t\t<figure class=\"wpb_wrapper vc_figure\">\n\t\t\t<a href=\"https:\/\/giesstechnik.de\/en\/leistungsbereich\/anlagenbau\/\" target=\"_self\" class=\"vc_single_image-wrapper   vc_box_border_grey\"><img loading=\"lazy\" decoding=\"async\" width=\"591\" height=\"591\" src=\"https:\/\/giesstechnik.de\/wp-content\/uploads\/Bild4.png\" class=\"vc_single_image-img attachment-full\" alt=\"\" title=\"plant-construction\" srcset=\"https:\/\/giesstechnik.de\/wp-content\/uploads\/Bild4.png 591w, https:\/\/giesstechnik.de\/wp-content\/uploads\/Bild4-150x150.png 150w, https:\/\/giesstechnik.de\/wp-content\/uploads\/Bild4-300x300.png 300w, https:\/\/giesstechnik.de\/wp-content\/uploads\/Bild4-81x81.png 81w\" sizes=\"auto, (max-width: 591px) 100vw, 591px\" \/><\/a>\n\t\t<\/figure>\n\t<\/div>\n<\/div><\/div><\/div><div class=\"wpb_column vc_column_container vc_col-sm-1  col-xs-mobile-fullwidth\"><div class=\"vc_column-inner\"><div class=\"wpb_wrapper\"><\/div><\/div><\/div><\/section><section class=\"vc_row wpb_row vc_row-fluid\"><div class=\"wpb_column vc_column_container vc_col-sm-12  col-xs-mobile-fullwidth\"><div class=\"vc_column-inner\"><div class=\"wpb_wrapper\"><div class=\"vc_custom_1546894565341 last-paragraph-no-margin\"><h3 style=\"text-align: center;\">Our strengths<\/h3>\n<blockquote>\n<p style=\"text-align: center;\">We are a small team of specialists in metallurgy, know-how and inventive spirit. We always go a step further, our plant technology improves daily. We operate nationally and internationally in all industries.<\/p>\n<\/div><\/div><\/div><\/div><\/section><section class=\"vc_row wpb_row vc_row-fluid\"><div class=\"wpb_column vc_column_container vc_col-sm-12  col-xs-mobile-fullwidth\"><div class=\"vc_column-inner\"><div class=\"wpb_wrapper\"><div class=\"vc_custom_1542128015616 last-paragraph-no-margin\"><h3 style=\"text-align: center;\">Our slogan<\/h3>\n<blockquote>\n<p style=\"text-align: center;\"><strong>Standstill is regression, which we do not need!<\/strong><\/p>\n<\/blockquote>\n<\/div><\/div><\/div><\/div><\/section><\/section><section class=\"vc_row wpb_row vc_row-fluid\"><div class=\"wpb_column vc_column_container  col-xs-mobile-fullwidth\"><div class=\"vc_column-inner\"><div class=\"wpb_wrapper\"><div class=\"last-paragraph-no-margin\"><\/blockquote>\n<\/div><\/div><\/div><\/div><\/section>\n<\/div>","protected":false},"excerpt":{"rendered":"Startseite News Leistungsbereich Unternehmen Stellenangebote Willkommen bei der GG-GIESSTECHNIK GmbH &amp; Co.KG Die Firma GG-GIESSTECHNIK GmbH &amp; Co.KG mit Sitz in N\u00fcmbrecht kann helfen Projekte zu realisieren, Produktivit\u00e4t und Flexibilit\u00e4t von nationaler und internationaler Produktion zu verbessern. Dies geschieht durch Gestaltung der Fertigungsstruktur, der Technik und der Abl\u00e4ufe bestehender Anlagen und Neuanlagen im Bereich Leichtmetall, im Speziellen Magnesium und Zink. Wir unterst\u00fctzen dabei mit guten Ideen und einer professionellen Umsetzung. Unsere Leistungen Wir projektieren \/ planen \/ konstruieren und bauen Sonderanlagen und ber\u00fccksichtigen dabei spezielle W\u00fcnsche. Enge Kommunikation zu unseren Partnern Erstellung von Gesamtkonzepten bis hin zur Gesamtplanung Moderne bzw. innovative L\u00f6sungen Sonderanlagenbau im eigenen Haus Inbetriebnahme und Know-how \u00dcbergabe Schulung und Prozessbegleitung Unsere St\u00e4rken Wir sind ein kleines Team, welches aus Spezialisten im Bereich Metallurgie, Know-how und erfinderischem Geist besteht. Wir gehen immer einen Schritt weiter, unsere Anlagentechnologie verbessert sich t\u00e4glich. Wir sind national sowie international in allen Branchen t\u00e4tig. Unser Motto Stillstand ist R\u00fcckschritt, welchen wir nicht gebrauchen k\u00f6nnen!","protected":false},"author":5,"featured_media":0,"parent":0,"menu_order":0,"comment_status":"closed","ping_status":"closed","template":"","meta":{"footnotes":""},"class_list":["post-511","page","type-page","status-publish","hentry"],"_links":{"self":[{"href":"https:\/\/giesstechnik.de\/en\/wp-json\/wp\/v2\/pages\/511","targetHints":{"allow":["GET"]}}],"collection":[{"href":"https:\/\/giesstechnik.de\/en\/wp-json\/wp\/v2\/pages"}],"about":[{"href":"https:\/\/giesstechnik.de\/en\/wp-json\/wp\/v2\/types\/page"}],"author":[{"embeddable":true,"href":"https:\/\/giesstechnik.de\/en\/wp-json\/wp\/v2\/users\/5"}],"replies":[{"embeddable":true,"href":"https:\/\/giesstechnik.de\/en\/wp-json\/wp\/v2\/comments?post=511"}],"version-history":[{"count":27,"href":"https:\/\/giesstechnik.de\/en\/wp-json\/wp\/v2\/pages\/511\/revisions"}],"predecessor-version":[{"id":2083,"href":"https:\/\/giesstechnik.de\/en\/wp-json\/wp\/v2\/pages\/511\/revisions\/2083"}],"wp:attachment":[{"href":"https:\/\/giesstechnik.de\/en\/wp-json\/wp\/v2\/media?parent=511"}],"curies":[{"name":"wp","href":"https:\/\/api.w.org\/{rel}","templated":true}]}}