{"id":56,"date":"2018-09-27T22:42:04","date_gmt":"2018-09-27T20:42:04","guid":{"rendered":"http:\/\/giesstechnik.de\/?page_id=56"},"modified":"2024-02-20T18:41:26","modified_gmt":"2024-02-20T17:41:26","slug":"partner","status":"publish","type":"page","link":"https:\/\/giesstechnik.de\/en\/unternehmen\/partner\/","title":{"rendered":"Partner &#8211; D"},"content":{"rendered":"<div class=\"wpb-content-wrapper\"><section class=\"vc_row wpb_row vc_row-fluid\"><div class=\"wpb_column vc_column_container vc_col-sm-12  col-xs-mobile-fullwidth\"><div class=\"vc_column-inner vc_custom_1538075900939\"><div class=\"wpb_wrapper\">\n\t<div  class=\"wpb_single_image wpb_content_element vc_align_center\">\n\t\t\n\t\t<figure class=\"wpb_wrapper vc_figure\">\n\t\t\t<div class=\"vc_single_image-wrapper   vc_box_border_grey\"><img loading=\"lazy\" decoding=\"async\" width=\"1170\" height=\"370\" src=\"https:\/\/giesstechnik.de\/wp-content\/uploads\/titelbild_startseite.jpg\" class=\"vc_single_image-img attachment-full\" alt=\"\" title=\"titelbild_startseite\" srcset=\"https:\/\/giesstechnik.de\/wp-content\/uploads\/titelbild_startseite.jpg 1170w, https:\/\/giesstechnik.de\/wp-content\/uploads\/titelbild_startseite-300x95.jpg 300w, https:\/\/giesstechnik.de\/wp-content\/uploads\/titelbild_startseite-768x243.jpg 768w, https:\/\/giesstechnik.de\/wp-content\/uploads\/titelbild_startseite-1024x324.jpg 1024w, https:\/\/giesstechnik.de\/wp-content\/uploads\/titelbild_startseite-81x26.jpg 81w\" sizes=\"auto, (max-width: 1170px) 100vw, 1170px\" \/><\/div>\n\t\t<\/figure>\n\t<\/div>\n<\/div><\/div><\/div><\/section><section class=\"vc_row wpb_row vc_row-fluid\"><div class=\"wpb_column vc_column_container vc_col-sm-12  col-xs-mobile-fullwidth\"><div class=\"vc_column-inner\"><div class=\"wpb_wrapper\"><div id=\"mainnav\" class=\"vc_wp_custommenu wpb_content_element\"><div class=\"widget widget_nav_menu\"><div class=\"menu-hauptnavi-container\"><ul id=\"menu-hauptnavi\" class=\"menu\"><li id=\"menu-item-547\" class=\"menu-item menu-item-type-post_type menu-item-object-page menu-item-home menu-item-547\"><a href=\"https:\/\/giesstechnik.de\/en\/\">starting page<\/a><\/li>\n<li id=\"menu-item-1807\" class=\"menu-item menu-item-type-post_type menu-item-object-page menu-item-1807\"><a href=\"https:\/\/giesstechnik.de\/en\/news\/\">News<\/a><\/li>\n<li id=\"menu-item-275\" class=\"menu-item menu-item-type-post_type menu-item-object-page menu-item-275\"><a href=\"https:\/\/giesstechnik.de\/en\/leistungsbereich\/\">Product program<\/a><\/li>\n<li id=\"menu-item-190\" class=\"menu-item menu-item-type-post_type menu-item-object-page menu-item-190\"><a href=\"https:\/\/giesstechnik.de\/en\/unternehmen\/\">company<\/a><\/li>\n<li id=\"menu-item-433\" class=\"menu-item menu-item-type-post_type menu-item-object-page menu-item-433\"><a href=\"https:\/\/giesstechnik.de\/en\/stellenangebote\/\">vacancies<\/a><\/li>\n<\/ul><\/div><\/div><\/div><\/div><\/div><\/div><\/section><section id=\"maincontent\" class=\"vc_section vc_custom_1538079055995 vc_section-has-fill\"><section class=\"vc_row wpb_row vc_row-fluid\"><div class=\"wpb_column vc_column_container vc_col-has-fill subMenu vc_col-sm-3  col-xs-mobile-fullwidth\"><div class=\"vc_column-inner vc_custom_1539132475740\"><div class=\"wpb_wrapper\"><div  class=\"vc_wp_custommenu wpb_content_element submenu\"><div class=\"widget widget_nav_menu\"><div class=\"menu-menue-unternehmen-d-container\"><ul id=\"menu-menue-unternehmen-d\" class=\"menu\"><li id=\"menu-item-202\" class=\"menu-item menu-item-type-post_type menu-item-object-page menu-item-202\"><a href=\"https:\/\/giesstechnik.de\/en\/unternehmen\/partner\/\">partner<\/a><\/li>\n<li id=\"menu-item-1824\" class=\"menu-item menu-item-type-post_type menu-item-object-page menu-item-1824\"><a href=\"https:\/\/giesstechnik.de\/en\/unternehmen\/referenzen\/\">references<\/a><\/li>\n<li id=\"menu-item-2307\" class=\"menu-item menu-item-type-post_type menu-item-object-page menu-item-2307\"><a href=\"https:\/\/giesstechnik.de\/en\/unternehmen\/standorte\/\">locations<\/a><\/li>\n<\/ul><\/div><\/div><\/div><\/div><\/div><\/div><div class=\"wpb_column vc_column_container vc_col-sm-9  col-xs-mobile-fullwidth\"><div class=\"vc_column-inner\"><div class=\"wpb_wrapper\"><div class=\"vc_row wpb_row vc_inner vc_row-fluid\"><div class=\"wpb_column vc_column_container vc_col-sm-12  col-xs-mobile-fullwidth\"><div class=\"vc_column-inner\"><div class=\"wpb_wrapper\"><div class=\"vc_custom_1538111003629 last-paragraph-no-margin\"><h2 style=\"text-align: left;\">partner<\/h2>\n<\/div><\/div><\/div><\/div><\/div><div class=\"vc_row wpb_row vc_inner vc_row-fluid\"><div class=\"wpb_column vc_column_container vc_col-sm-3  col-xs-mobile-fullwidth\"><div class=\"vc_column-inner\"><div class=\"wpb_wrapper\">\n\t<div  class=\"wpb_single_image wpb_content_element vc_align_center\">\n\t\t\n\t\t<figure class=\"wpb_wrapper vc_figure\">\n\t\t\t<a href=\"http:\/\/designs.giesstechnik.de\/\" target=\"_self\" class=\"vc_single_image-wrapper   vc_box_border_grey\"><img loading=\"lazy\" decoding=\"async\" width=\"300\" height=\"200\" src=\"https:\/\/giesstechnik.de\/wp-content\/uploads\/Partner\/partner_GG-Designs-3-zu-2-300x200.jpg\" class=\"vc_single_image-img attachment-medium\" alt=\"\" title=\"partner_GG-Designs 3 zu 2\" srcset=\"https:\/\/giesstechnik.de\/wp-content\/uploads\/Partner\/partner_GG-Designs-3-zu-2-300x200.jpg 300w, https:\/\/giesstechnik.de\/wp-content\/uploads\/Partner\/partner_GG-Designs-3-zu-2-81x54.jpg 81w, https:\/\/giesstechnik.de\/wp-content\/uploads\/Partner\/partner_GG-Designs-3-zu-2.jpg 473w\" sizes=\"auto, (max-width: 300px) 100vw, 300px\" \/><\/a>\n\t\t<\/figure>\n\t<\/div>\n<div class=\"last-paragraph-no-margin\"><p style=\"text-align: center;\">GG-Designs<\/p>\n<\/div><\/div><\/div><\/div><div class=\"wpb_column vc_column_container vc_col-sm-3  col-xs-mobile-fullwidth\"><div class=\"vc_column-inner\"><div class=\"wpb_wrapper\">\n\t<div  class=\"wpb_single_image wpb_content_element vc_align_center\">\n\t\t\n\t\t<figure class=\"wpb_wrapper vc_figure\">\n\t\t\t<a href=\"https:\/\/www.aski-gasetechnik.eu\/\" target=\"_self\" class=\"vc_single_image-wrapper   vc_box_border_grey\"><img loading=\"lazy\" decoding=\"async\" width=\"300\" height=\"200\" src=\"https:\/\/giesstechnik.de\/wp-content\/uploads\/Partner\/partner_aski-300x200.jpg\" class=\"vc_single_image-img attachment-medium\" alt=\"\" title=\"partner_aski\" srcset=\"https:\/\/giesstechnik.de\/wp-content\/uploads\/Partner\/partner_aski-300x200.jpg 300w, https:\/\/giesstechnik.de\/wp-content\/uploads\/Partner\/partner_aski-81x54.jpg 81w, https:\/\/giesstechnik.de\/wp-content\/uploads\/Partner\/partner_aski.jpg 472w\" sizes=\"auto, (max-width: 300px) 100vw, 300px\" \/><\/a>\n\t\t<\/figure>\n\t<\/div>\n<div class=\"last-paragraph-no-margin\"><p style=\"text-align: center;\">A.S.K.I. Gasetechnik GmbH<\/p>\n<\/div><\/div><\/div><\/div><div class=\"wpb_column vc_column_container vc_col-sm-3  col-xs-mobile-fullwidth\"><div class=\"vc_column-inner\"><div class=\"wpb_wrapper\">\n\t<div  class=\"wpb_single_image wpb_content_element vc_align_center\">\n\t\t\n\t\t<figure class=\"wpb_wrapper vc_figure\">\n\t\t\t<a href=\"http:\/\/www.unitechnik.com\" target=\"_blank\" class=\"vc_single_image-wrapper   vc_box_border_grey\"><img loading=\"lazy\" decoding=\"async\" width=\"300\" height=\"200\" src=\"https:\/\/giesstechnik.de\/wp-content\/uploads\/Partner\/partner_unitechnik-300x200.png\" class=\"vc_single_image-img attachment-medium\" alt=\"\" title=\"partner_unitechnik\" srcset=\"https:\/\/giesstechnik.de\/wp-content\/uploads\/Partner\/partner_unitechnik-300x200.png 300w, https:\/\/giesstechnik.de\/wp-content\/uploads\/Partner\/partner_unitechnik-81x54.png 81w, https:\/\/giesstechnik.de\/wp-content\/uploads\/Partner\/partner_unitechnik.png 378w\" sizes=\"auto, (max-width: 300px) 100vw, 300px\" \/><\/a>\n\t\t<\/figure>\n\t<\/div>\n<div class=\"last-paragraph-no-margin\"><p style=\"text-align: center;\">Unitechnik Systems GmbH<\/p>\n<\/div><\/div><\/div><\/div><div class=\"wpb_column vc_column_container vc_col-sm-3  col-xs-mobile-fullwidth\"><div class=\"vc_column-inner\"><div class=\"wpb_wrapper\">\n\t<div  class=\"wpb_single_image wpb_content_element vc_align_center\">\n\t\t\n\t\t<figure class=\"wpb_wrapper vc_figure\">\n\t\t\t<a href=\"http:\/\/www.elektro-selbach.de\" target=\"_blank\" class=\"vc_single_image-wrapper   vc_box_border_grey\"><img loading=\"lazy\" decoding=\"async\" width=\"300\" height=\"200\" src=\"https:\/\/giesstechnik.de\/wp-content\/uploads\/Partner\/partner_selbach-1-e1547654900521-300x200.png\" class=\"vc_single_image-img attachment-medium\" alt=\"\" title=\"partner_selbach\" srcset=\"https:\/\/giesstechnik.de\/wp-content\/uploads\/Partner\/partner_selbach-1-e1547654900521-300x200.png 300w, https:\/\/giesstechnik.de\/wp-content\/uploads\/Partner\/partner_selbach-1-e1547654900521-81x54.png 81w, https:\/\/giesstechnik.de\/wp-content\/uploads\/Partner\/partner_selbach-1-e1547654900521.png 473w\" sizes=\"auto, (max-width: 300px) 100vw, 300px\" \/><\/a>\n\t\t<\/figure>\n\t<\/div>\n<div class=\"last-paragraph-no-margin\"><p style=\"text-align: center;\">Elektrotechnik Selbach<\/p>\n<\/div><\/div><\/div><\/div><\/div><div class=\"vc_row wpb_row vc_inner vc_row-fluid\"><div class=\"wpb_column vc_column_container vc_col-sm-3  col-xs-mobile-fullwidth\"><div class=\"vc_column-inner\"><div class=\"wpb_wrapper\">\n\t<div  class=\"wpb_single_image wpb_content_element vc_align_center\">\n\t\t\n\t\t<figure class=\"wpb_wrapper vc_figure\">\n\t\t\t<a href=\"https:\/\/www.zim.de\/\" target=\"_blank\" class=\"vc_single_image-wrapper   vc_box_border_grey\"><img loading=\"lazy\" decoding=\"async\" width=\"300\" height=\"300\" src=\"https:\/\/giesstechnik.de\/wp-content\/uploads\/Partner\/zim-300x300.png\" class=\"vc_single_image-img attachment-medium\" alt=\"\" title=\"zim\" srcset=\"https:\/\/giesstechnik.de\/wp-content\/uploads\/Partner\/zim-300x300.png 300w, https:\/\/giesstechnik.de\/wp-content\/uploads\/Partner\/zim-150x150.png 150w, https:\/\/giesstechnik.de\/wp-content\/uploads\/Partner\/zim-81x81.png 81w, https:\/\/giesstechnik.de\/wp-content\/uploads\/Partner\/zim.png 590w\" sizes=\"auto, (max-width: 300px) 100vw, 300px\" \/><\/a>\n\t\t<\/figure>\n\t<\/div>\n<div class=\"last-paragraph-no-margin\"><p style=\"text-align: center;\">Zentrales Innovationsprogramm Mittelstand<\/p>\n<\/div><\/div><\/div><\/div><div class=\"wpb_column vc_column_container vc_col-sm-3  col-xs-mobile-fullwidth\"><div class=\"vc_column-inner\"><div class=\"wpb_wrapper\">\n\t<div  class=\"wpb_single_image wpb_content_element vc_align_center\">\n\t\t\n\t\t<figure class=\"wpb_wrapper vc_figure\">\n\t\t\t<a href=\"https:\/\/www.bmwi.de\/\" target=\"_blank\" class=\"vc_single_image-wrapper   vc_box_border_grey\"><img loading=\"lazy\" decoding=\"async\" width=\"300\" height=\"300\" src=\"https:\/\/giesstechnik.de\/wp-content\/uploads\/Partner\/BMWi-300x300.png\" class=\"vc_single_image-img attachment-medium\" alt=\"\" title=\"BMWi\" srcset=\"https:\/\/giesstechnik.de\/wp-content\/uploads\/Partner\/BMWi-300x300.png 300w, https:\/\/giesstechnik.de\/wp-content\/uploads\/Partner\/BMWi-150x150.png 150w, https:\/\/giesstechnik.de\/wp-content\/uploads\/Partner\/BMWi-81x81.png 81w, https:\/\/giesstechnik.de\/wp-content\/uploads\/Partner\/BMWi.png 378w\" sizes=\"auto, (max-width: 300px) 100vw, 300px\" \/><\/a>\n\t\t<\/figure>\n\t<\/div>\n<div class=\"last-paragraph-no-margin\"><p style=\"text-align: center;\">Bundesministerium f\u00fcr Wirtschaft und Energie<\/p>\n<\/div><\/div><\/div><\/div><div class=\"wpb_column vc_column_container vc_col-sm-3  col-xs-mobile-fullwidth\"><div class=\"vc_column-inner\"><div class=\"wpb_wrapper\">\n\t<div  class=\"wpb_single_image wpb_content_element vc_align_center\">\n\t\t\n\t\t<figure class=\"wpb_wrapper vc_figure\">\n\t\t\t<a href=\"https:\/\/www.uni-kassel.de\" target=\"_blank\" class=\"vc_single_image-wrapper   vc_box_border_grey\"><img loading=\"lazy\" decoding=\"async\" width=\"200\" height=\"200\" src=\"https:\/\/giesstechnik.de\/wp-content\/uploads\/Referenzen\/Referenzen_Uni_Kassel.png\" class=\"vc_single_image-img attachment-medium\" alt=\"\" title=\"Referenzen_Uni_Kassel\" srcset=\"https:\/\/giesstechnik.de\/wp-content\/uploads\/Referenzen\/Referenzen_Uni_Kassel.png 200w, https:\/\/giesstechnik.de\/wp-content\/uploads\/Referenzen\/Referenzen_Uni_Kassel-150x150.png 150w, https:\/\/giesstechnik.de\/wp-content\/uploads\/Referenzen\/Referenzen_Uni_Kassel-81x81.png 81w\" sizes=\"auto, (max-width: 200px) 100vw, 200px\" \/><\/a>\n\t\t<\/figure>\n\t<\/div>\n<div class=\"last-paragraph-no-margin\"><p style=\"text-align: center;\">Universit\u00e4t Kassel<\/p>\n<\/div><\/div><\/div><\/div><div class=\"wpb_column vc_column_container vc_col-sm-3  col-xs-mobile-fullwidth\"><div class=\"vc_column-inner\"><div class=\"wpb_wrapper\">\n\t<div  class=\"wpb_single_image wpb_content_element vc_align_center\">\n\t\t\n\t\t<figure class=\"wpb_wrapper vc_figure\">\n\t\t\t<a href=\"http:\/\/www.quattrostagioni.biz\/\" target=\"_blank\" class=\"vc_single_image-wrapper   vc_box_border_grey\"><img loading=\"lazy\" decoding=\"async\" width=\"200\" height=\"200\" src=\"https:\/\/giesstechnik.de\/wp-content\/uploads\/partner_platzhalter.png\" class=\"vc_single_image-img attachment-medium\" alt=\"\" title=\"partner_platzhalter\" srcset=\"https:\/\/giesstechnik.de\/wp-content\/uploads\/partner_platzhalter.png 200w, https:\/\/giesstechnik.de\/wp-content\/uploads\/partner_platzhalter-150x150.png 150w, https:\/\/giesstechnik.de\/wp-content\/uploads\/partner_platzhalter-81x81.png 81w\" sizes=\"auto, (max-width: 200px) 100vw, 200px\" \/><\/a>\n\t\t<\/figure>\n\t<\/div>\n<div class=\"last-paragraph-no-margin\"><p style=\"text-align: center;\">Quattro Stagioni<\/p>\n<\/div><\/div><\/div><\/div><\/div><div class=\"vc_row wpb_row vc_inner vc_row-fluid   position-relative\"><div class=\"wpb_column vc_column_container vc_col-sm-3  col-xs-mobile-fullwidth\"><div class=\"vc_column-inner\"><div class=\"wpb_wrapper\">\n\t<div  class=\"wpb_single_image wpb_content_element vc_align_center\">\n\t\t\n\t\t<figure class=\"wpb_wrapper vc_figure\">\n\t\t\t<a href=\"http:\/\/www.fln-neuruppin.de\" target=\"_blank\" class=\"vc_single_image-wrapper   vc_box_border_grey\"><img loading=\"lazy\" decoding=\"async\" width=\"300\" height=\"200\" src=\"https:\/\/giesstechnik.de\/wp-content\/uploads\/Partner\/partner_fln-e1547654855726-300x200.png\" class=\"vc_single_image-img attachment-medium\" alt=\"\" title=\"partner_fln\" srcset=\"https:\/\/giesstechnik.de\/wp-content\/uploads\/Partner\/partner_fln-e1547654855726-300x200.png 300w, https:\/\/giesstechnik.de\/wp-content\/uploads\/Partner\/partner_fln-e1547654855726-81x54.png 81w, https:\/\/giesstechnik.de\/wp-content\/uploads\/Partner\/partner_fln-e1547654855726.png 378w\" sizes=\"auto, (max-width: 300px) 100vw, 300px\" \/><\/a>\n\t\t<\/figure>\n\t<\/div>\n<div class=\"last-paragraph-no-margin\"><p style=\"text-align: center;\">FLN Feuerl\u00f6schger\u00e4te Neuruppin Vertriebs-GmbH<\/p>\n<\/div><\/div><\/div><\/div><div class=\"wpb_column vc_column_container vc_col-sm-3  col-xs-mobile-fullwidth\"><div class=\"vc_column-inner\"><div class=\"wpb_wrapper\">\n\t<div  class=\"wpb_single_image wpb_content_element vc_align_center\">\n\t\t\n\t\t<figure class=\"wpb_wrapper vc_figure\">\n\t\t\t<a href=\"http:\/\/giesstechnik.de\/de\/unternehmen\/ueber-uns\/fs\" target=\"_blank\" class=\"vc_single_image-wrapper   vc_box_border_grey\"><img loading=\"lazy\" decoding=\"async\" width=\"300\" height=\"200\" src=\"https:\/\/giesstechnik.de\/wp-content\/uploads\/Partner\/partner_Magnalum-300x200.jpg\" class=\"vc_single_image-img attachment-medium\" alt=\"\" title=\"partner_Magnalum\" srcset=\"https:\/\/giesstechnik.de\/wp-content\/uploads\/Partner\/partner_Magnalum-300x200.jpg 300w, https:\/\/giesstechnik.de\/wp-content\/uploads\/Partner\/partner_Magnalum-81x54.jpg 81w, https:\/\/giesstechnik.de\/wp-content\/uploads\/Partner\/partner_Magnalum.jpg 472w\" sizes=\"auto, (max-width: 300px) 100vw, 300px\" \/><\/a>\n\t\t<\/figure>\n\t<\/div>\n<div class=\"last-paragraph-no-margin\"><p style=\"text-align: center;\">Magnalum Metallurgie GmbH<\/p>\n<\/div><\/div><\/div><\/div><div class=\"wpb_column vc_column_container vc_col-sm-3  col-xs-mobile-fullwidth\"><div class=\"vc_column-inner\"><div class=\"wpb_wrapper\">\n\t<div  class=\"wpb_single_image wpb_content_element vc_align_center\">\n\t\t\n\t\t<figure class=\"wpb_wrapper vc_figure\">\n\t\t\t<a href=\"http:\/\/www.mudersbach.com\" target=\"_blank\" class=\"vc_single_image-wrapper   vc_box_border_grey\"><img loading=\"lazy\" decoding=\"async\" width=\"300\" height=\"201\" src=\"https:\/\/giesstechnik.de\/wp-content\/uploads\/Partner\/partner_mudersbach-300x201.jpg\" class=\"vc_single_image-img attachment-medium\" alt=\"\" title=\"partner_mudersbach\" srcset=\"https:\/\/giesstechnik.de\/wp-content\/uploads\/Partner\/partner_mudersbach-300x201.jpg 300w, https:\/\/giesstechnik.de\/wp-content\/uploads\/Partner\/partner_mudersbach-81x54.jpg 81w, https:\/\/giesstechnik.de\/wp-content\/uploads\/Partner\/partner_mudersbach.jpg 377w\" sizes=\"auto, (max-width: 300px) 100vw, 300px\" \/><\/a>\n\t\t<\/figure>\n\t<\/div>\n<div class=\"last-paragraph-no-margin\"><p style=\"text-align: center;\">Mudersbach GmbH &amp; Co. KG<\/p>\n<\/div><\/div><\/div><\/div><div class=\"wpb_column vc_column_container vc_col-sm-3  col-xs-mobile-fullwidth\"><div class=\"vc_column-inner\"><div class=\"wpb_wrapper\">\n\t<div  class=\"wpb_single_image wpb_content_element vc_align_center\">\n\t\t\n\t\t<figure class=\"wpb_wrapper vc_figure\">\n\t\t\t<a href=\"http:\/\/www.edelstahl-rosswag.de\" target=\"_blank\" class=\"vc_single_image-wrapper   vc_box_border_grey\"><img loading=\"lazy\" decoding=\"async\" width=\"300\" height=\"201\" src=\"https:\/\/giesstechnik.de\/wp-content\/uploads\/Partner\/partner_ROSSWAG-e1547654919986-300x201.png\" class=\"vc_single_image-img attachment-medium\" alt=\"\" title=\"partner_ROSSWAG\" srcset=\"https:\/\/giesstechnik.de\/wp-content\/uploads\/Partner\/partner_ROSSWAG-e1547654919986-300x201.png 300w, https:\/\/giesstechnik.de\/wp-content\/uploads\/Partner\/partner_ROSSWAG-e1547654919986-81x54.png 81w, https:\/\/giesstechnik.de\/wp-content\/uploads\/Partner\/partner_ROSSWAG-e1547654919986.png 393w\" sizes=\"auto, (max-width: 300px) 100vw, 300px\" \/><\/a>\n\t\t<\/figure>\n\t<\/div>\n<div class=\"last-paragraph-no-margin\"><p style=\"text-align: center;\">Rosswag GmbH<\/p>\n<\/div><\/div><\/div><\/div><\/div><div class=\"vc_row wpb_row vc_inner vc_row-fluid   position-relative\"><div class=\"wpb_column vc_column_container vc_col-sm-3  col-xs-mobile-fullwidth\"><div class=\"vc_column-inner\"><div class=\"wpb_wrapper\">\n\t<div  class=\"wpb_single_image wpb_content_element vc_align_center\">\n\t\t\n\t\t<figure class=\"wpb_wrapper vc_figure\">\n\t\t\t<a href=\"http:\/\/www.solidpro.de\" target=\"_blank\" class=\"vc_single_image-wrapper   vc_box_border_grey\"><img loading=\"lazy\" decoding=\"async\" width=\"283\" height=\"189\" src=\"https:\/\/giesstechnik.de\/wp-content\/uploads\/Partner\/partner_solidpro.png\" class=\"vc_single_image-img attachment-medium\" alt=\"\" title=\"partner_solidpro\" srcset=\"https:\/\/giesstechnik.de\/wp-content\/uploads\/Partner\/partner_solidpro.png 283w, https:\/\/giesstechnik.de\/wp-content\/uploads\/Partner\/partner_solidpro-81x54.png 81w\" sizes=\"auto, (max-width: 283px) 100vw, 283px\" \/><\/a>\n\t\t<\/figure>\n\t<\/div>\n<div class=\"last-paragraph-no-margin\"><p style=\"text-align: center;\">Solidpro GmbH<\/p>\n<\/div><\/div><\/div><\/div><div class=\"wpb_column vc_column_container vc_col-sm-3  col-xs-mobile-fullwidth\"><div class=\"vc_column-inner\"><div class=\"wpb_wrapper\">\n\t<div  class=\"wpb_single_image wpb_content_element vc_align_center\">\n\t\t\n\t\t<figure class=\"wpb_wrapper vc_figure\">\n\t\t\t<a href=\"http:\/\/www.stickerei-atzl.de\" target=\"_blank\" class=\"vc_single_image-wrapper   vc_box_border_grey\"><img loading=\"lazy\" decoding=\"async\" width=\"300\" height=\"200\" src=\"https:\/\/giesstechnik.de\/wp-content\/uploads\/Partner\/partner_atzl-300x200.png\" class=\"vc_single_image-img attachment-medium\" alt=\"\" title=\"partner_atzl\" srcset=\"https:\/\/giesstechnik.de\/wp-content\/uploads\/Partner\/partner_atzl-300x200.png 300w, https:\/\/giesstechnik.de\/wp-content\/uploads\/Partner\/partner_atzl-81x54.png 81w, https:\/\/giesstechnik.de\/wp-content\/uploads\/Partner\/partner_atzl.png 374w\" sizes=\"auto, (max-width: 300px) 100vw, 300px\" \/><\/a>\n\t\t<\/figure>\n\t<\/div>\n<div class=\"last-paragraph-no-margin\"><p style=\"text-align: center;\">Stickerei Atzl GbR<\/p>\n<\/div><\/div><\/div><\/div><div class=\"wpb_column vc_column_container vc_col-sm-3  col-xs-mobile-fullwidth\"><div class=\"vc_column-inner\"><div class=\"wpb_wrapper\">\n\t<div  class=\"wpb_single_image wpb_content_element vc_align_center\">\n\t\t\n\t\t<figure class=\"wpb_wrapper vc_figure\">\n\t\t\t<a href=\"https:\/\/www.lhoist.com\/\" target=\"_blank\" class=\"vc_single_image-wrapper   vc_box_border_grey\"><img loading=\"lazy\" decoding=\"async\" width=\"200\" height=\"200\" src=\"https:\/\/giesstechnik.de\/wp-content\/uploads\/Referenzen\/Referenzen_Rheinkalk.png\" class=\"vc_single_image-img attachment-medium\" alt=\"\" title=\"Referenzen_Rheinkalk\" srcset=\"https:\/\/giesstechnik.de\/wp-content\/uploads\/Referenzen\/Referenzen_Rheinkalk.png 200w, https:\/\/giesstechnik.de\/wp-content\/uploads\/Referenzen\/Referenzen_Rheinkalk-150x150.png 150w, https:\/\/giesstechnik.de\/wp-content\/uploads\/Referenzen\/Referenzen_Rheinkalk-81x81.png 81w\" sizes=\"auto, (max-width: 200px) 100vw, 200px\" \/><\/a>\n\t\t<\/figure>\n\t<\/div>\n<div class=\"last-paragraph-no-margin\"><p style=\"text-align: center;\">Head Office<br \/>\nRheinkalk GmbH<\/p>\n<\/div><\/div><\/div><\/div><div class=\"wpb_column vc_column_container vc_col-sm-3  col-xs-mobile-fullwidth\"><div class=\"vc_column-inner\"><div class=\"wpb_wrapper\">\n\t<div  class=\"wpb_single_image wpb_content_element vc_align_center\">\n\t\t\n\t\t<figure class=\"wpb_wrapper vc_figure\">\n\t\t\t<a href=\"http:\/\/www.caldic.com\" target=\"_blank\" class=\"vc_single_image-wrapper   vc_box_border_grey\"><img loading=\"lazy\" decoding=\"async\" width=\"300\" height=\"200\" src=\"https:\/\/giesstechnik.de\/wp-content\/uploads\/Partner\/partner_caldic.png\" class=\"vc_single_image-img attachment-medium\" alt=\"\" title=\"partner_caldic\" \/><\/a>\n\t\t<\/figure>\n\t<\/div>\n<div class=\"last-paragraph-no-margin\"><p style=\"text-align: center;\">Caldic Deutschland GmbH<\/p>\n<\/div><\/div><\/div><\/div><\/div><div class=\"vc_row wpb_row vc_inner vc_row-fluid\"><div class=\"wpb_column vc_column_container vc_col-sm-4  col-xs-mobile-fullwidth\"><div class=\"vc_column-inner\"><div class=\"wpb_wrapper\"><\/div><\/div><\/div><div class=\"wpb_column vc_column_container vc_col-sm-4  col-xs-mobile-fullwidth\"><div class=\"vc_column-inner\"><div class=\"wpb_wrapper\">\n\t<div  class=\"wpb_single_image wpb_content_element vc_align_center\">\n\t\t\n\t\t<figure class=\"wpb_wrapper vc_figure\">\n\t\t\t<a href=\"https:\/\/minigolf-nuembrecht.jimdofree.com\/\" target=\"_blank\" class=\"vc_single_image-wrapper   vc_box_border_grey\"><img loading=\"lazy\" decoding=\"async\" width=\"300\" height=\"200\" src=\"https:\/\/giesstechnik.de\/wp-content\/uploads\/Partner\/partner_minigolf-300x200.png\" class=\"vc_single_image-img attachment-medium\" alt=\"\" title=\"partner_minigolf\" srcset=\"https:\/\/giesstechnik.de\/wp-content\/uploads\/Partner\/partner_minigolf-300x200.png 300w, https:\/\/giesstechnik.de\/wp-content\/uploads\/Partner\/partner_minigolf-81x54.png 81w, https:\/\/giesstechnik.de\/wp-content\/uploads\/Partner\/partner_minigolf.png 586w\" sizes=\"auto, (max-width: 300px) 100vw, 300px\" \/><\/a>\n\t\t<\/figure>\n\t<\/div>\n<div class=\"last-paragraph-no-margin\"><p style=\"text-align: center;\">Minigolf-Club N\u00fcmbrecht e.V.<\/p>\n<\/div><\/div><\/div><\/div><div class=\"wpb_column vc_column_container vc_col-sm-4  col-xs-mobile-fullwidth\"><div class=\"vc_column-inner\"><div class=\"wpb_wrapper\"><\/div><\/div><\/div><\/div><div class=\"vc_separator wpb_content_element vc_separator_align_center vc_sep_width_100 vc_sep_pos_align_center vc_separator_no_text vc_sep_color_white vc_custom_1538241869758  vc_custom_1538241869758\" ><span class=\"vc_sep_holder vc_sep_holder_l\"><span class=\"vc_sep_line\"><\/span><\/span><span class=\"vc_sep_holder vc_sep_holder_r\"><span class=\"vc_sep_line\"><\/span><\/span>\n<\/div><\/div><\/div><\/div><\/section><\/section>\n<\/div>","protected":false},"excerpt":{"rendered":"Startseite News Leistungsbereich Unternehmen Stellenangebote Partner Referenzen Standorte Partner GG-Designs A.S.K.I. Gasetechnik GmbH Unitechnik Systems GmbH Elektrotechnik Selbach Zentrales Innovationsprogramm Mittelstand Bundesministerium f\u00fcr Wirtschaft und Energie Universit\u00e4t Kassel Quattro Stagioni FLN Feuerl\u00f6schger\u00e4te Neuruppin Vertriebs-GmbH Magnalum Metallurgie GmbH Mudersbach GmbH &amp; Co. KG Rosswag GmbH Solidpro GmbH Stickerei Atzl GbR Head Office Rheinkalk GmbH Caldic Deutschland GmbH Minigolf-Club N\u00fcmbrecht e.V.","protected":false},"author":1,"featured_media":0,"parent":7,"menu_order":0,"comment_status":"closed","ping_status":"closed","template":"","meta":{"footnotes":""},"class_list":["post-56","page","type-page","status-publish","hentry"],"_links":{"self":[{"href":"https:\/\/giesstechnik.de\/en\/wp-json\/wp\/v2\/pages\/56","targetHints":{"allow":["GET"]}}],"collection":[{"href":"https:\/\/giesstechnik.de\/en\/wp-json\/wp\/v2\/pages"}],"about":[{"href":"https:\/\/giesstechnik.de\/en\/wp-json\/wp\/v2\/types\/page"}],"author":[{"embeddable":true,"href":"https:\/\/giesstechnik.de\/en\/wp-json\/wp\/v2\/users\/1"}],"replies":[{"embeddable":true,"href":"https:\/\/giesstechnik.de\/en\/wp-json\/wp\/v2\/comments?post=56"}],"version-history":[{"count":54,"href":"https:\/\/giesstechnik.de\/en\/wp-json\/wp\/v2\/pages\/56\/revisions"}],"predecessor-version":[{"id":2331,"href":"https:\/\/giesstechnik.de\/en\/wp-json\/wp\/v2\/pages\/56\/revisions\/2331"}],"up":[{"embeddable":true,"href":"https:\/\/giesstechnik.de\/en\/wp-json\/wp\/v2\/pages\/7"}],"wp:attachment":[{"href":"https:\/\/giesstechnik.de\/en\/wp-json\/wp\/v2\/media?parent=56"}],"curies":[{"name":"wp","href":"https:\/\/api.w.org\/{rel}","templated":true}]}}