{"id":687,"date":"2019-02-06T16:31:30","date_gmt":"2019-02-06T15:31:30","guid":{"rendered":"http:\/\/giesstechnik.de\/?page_id=687"},"modified":"2023-02-11T01:20:03","modified_gmt":"2023-02-11T00:20:03","slug":"105-ta-250","status":"publish","type":"page","link":"https:\/\/giesstechnik.de\/en\/leistungsbereich\/anlagenbau\/trocknungssystem\/105-ta-250\/","title":{"rendered":"Trocknungssystem 105-TA-250 &#8211; D"},"content":{"rendered":"<div class=\"wpb-content-wrapper\"><section class=\"vc_row wpb_row vc_row-fluid\"><div class=\"wpb_column vc_column_container vc_col-sm-12  col-xs-mobile-fullwidth\"><div class=\"vc_column-inner vc_custom_1538075900939\"><div class=\"wpb_wrapper\">\n\t<div  class=\"wpb_single_image wpb_content_element vc_align_center\">\n\t\t\n\t\t<figure class=\"wpb_wrapper vc_figure\">\n\t\t\t<div class=\"vc_single_image-wrapper   vc_box_border_grey\"><img loading=\"lazy\" decoding=\"async\" width=\"1170\" height=\"370\" src=\"https:\/\/giesstechnik.de\/wp-content\/uploads\/titelbild_startseite.jpg\" class=\"vc_single_image-img attachment-full\" alt=\"\" title=\"titelbild_startseite\" srcset=\"https:\/\/giesstechnik.de\/wp-content\/uploads\/titelbild_startseite.jpg 1170w, https:\/\/giesstechnik.de\/wp-content\/uploads\/titelbild_startseite-300x95.jpg 300w, https:\/\/giesstechnik.de\/wp-content\/uploads\/titelbild_startseite-768x243.jpg 768w, https:\/\/giesstechnik.de\/wp-content\/uploads\/titelbild_startseite-1024x324.jpg 1024w, https:\/\/giesstechnik.de\/wp-content\/uploads\/titelbild_startseite-81x26.jpg 81w\" sizes=\"(max-width: 1170px) 100vw, 1170px\" \/><\/div>\n\t\t<\/figure>\n\t<\/div>\n<\/div><\/div><\/div><\/section><section class=\"vc_row wpb_row vc_row-fluid\"><div class=\"wpb_column vc_column_container vc_col-sm-12  col-xs-mobile-fullwidth\"><div class=\"vc_column-inner\"><div class=\"wpb_wrapper\"><div id=\"mainnav\" class=\"vc_wp_custommenu wpb_content_element\"><div class=\"widget widget_nav_menu\"><div class=\"menu-hauptnavi-container\"><ul id=\"menu-hauptnavi\" class=\"menu\"><li id=\"menu-item-547\" class=\"menu-item menu-item-type-post_type menu-item-object-page menu-item-home menu-item-547\"><a href=\"https:\/\/giesstechnik.de\/en\/\">starting page<\/a><\/li>\n<li id=\"menu-item-1807\" class=\"menu-item menu-item-type-post_type menu-item-object-page menu-item-1807\"><a href=\"https:\/\/giesstechnik.de\/en\/news\/\">News<\/a><\/li>\n<li id=\"menu-item-275\" class=\"menu-item menu-item-type-post_type menu-item-object-page menu-item-275\"><a href=\"https:\/\/giesstechnik.de\/en\/leistungsbereich\/\">Product program<\/a><\/li>\n<li id=\"menu-item-190\" class=\"menu-item menu-item-type-post_type menu-item-object-page menu-item-190\"><a href=\"https:\/\/giesstechnik.de\/en\/unternehmen\/\">company<\/a><\/li>\n<li id=\"menu-item-433\" class=\"menu-item menu-item-type-post_type menu-item-object-page menu-item-433\"><a href=\"https:\/\/giesstechnik.de\/en\/stellenangebote\/\">vacancies<\/a><\/li>\n<\/ul><\/div><\/div><\/div><\/div><\/div><\/div><\/section><section id=\"maincontent\" class=\"vc_section vc_custom_1538079055995 vc_section-has-fill\"><section class=\"vc_row wpb_row vc_row-fluid\"><div class=\"wpb_column vc_column_container vc_col-has-fill subMenu vc_col-sm-3  col-xs-mobile-fullwidth\"><div class=\"vc_column-inner vc_custom_1539132447521\"><div class=\"wpb_wrapper\"><div  class=\"vc_wp_custommenu wpb_content_element submenu\"><div class=\"widget widget_nav_menu\"><div class=\"menu-menue-leistungsbereich-anlagenbau-trocknungssystem-d-container\"><ul id=\"menu-menue-leistungsbereich-anlagenbau-trocknungssystem-d\" class=\"menu\"><li id=\"menu-item-1527\" class=\"menu-item menu-item-type-post_type menu-item-object-page menu-item-has-children menu-item-1527\"><a href=\"https:\/\/giesstechnik.de\/en\/leistungsbereich\/anlagenbau\/\">plant-construction<\/a>\n<ul class=\"sub-menu\">\n\t<li id=\"menu-item-1530\" class=\"menu-item menu-item-type-post_type menu-item-object-page menu-item-1530\"><a href=\"https:\/\/giesstechnik.de\/en\/leistungsbereich\/anlagenbau\/massel-depalettierungs-systeme\/\">Massel Depalettierungs System<\/a><\/li>\n\t<li id=\"menu-item-1525\" class=\"menu-item menu-item-type-post_type menu-item-object-page menu-item-has-children menu-item-1525\"><a href=\"https:\/\/giesstechnik.de\/en\/leistungsbereich\/anlagenbau\/trocknungssystem\/\">ingot preheater systems<\/a>\n\t<ul class=\"sub-menu\">\n\t\t<li id=\"menu-item-1524\" class=\"menu-item menu-item-type-post_type menu-item-object-page menu-item-1524\"><a href=\"https:\/\/giesstechnik.de\/en\/leistungsbereich\/anlagenbau\/trocknungssystem\/105-ta-250\/\">ingot preheater system 105-TA-250<\/a><\/li>\n\t<\/ul>\n<\/li>\n\t<li id=\"menu-item-1528\" class=\"menu-item menu-item-type-post_type menu-item-object-page menu-item-1528\"><a href=\"https:\/\/giesstechnik.de\/en\/leistungsbereich\/anlagenbau\/einkammerschmelzanlage\/\">Einkammerschmelzanlage<\/a><\/li>\n\t<li id=\"menu-item-1526\" class=\"menu-item menu-item-type-post_type menu-item-object-page menu-item-1526\"><a href=\"https:\/\/giesstechnik.de\/en\/leistungsbereich\/anlagenbau\/zweikammerschmelzanlage\/\">Zweikammerschmelzanlage<\/a><\/li>\n\t<li id=\"menu-item-2221\" class=\"menu-item menu-item-type-post_type menu-item-object-page menu-item-2221\"><a href=\"https:\/\/giesstechnik.de\/en\/leistungsbereich\/anlagenbau\/anlagen\/\">Whole melting system<\/a><\/li>\n\t<li id=\"menu-item-1529\" class=\"menu-item menu-item-type-post_type menu-item-object-page menu-item-1529\"><a href=\"https:\/\/giesstechnik.de\/en\/leistungsbereich\/anlagenbau\/magnesium-rueckschmelzanlage\/\">Magnesium R\u00fcckschmelzanlagen<\/a><\/li>\n<\/ul>\n<\/li>\n<li id=\"menu-item-1531\" class=\"menu-item menu-item-type-post_type menu-item-object-page menu-item-1531\"><a href=\"https:\/\/giesstechnik.de\/en\/leistungsbereich\/ersatzteile\/\">spare-parts<\/a><\/li>\n<li id=\"menu-item-1532\" class=\"menu-item menu-item-type-post_type menu-item-object-page menu-item-1532\"><a href=\"https:\/\/giesstechnik.de\/en\/leistungsbereich\/feuerloescher\/\">fire extinguisher<\/a><\/li>\n<li id=\"menu-item-2229\" class=\"menu-item menu-item-type-post_type menu-item-object-page menu-item-2229\"><a href=\"https:\/\/giesstechnik.de\/en\/leistungsbereich\/schulungen\/\">training \/ process \/ optimization<\/a><\/li>\n<li id=\"menu-item-2228\" class=\"menu-item menu-item-type-post_type menu-item-object-page menu-item-2228\"><a href=\"https:\/\/giesstechnik.de\/en\/leistungsbereich\/wartung\/\">maintenance \/ service<\/a><\/li>\n<\/ul><\/div><\/div><\/div><\/div><\/div><\/div><div class=\"wpb_column vc_column_container vc_col-sm-9  col-xs-mobile-fullwidth\"><div class=\"vc_column-inner\"><div class=\"wpb_wrapper\"><div class=\"vc_row wpb_row vc_inner vc_row-fluid\"><div class=\"wpb_column vc_column_container vc_col-sm-12  col-xs-mobile-fullwidth\"><div class=\"vc_column-inner\"><div class=\"wpb_wrapper\"><div class=\"last-paragraph-no-margin\"><h2><\/h2>\n<h2><\/h2>\n<h2><\/h2>\n<h2 style=\"text-align: left;\"><a href=\"http:\/\/giesstechnik.de\/wp-content\/uploads\/Anlagenbau\/Trocknungssystem-preheater-system-105-TA-250.pdf\">Massel Trocknungssystem 105-TA-250<\/a><\/h2>\n<\/div><\/div><\/div><\/div><\/div><div class=\"vc_row wpb_row vc_inner vc_row-fluid\"><div class=\"wpb_column vc_column_container vc_col-sm-6  col-xs-mobile-fullwidth\"><div class=\"vc_column-inner\"><div class=\"wpb_wrapper\"><div class=\"last-paragraph-no-margin\"><h3 style=\"text-align: left;\">Technical information<\/h3>\n<table border=\"0\">\n<tbody>\n<tr>\n<td valign=\"top\">suitable for:<\/td>\n<td>magnesium alloys<\/td>\n<\/tr>\n<tr>\n<td valign=\"top\">dimensions<\/td>\n<td>imensions<\/td>\n<\/tr>\n<tr>\n<td valign=\"top\">pneumatic connection:<\/td>\n<td>6 bar (DIN ISO 8573-1)<\/td>\n<\/tr>\n<tr>\n<td valign=\"top\">electrical power:<\/td>\n<td>13kW<\/td>\n<\/tr>\n<\/tbody>\n<\/table>\n<\/div><\/div><\/div><\/div><div class=\"wpb_column vc_column_container vc_col-sm-6  col-xs-mobile-fullwidth\"><div class=\"vc_column-inner\"><div class=\"wpb_wrapper\">\n\t<div  class=\"wpb_single_image wpb_content_element vc_align_center\">\n\t\t\n\t\t<figure class=\"wpb_wrapper vc_figure\">\n\t\t\t<a href=\"http:\/\/giesstechnik.de\/wp-content\/uploads\/Anlagenbau\/Trocknungssystem-preheater-system-105-TA-250.pdf\" target=\"_self\" class=\"vc_single_image-wrapper   vc_box_border_grey\"><img loading=\"lazy\" decoding=\"async\" width=\"591\" height=\"591\" src=\"https:\/\/giesstechnik.de\/wp-content\/uploads\/Anlagenbau\/Trocknungssystem-preheater-system-105-TA-250.png\" class=\"vc_single_image-img attachment-large\" alt=\"\" title=\"Trocknungssystem-preheater-system-105-TA-250\" srcset=\"https:\/\/giesstechnik.de\/wp-content\/uploads\/Anlagenbau\/Trocknungssystem-preheater-system-105-TA-250.png 591w, https:\/\/giesstechnik.de\/wp-content\/uploads\/Anlagenbau\/Trocknungssystem-preheater-system-105-TA-250-150x150.png 150w, https:\/\/giesstechnik.de\/wp-content\/uploads\/Anlagenbau\/Trocknungssystem-preheater-system-105-TA-250-300x300.png 300w, https:\/\/giesstechnik.de\/wp-content\/uploads\/Anlagenbau\/Trocknungssystem-preheater-system-105-TA-250-81x81.png 81w\" sizes=\"(max-width: 591px) 100vw, 591px\" \/><\/a>\n\t\t<\/figure>\n\t<\/div>\n<\/div><\/div><\/div><\/div><div class=\"vc_row wpb_row vc_inner vc_row-fluid\"><div class=\"wpb_column vc_column_container vc_col-sm-12  col-xs-mobile-fullwidth\"><div class=\"vc_column-inner\"><div class=\"wpb_wrapper\"><div class=\"last-paragraph-no-margin\"><p style=\"text-align: left;\" align=\"LEFT\">The preheater system 105-TA-250 is used to dry Mg ingots and warm the ingots to about 200\u00b0C.\nThe Mg ingots are put into the preheater by hand and heated with electrical heating plates.\nThe preheater system can of course be adapted to local conditions in terms of length and height\nThe device is suitable for all commercially available Mg ingots.<\/p>\n<\/div><\/div><\/div><\/div><\/div><\/div><\/div><\/div><\/section><\/section>\n<\/div>","protected":false},"excerpt":{"rendered":"Startseite News Leistungsbereich Unternehmen Stellenangebote Anlagenbau Massel Depalettierungs System Trocknungssysteme Trocknungssystem 105-TA-250 Einkammerschmelzanlage Zweikammerschmelzanlage Komplett Anlagen Magnesium R\u00fcckschmelzanlagen Ersatzteile Feuerl\u00f6scher Schulungen\/Prozessanalyse\/Optimierung Wartung \/ Service Massel Trocknungssystem 105-TA-250 Technische Information Geeignet f\u00fcr: Magnesium-Legierungen Abmessungen: 2150x1000x2700 mm Pneumatikanschluss: 6 bar (DIN ISO 8573-1) Elektrische Leistung: 13kW Das Trocknungssystem 105-TA-250 dient dazu Mg Massel zu trocknen beziehungswei\u00dfe die Massel auf ca. 200\u00b0C zu erw\u00e4rmen. Die Mg Massel werden von Hand eingelegt und mit elektrischen Heizplatten erw\u00e4rmt. Das Trocknungssystem kann nat\u00fcrlich an die \u00f6rtlichen Gegebenheiten in L\u00e4nge und H\u00f6he angepasst werden. Das System ist f\u00fcr alle Handels\u00fcblichen Mg Massel geeignet.","protected":false},"author":5,"featured_media":0,"parent":679,"menu_order":0,"comment_status":"closed","ping_status":"closed","template":"","meta":{"footnotes":""},"class_list":["post-687","page","type-page","status-publish","hentry"],"_links":{"self":[{"href":"https:\/\/giesstechnik.de\/en\/wp-json\/wp\/v2\/pages\/687"}],"collection":[{"href":"https:\/\/giesstechnik.de\/en\/wp-json\/wp\/v2\/pages"}],"about":[{"href":"https:\/\/giesstechnik.de\/en\/wp-json\/wp\/v2\/types\/page"}],"author":[{"embeddable":true,"href":"https:\/\/giesstechnik.de\/en\/wp-json\/wp\/v2\/users\/5"}],"replies":[{"embeddable":true,"href":"https:\/\/giesstechnik.de\/en\/wp-json\/wp\/v2\/comments?post=687"}],"version-history":[{"count":23,"href":"https:\/\/giesstechnik.de\/en\/wp-json\/wp\/v2\/pages\/687\/revisions"}],"predecessor-version":[{"id":2090,"href":"https:\/\/giesstechnik.de\/en\/wp-json\/wp\/v2\/pages\/687\/revisions\/2090"}],"up":[{"embeddable":true,"href":"https:\/\/giesstechnik.de\/en\/wp-json\/wp\/v2\/pages\/679"}],"wp:attachment":[{"href":"https:\/\/giesstechnik.de\/en\/wp-json\/wp\/v2\/media?parent=687"}],"curies":[{"name":"wp","href":"https:\/\/api.w.org\/{rel}","templated":true}]}}