{"id":855,"date":"2019-02-07T20:14:27","date_gmt":"2019-02-07T19:14:27","guid":{"rendered":"http:\/\/giesstechnik.de\/?page_id=855"},"modified":"2020-04-21T15:27:53","modified_gmt":"2020-04-21T13:27:53","slug":"hilfsmittel","status":"publish","type":"page","link":"https:\/\/giesstechnik.de\/en\/leistungsbereich\/ersatzteile\/hilfsmittel\/","title":{"rendered":"Hilfsmittel f\u00fcr den Betrieb- D"},"content":{"rendered":"<div class=\"wpb-content-wrapper\"><section class=\"vc_row wpb_row vc_row-fluid\"><div class=\"wpb_column vc_column_container vc_col-sm-12  col-xs-mobile-fullwidth\"><div class=\"vc_column-inner vc_custom_1538075900939\"><div class=\"wpb_wrapper\">\n\t<div  class=\"wpb_single_image wpb_content_element vc_align_center\">\n\t\t\n\t\t<figure class=\"wpb_wrapper vc_figure\">\n\t\t\t<div class=\"vc_single_image-wrapper   vc_box_border_grey\"><img loading=\"lazy\" decoding=\"async\" width=\"1170\" height=\"370\" src=\"https:\/\/giesstechnik.de\/wp-content\/uploads\/titelbild_startseite.jpg\" class=\"vc_single_image-img attachment-full\" alt=\"\" title=\"titelbild_startseite\" srcset=\"https:\/\/giesstechnik.de\/wp-content\/uploads\/titelbild_startseite.jpg 1170w, https:\/\/giesstechnik.de\/wp-content\/uploads\/titelbild_startseite-300x95.jpg 300w, https:\/\/giesstechnik.de\/wp-content\/uploads\/titelbild_startseite-768x243.jpg 768w, https:\/\/giesstechnik.de\/wp-content\/uploads\/titelbild_startseite-1024x324.jpg 1024w, https:\/\/giesstechnik.de\/wp-content\/uploads\/titelbild_startseite-81x26.jpg 81w\" sizes=\"auto, (max-width: 1170px) 100vw, 1170px\" \/><\/div>\n\t\t<\/figure>\n\t<\/div>\n<\/div><\/div><\/div><\/section><section class=\"vc_row wpb_row vc_row-fluid\"><div class=\"wpb_column vc_column_container vc_col-sm-12  col-xs-mobile-fullwidth\"><div class=\"vc_column-inner\"><div class=\"wpb_wrapper\"><div id=\"mainnav\" class=\"vc_wp_custommenu wpb_content_element\"><div class=\"widget widget_nav_menu\"><div class=\"menu-hauptnavi-container\"><ul id=\"menu-hauptnavi\" class=\"menu\"><li id=\"menu-item-547\" class=\"menu-item menu-item-type-post_type menu-item-object-page menu-item-home menu-item-547\"><a href=\"https:\/\/giesstechnik.de\/en\/\">starting page<\/a><\/li>\n<li id=\"menu-item-1807\" class=\"menu-item menu-item-type-post_type menu-item-object-page menu-item-1807\"><a href=\"https:\/\/giesstechnik.de\/en\/news\/\">News<\/a><\/li>\n<li id=\"menu-item-275\" class=\"menu-item menu-item-type-post_type menu-item-object-page menu-item-275\"><a href=\"https:\/\/giesstechnik.de\/en\/leistungsbereich\/\">Product program<\/a><\/li>\n<li id=\"menu-item-190\" class=\"menu-item menu-item-type-post_type menu-item-object-page menu-item-190\"><a href=\"https:\/\/giesstechnik.de\/en\/unternehmen\/\">company<\/a><\/li>\n<li id=\"menu-item-433\" class=\"menu-item menu-item-type-post_type menu-item-object-page menu-item-433\"><a href=\"https:\/\/giesstechnik.de\/en\/stellenangebote\/\">vacancies<\/a><\/li>\n<\/ul><\/div><\/div><\/div><\/div><\/div><\/div><\/section><section id=\"maincontent\" class=\"vc_section vc_custom_1538079055995 vc_section-has-fill\"><section class=\"vc_row wpb_row vc_row-fluid\"><div class=\"wpb_column vc_column_container vc_col-has-fill subMenu vc_col-sm-3  col-xs-mobile-fullwidth\"><div class=\"vc_column-inner vc_custom_1539132447521\"><div class=\"wpb_wrapper\"><div  class=\"vc_wp_custommenu wpb_content_element submenu\"><div class=\"widget widget_nav_menu\"><div class=\"menu-menue-leistungsbereich-ersatzteile-hilfsmittel-fuer-den-betrieb-container\"><ul id=\"menu-menue-leistungsbereich-ersatzteile-hilfsmittel-fuer-den-betrieb\" class=\"menu\"><li id=\"menu-item-1773\" class=\"menu-item menu-item-type-post_type menu-item-object-page menu-item-1773\"><a href=\"https:\/\/giesstechnik.de\/en\/leistungsbereich\/anlagenbau\/\">plant-construction<\/a><\/li>\n<li id=\"menu-item-1774\" class=\"menu-item menu-item-type-post_type menu-item-object-page menu-item-has-children menu-item-1774\"><a href=\"https:\/\/giesstechnik.de\/en\/leistungsbereich\/ersatzteile\/\">spare-parts<\/a>\n<ul class=\"sub-menu\">\n\t<li id=\"menu-item-1775\" class=\"menu-item menu-item-type-post_type menu-item-object-page menu-item-1775\"><a href=\"https:\/\/giesstechnik.de\/en\/leistungsbereich\/ersatzteile\/mg-tiegel\/\">magnesium crucible<\/a><\/li>\n\t<li id=\"menu-item-1776\" class=\"menu-item menu-item-type-post_type menu-item-object-page menu-item-1776\"><a href=\"https:\/\/giesstechnik.de\/en\/leistungsbereich\/ersatzteile\/ersatzteilpaket\/\">spare-parts packages<\/a><\/li>\n\t<li id=\"menu-item-1777\" class=\"menu-item menu-item-type-post_type menu-item-object-page menu-item-1777\"><a href=\"https:\/\/giesstechnik.de\/en\/leistungsbereich\/ersatzteile\/schmelzeeinbauten\/\">plant internals<\/a><\/li>\n\t<li id=\"menu-item-1778\" class=\"menu-item menu-item-type-post_type menu-item-object-page menu-item-1778\"><a href=\"https:\/\/giesstechnik.de\/en\/leistungsbereich\/ersatzteile\/dosiertechnik\/\">Dosiertechnik<\/a><\/li>\n\t<li id=\"menu-item-1779\" class=\"menu-item menu-item-type-post_type menu-item-object-page menu-item-1779\"><a href=\"https:\/\/giesstechnik.de\/en\/leistungsbereich\/ersatzteile\/transfertechnik\/\">transfertechnic<\/a><\/li>\n\t<li id=\"menu-item-1780\" class=\"menu-item menu-item-type-post_type menu-item-object-page menu-item-1780\"><a href=\"https:\/\/giesstechnik.de\/en\/leistungsbereich\/ersatzteile\/reinigungswerkzeuge\/\">cleaning tools<\/a><\/li>\n\t<li id=\"menu-item-1781\" class=\"menu-item menu-item-type-post_type menu-item-object-page menu-item-1781\"><a href=\"https:\/\/giesstechnik.de\/en\/leistungsbereich\/ersatzteile\/kippvorrichtung\/\">ingot loading unit<\/a><\/li>\n\t<li id=\"menu-item-1782\" class=\"menu-item menu-item-type-post_type menu-item-object-page menu-item-1782\"><a href=\"https:\/\/giesstechnik.de\/en\/leistungsbereich\/ersatzteile\/heizelemente\/\">heating element<\/a><\/li>\n\t<li id=\"menu-item-1783\" class=\"menu-item menu-item-type-post_type menu-item-object-page menu-item-1783\"><a href=\"https:\/\/giesstechnik.de\/en\/leistungsbereich\/ersatzteile\/isoliersteine\/\">insulating parts<\/a><\/li>\n\t<li id=\"menu-item-1784\" class=\"menu-item menu-item-type-post_type menu-item-object-page menu-item-has-children menu-item-1784\"><a href=\"https:\/\/giesstechnik.de\/en\/leistungsbereich\/ersatzteile\/hilfsmittel\/\">tools for the operation<\/a>\n\t<ul class=\"sub-menu\">\n\t\t<li id=\"menu-item-1787\" class=\"menu-item menu-item-type-custom menu-item-object-custom menu-item-1787\"><a href=\"http:\/\/giesstechnik.de\/wp-content\/uploads\/Tiegel\/Trichter-funnel-106-TR-200.pdf\">Trichter 106-TR-200<\/a><\/li>\n\t\t<li id=\"menu-item-1788\" class=\"menu-item menu-item-type-custom menu-item-object-custom menu-item-1788\"><a href=\"http:\/\/giesstechnik.de\/wp-content\/uploads\/Tiegel\/Trichter-funnel-106-TR-300.pdf\">Trichter 106-TR-300<\/a><\/li>\n\t\t<li id=\"menu-item-1789\" class=\"menu-item menu-item-type-custom menu-item-object-custom menu-item-1789\"><a href=\"http:\/\/giesstechnik.de\/wp-content\/uploads\/Tiegel\/Gie\u00dfl\u00f6ffel-casting-spoon-106-GL-200.pdf\">Gie\u00dfl\u00f6ffel 106-GL-200<\/a><\/li>\n\t<\/ul>\n<\/li>\n\t<li id=\"menu-item-1785\" class=\"menu-item menu-item-type-post_type menu-item-object-page menu-item-1785\"><a href=\"https:\/\/giesstechnik.de\/en\/leistungsbereich\/ersatzteile\/tiegel\/\">crucibles of other materials<\/a><\/li>\n<\/ul>\n<\/li>\n<li id=\"menu-item-1786\" class=\"menu-item menu-item-type-post_type menu-item-object-page menu-item-1786\"><a href=\"https:\/\/giesstechnik.de\/en\/leistungsbereich\/feuerloescher\/\">fire extinguisher<\/a><\/li>\n<li id=\"menu-item-2241\" class=\"menu-item menu-item-type-post_type menu-item-object-page menu-item-2241\"><a href=\"https:\/\/giesstechnik.de\/en\/leistungsbereich\/schulungen\/\">training \/ process \/ optimization<\/a><\/li>\n<li id=\"menu-item-2240\" class=\"menu-item menu-item-type-post_type menu-item-object-page menu-item-2240\"><a href=\"https:\/\/giesstechnik.de\/en\/leistungsbereich\/wartung\/\">maintenance \/ service<\/a><\/li>\n<\/ul><\/div><\/div><\/div><\/div><\/div><\/div><div class=\"wpb_column vc_column_container vc_col-sm-9  col-xs-mobile-fullwidth\"><div class=\"vc_column-inner\"><div class=\"wpb_wrapper\"><div class=\"vc_row wpb_row vc_inner vc_row-fluid\"><div class=\"wpb_column vc_column_container vc_col-sm-12  col-xs-mobile-fullwidth\"><div class=\"vc_column-inner\"><div class=\"wpb_wrapper\"><div class=\"last-paragraph-no-margin\"><h2><\/h2>\n<h2><\/h2>\n<h2><\/h2>\n<h2 style=\"text-align: left;\">tools for the operation<\/h2>\n<\/div><\/div><\/div><\/div><\/div><div class=\"vc_row wpb_row vc_inner vc_row-fluid\"><div class=\"wpb_column vc_column_container vc_col-sm-4  col-xs-mobile-fullwidth\"><div class=\"vc_column-inner\"><div class=\"wpb_wrapper\">\n\t<div  class=\"wpb_single_image wpb_content_element vc_align_center\">\n\t\t\n\t\t<figure class=\"wpb_wrapper vc_figure\">\n\t\t\t<a href=\"http:\/\/giesstechnik.de\/wp-content\/uploads\/Tiegel\/Trichter-funnel-106-TR-200.pdf\" target=\"_self\" class=\"vc_single_image-wrapper   vc_box_border_grey\"><img loading=\"lazy\" decoding=\"async\" width=\"590\" height=\"591\" src=\"https:\/\/giesstechnik.de\/wp-content\/uploads\/Tiegel\/Trichter-funnel-106-TR-200.jpg\" class=\"vc_single_image-img attachment-full\" alt=\"\" title=\"Trichter - funnel 106-TR-200\" srcset=\"https:\/\/giesstechnik.de\/wp-content\/uploads\/Tiegel\/Trichter-funnel-106-TR-200.jpg 590w, https:\/\/giesstechnik.de\/wp-content\/uploads\/Tiegel\/Trichter-funnel-106-TR-200-150x150.jpg 150w, https:\/\/giesstechnik.de\/wp-content\/uploads\/Tiegel\/Trichter-funnel-106-TR-200-300x300.jpg 300w, https:\/\/giesstechnik.de\/wp-content\/uploads\/Tiegel\/Trichter-funnel-106-TR-200-81x81.jpg 81w\" sizes=\"auto, (max-width: 590px) 100vw, 590px\" \/><\/a>\n\t\t<\/figure>\n\t<\/div>\n<div class=\"last-paragraph-no-margin\"><p style=\"text-align: center;\">Trichter 106-TR-200<\/p>\n<\/div><\/div><\/div><\/div><div class=\"wpb_column vc_column_container vc_col-sm-4  col-xs-mobile-fullwidth\"><div class=\"vc_column-inner\"><div class=\"wpb_wrapper\">\n\t<div  class=\"wpb_single_image wpb_content_element vc_align_center\">\n\t\t\n\t\t<figure class=\"wpb_wrapper vc_figure\">\n\t\t\t<a href=\"http:\/\/giesstechnik.de\/wp-content\/uploads\/Tiegel\/Trichter-funnel-106-TR-300.pdf\" target=\"_self\" class=\"vc_single_image-wrapper   vc_box_border_grey\"><img loading=\"lazy\" decoding=\"async\" width=\"591\" height=\"591\" src=\"https:\/\/giesstechnik.de\/wp-content\/uploads\/Tiegel\/Trichter-funnel-106-TR-300.jpg\" class=\"vc_single_image-img attachment-full\" alt=\"\" title=\"Trichter - funnel 106-TR-300\" srcset=\"https:\/\/giesstechnik.de\/wp-content\/uploads\/Tiegel\/Trichter-funnel-106-TR-300.jpg 591w, https:\/\/giesstechnik.de\/wp-content\/uploads\/Tiegel\/Trichter-funnel-106-TR-300-150x150.jpg 150w, https:\/\/giesstechnik.de\/wp-content\/uploads\/Tiegel\/Trichter-funnel-106-TR-300-300x300.jpg 300w, https:\/\/giesstechnik.de\/wp-content\/uploads\/Tiegel\/Trichter-funnel-106-TR-300-81x81.jpg 81w\" sizes=\"auto, (max-width: 591px) 100vw, 591px\" \/><\/a>\n\t\t<\/figure>\n\t<\/div>\n<div class=\"last-paragraph-no-margin\"><p style=\"text-align: center;\">Trichter 106-TR-300<\/p>\n<\/div><\/div><\/div><\/div><div class=\"wpb_column vc_column_container vc_col-sm-4  col-xs-mobile-fullwidth\"><div class=\"vc_column-inner\"><div class=\"wpb_wrapper\">\n\t<div  class=\"wpb_single_image wpb_content_element vc_align_center\">\n\t\t\n\t\t<figure class=\"wpb_wrapper vc_figure\">\n\t\t\t<a href=\"http:\/\/giesstechnik.de\/wp-content\/uploads\/Tiegel\/Gie\u00dfl\u00f6ffel-casting-spoon-106-GL-200.pdf\" target=\"_self\" class=\"vc_single_image-wrapper   vc_box_border_grey\"><img loading=\"lazy\" decoding=\"async\" width=\"590\" height=\"591\" src=\"https:\/\/giesstechnik.de\/wp-content\/uploads\/Tiegel\/Gie\u00dfl\u00f6ffel-casting-spoon-106-GL-200.jpg\" class=\"vc_single_image-img attachment-full\" alt=\"\" title=\"Gie\u00dfl\u00f6ffel - casting spoon 106-GL-200\" srcset=\"https:\/\/giesstechnik.de\/wp-content\/uploads\/Tiegel\/Gie\u00dfl\u00f6ffel-casting-spoon-106-GL-200.jpg 590w, https:\/\/giesstechnik.de\/wp-content\/uploads\/Tiegel\/Gie\u00dfl\u00f6ffel-casting-spoon-106-GL-200-150x150.jpg 150w, https:\/\/giesstechnik.de\/wp-content\/uploads\/Tiegel\/Gie\u00dfl\u00f6ffel-casting-spoon-106-GL-200-300x300.jpg 300w, https:\/\/giesstechnik.de\/wp-content\/uploads\/Tiegel\/Gie\u00dfl\u00f6ffel-casting-spoon-106-GL-200-81x81.jpg 81w\" sizes=\"auto, (max-width: 590px) 100vw, 590px\" \/><\/a>\n\t\t<\/figure>\n\t<\/div>\n<div class=\"last-paragraph-no-margin\"><p style=\"text-align: center;\">Gie\u00dfl\u00f6ffel 106-GL-200<\/p>\n<\/div><\/div><\/div><\/div><\/div><\/div><\/div><\/div><\/section><\/section>\n<\/div>","protected":false},"excerpt":{"rendered":"Startseite News Leistungsbereich Unternehmen Stellenangebote Anlagenbau Ersatzteile Magnesium Tiegel Ersatzteilpaket Schmelzeeinbauten Dosiertechnik Transfertechnik Reinigungswerkzeuge Kippvorrichtung Heizelemente Isoliersteine Hilfsmittel f\u00fcr den Betrieb Trichter 106-TR-200 Trichter 106-TR-300 Gie\u00dfl\u00f6ffel 106-GL-200 Tiegel anderer Werkstoffe Feuerl\u00f6scher Schulungen\/Prozessanalyse\/Optimierung Wartung \/ Service Hilfsmittel f\u00fcr den Betrieb Trichter 106-TR-200 Trichter 106-TR-300 Gie\u00dfl\u00f6ffel 106-GL-200","protected":false},"author":5,"featured_media":0,"parent":272,"menu_order":0,"comment_status":"closed","ping_status":"closed","template":"","meta":{"footnotes":""},"class_list":["post-855","page","type-page","status-publish","hentry"],"_links":{"self":[{"href":"https:\/\/giesstechnik.de\/en\/wp-json\/wp\/v2\/pages\/855","targetHints":{"allow":["GET"]}}],"collection":[{"href":"https:\/\/giesstechnik.de\/en\/wp-json\/wp\/v2\/pages"}],"about":[{"href":"https:\/\/giesstechnik.de\/en\/wp-json\/wp\/v2\/types\/page"}],"author":[{"embeddable":true,"href":"https:\/\/giesstechnik.de\/en\/wp-json\/wp\/v2\/users\/5"}],"replies":[{"embeddable":true,"href":"https:\/\/giesstechnik.de\/en\/wp-json\/wp\/v2\/comments?post=855"}],"version-history":[{"count":6,"href":"https:\/\/giesstechnik.de\/en\/wp-json\/wp\/v2\/pages\/855\/revisions"}],"predecessor-version":[{"id":1772,"href":"https:\/\/giesstechnik.de\/en\/wp-json\/wp\/v2\/pages\/855\/revisions\/1772"}],"up":[{"embeddable":true,"href":"https:\/\/giesstechnik.de\/en\/wp-json\/wp\/v2\/pages\/272"}],"wp:attachment":[{"href":"https:\/\/giesstechnik.de\/en\/wp-json\/wp\/v2\/media?parent=855"}],"curies":[{"name":"wp","href":"https:\/\/api.w.org\/{rel}","templated":true}]}}