{"id":965,"date":"2019-02-24T13:47:32","date_gmt":"2019-02-24T12:47:32","guid":{"rendered":"http:\/\/giesstechnik.de\/?page_id=965"},"modified":"2023-11-16T14:07:55","modified_gmt":"2023-11-16T13:07:55","slug":"101-tg-800-t0","status":"publish","type":"page","link":"https:\/\/giesstechnik.de\/en\/leistungsbereich\/ersatzteile\/mg-tiegel\/101-tg-800-t0\/","title":{"rendered":"Tiegel-101-TG-800-T0 -D"},"content":{"rendered":"<div class=\"wpb-content-wrapper\"><section class=\"vc_row wpb_row vc_row-fluid\"><div class=\"wpb_column vc_column_container vc_col-sm-12  col-xs-mobile-fullwidth\"><div class=\"vc_column-inner vc_custom_1538075900939\"><div class=\"wpb_wrapper\">\n\t<div  class=\"wpb_single_image wpb_content_element vc_align_center\">\n\t\t\n\t\t<figure class=\"wpb_wrapper vc_figure\">\n\t\t\t<div class=\"vc_single_image-wrapper   vc_box_border_grey\"><img loading=\"lazy\" decoding=\"async\" width=\"1170\" height=\"370\" src=\"https:\/\/giesstechnik.de\/wp-content\/uploads\/titelbild_startseite.jpg\" class=\"vc_single_image-img attachment-full\" alt=\"\" title=\"titelbild_startseite\" srcset=\"https:\/\/giesstechnik.de\/wp-content\/uploads\/titelbild_startseite.jpg 1170w, https:\/\/giesstechnik.de\/wp-content\/uploads\/titelbild_startseite-300x95.jpg 300w, https:\/\/giesstechnik.de\/wp-content\/uploads\/titelbild_startseite-768x243.jpg 768w, https:\/\/giesstechnik.de\/wp-content\/uploads\/titelbild_startseite-1024x324.jpg 1024w, https:\/\/giesstechnik.de\/wp-content\/uploads\/titelbild_startseite-81x26.jpg 81w\" sizes=\"(max-width: 1170px) 100vw, 1170px\" \/><\/div>\n\t\t<\/figure>\n\t<\/div>\n<\/div><\/div><\/div><\/section><section class=\"vc_row wpb_row vc_row-fluid\"><div class=\"wpb_column vc_column_container vc_col-sm-12  col-xs-mobile-fullwidth\"><div class=\"vc_column-inner\"><div class=\"wpb_wrapper\"><div id=\"mainnav\" class=\"vc_wp_custommenu wpb_content_element\"><div class=\"widget widget_nav_menu\"><div class=\"menu-hauptnavi-container\"><ul id=\"menu-hauptnavi\" class=\"menu\"><li id=\"menu-item-547\" class=\"menu-item menu-item-type-post_type menu-item-object-page menu-item-home menu-item-547\"><a href=\"https:\/\/giesstechnik.de\/en\/\">starting page<\/a><\/li>\n<li id=\"menu-item-1807\" class=\"menu-item menu-item-type-post_type menu-item-object-page menu-item-1807\"><a href=\"https:\/\/giesstechnik.de\/en\/news\/\">News<\/a><\/li>\n<li id=\"menu-item-275\" class=\"menu-item menu-item-type-post_type menu-item-object-page menu-item-275\"><a href=\"https:\/\/giesstechnik.de\/en\/leistungsbereich\/\">Product program<\/a><\/li>\n<li id=\"menu-item-190\" class=\"menu-item menu-item-type-post_type menu-item-object-page menu-item-190\"><a href=\"https:\/\/giesstechnik.de\/en\/unternehmen\/\">company<\/a><\/li>\n<li id=\"menu-item-433\" class=\"menu-item menu-item-type-post_type menu-item-object-page menu-item-433\"><a href=\"https:\/\/giesstechnik.de\/en\/stellenangebote\/\">vacancies<\/a><\/li>\n<\/ul><\/div><\/div><\/div><\/div><\/div><\/div><\/section><section id=\"maincontent\" class=\"vc_section vc_custom_1538079055995 vc_section-has-fill\"><section class=\"vc_row wpb_row vc_row-fluid\"><div class=\"wpb_column vc_column_container vc_col-has-fill subMenu vc_col-sm-3  col-xs-mobile-fullwidth\"><div class=\"vc_column-inner vc_custom_1539132447521\"><div class=\"wpb_wrapper\"><div  class=\"vc_wp_custommenu wpb_content_element submenu\"><div class=\"widget widget_nav_menu\"><div class=\"menu-menue-leistungsbereich-ersatzteile-magnesium-tiegel-container\"><ul id=\"menu-menue-leistungsbereich-ersatzteile-magnesium-tiegel\" class=\"menu\"><li id=\"menu-item-1637\" class=\"menu-item menu-item-type-post_type menu-item-object-page menu-item-1637\"><a href=\"https:\/\/giesstechnik.de\/en\/leistungsbereich\/anlagenbau\/\">plant-construction<\/a><\/li>\n<li id=\"menu-item-1638\" class=\"menu-item menu-item-type-post_type menu-item-object-page menu-item-has-children menu-item-1638\"><a href=\"https:\/\/giesstechnik.de\/en\/leistungsbereich\/ersatzteile\/\">spare-parts<\/a>\n<ul class=\"sub-menu\">\n\t<li id=\"menu-item-1639\" class=\"menu-item menu-item-type-post_type menu-item-object-page menu-item-has-children menu-item-1639\"><a href=\"https:\/\/giesstechnik.de\/en\/leistungsbereich\/ersatzteile\/mg-tiegel\/\">magnesium crucible<\/a>\n\t<ul class=\"sub-menu\">\n\t\t<li id=\"menu-item-1663\" class=\"menu-item menu-item-type-custom menu-item-object-custom menu-item-1663\"><a href=\"http:\/\/giesstechnik.de\/wp-content\/uploads\/Tiegel\/2018-04-18-Vergleich-Tiegelwerkstoffe.pdf\">Vergleich Tiegelwerkstoffe<\/a><\/li>\n\t\t<li id=\"menu-item-1651\" class=\"menu-item menu-item-type-post_type menu-item-object-page menu-item-1651\"><a href=\"https:\/\/giesstechnik.de\/en\/leistungsbereich\/ersatzteile\/mg-tiegel\/101-tg-400\/\">crucible-101-TG-400<\/a><\/li>\n\t\t<li id=\"menu-item-1652\" class=\"menu-item menu-item-type-post_type menu-item-object-page menu-item-1652\"><a href=\"https:\/\/giesstechnik.de\/en\/leistungsbereich\/ersatzteile\/mg-tiegel\/101-tg-401\/\">crucible-101-TG-401<\/a><\/li>\n\t\t<li id=\"menu-item-1653\" class=\"menu-item menu-item-type-post_type menu-item-object-page menu-item-1653\"><a href=\"https:\/\/giesstechnik.de\/en\/leistungsbereich\/ersatzteile\/mg-tiegel\/101-tg-720\/\">crucible-101-TG-720<\/a><\/li>\n\t\t<li id=\"menu-item-1654\" class=\"menu-item menu-item-type-post_type menu-item-object-page menu-item-1654\"><a href=\"https:\/\/giesstechnik.de\/en\/leistungsbereich\/ersatzteile\/mg-tiegel\/101-tg-800-t0\/\">crucible-101-TG-800-T0<\/a><\/li>\n\t\t<li id=\"menu-item-1655\" class=\"menu-item menu-item-type-post_type menu-item-object-page menu-item-1655\"><a href=\"https:\/\/giesstechnik.de\/en\/leistungsbereich\/ersatzteile\/mg-tiegel\/101-tg-800-t1\/\">crucible-101-TG-800-T1<\/a><\/li>\n\t\t<li id=\"menu-item-1657\" class=\"menu-item menu-item-type-post_type menu-item-object-page menu-item-1657\"><a href=\"https:\/\/giesstechnik.de\/en\/leistungsbereich\/ersatzteile\/mg-tiegel\/101-tg-1000\/\">crucible-101-TG-1000<\/a><\/li>\n\t\t<li id=\"menu-item-1658\" class=\"menu-item menu-item-type-post_type menu-item-object-page menu-item-1658\"><a href=\"https:\/\/giesstechnik.de\/en\/leistungsbereich\/ersatzteile\/mg-tiegel\/101-tg-1200\/\">crucible-101-TG-1200<\/a><\/li>\n\t\t<li id=\"menu-item-1659\" class=\"menu-item menu-item-type-post_type menu-item-object-page menu-item-1659\"><a href=\"https:\/\/giesstechnik.de\/en\/leistungsbereich\/ersatzteile\/mg-tiegel\/101-tg-1201\/\">crucible-101-TG-1201<\/a><\/li>\n\t\t<li id=\"menu-item-1660\" class=\"menu-item menu-item-type-post_type menu-item-object-page menu-item-1660\"><a href=\"https:\/\/giesstechnik.de\/en\/leistungsbereich\/ersatzteile\/mg-tiegel\/101-tg-1350\/\">crucible-101-TG-1350<\/a><\/li>\n\t\t<li id=\"menu-item-1661\" class=\"menu-item menu-item-type-post_type menu-item-object-page menu-item-1661\"><a href=\"https:\/\/giesstechnik.de\/en\/leistungsbereich\/ersatzteile\/mg-tiegel\/101-tg-1801\/\">crucible-101-TG-1801<\/a><\/li>\n\t\t<li id=\"menu-item-1662\" class=\"menu-item menu-item-type-post_type menu-item-object-page menu-item-1662\"><a href=\"https:\/\/giesstechnik.de\/en\/leistungsbereich\/ersatzteile\/mg-tiegel\/101-tg-2400\/\">crucible 101-TG-2400<\/a><\/li>\n\t<\/ul>\n<\/li>\n\t<li id=\"menu-item-1640\" class=\"menu-item menu-item-type-post_type menu-item-object-page menu-item-1640\"><a href=\"https:\/\/giesstechnik.de\/en\/leistungsbereich\/ersatzteile\/ersatzteilpaket\/\">spare-parts packages<\/a><\/li>\n\t<li id=\"menu-item-1641\" class=\"menu-item menu-item-type-post_type menu-item-object-page menu-item-1641\"><a href=\"https:\/\/giesstechnik.de\/en\/leistungsbereich\/ersatzteile\/schmelzeeinbauten\/\">plant internals<\/a><\/li>\n\t<li id=\"menu-item-1643\" class=\"menu-item menu-item-type-post_type menu-item-object-page menu-item-1643\"><a href=\"https:\/\/giesstechnik.de\/en\/leistungsbereich\/ersatzteile\/dosiertechnik\/\">Dosiertechnik<\/a><\/li>\n\t<li id=\"menu-item-1642\" class=\"menu-item menu-item-type-post_type menu-item-object-page menu-item-1642\"><a href=\"https:\/\/giesstechnik.de\/en\/leistungsbereich\/ersatzteile\/transfertechnik\/\">transfertechnic<\/a><\/li>\n\t<li id=\"menu-item-1644\" class=\"menu-item menu-item-type-post_type menu-item-object-page menu-item-1644\"><a href=\"https:\/\/giesstechnik.de\/en\/leistungsbereich\/ersatzteile\/reinigungswerkzeuge\/\">cleaning tools<\/a><\/li>\n\t<li id=\"menu-item-1645\" class=\"menu-item menu-item-type-post_type menu-item-object-page menu-item-1645\"><a href=\"https:\/\/giesstechnik.de\/en\/leistungsbereich\/ersatzteile\/kippvorrichtung\/\">ingot loading unit<\/a><\/li>\n\t<li id=\"menu-item-1646\" class=\"menu-item menu-item-type-post_type menu-item-object-page menu-item-1646\"><a href=\"https:\/\/giesstechnik.de\/en\/leistungsbereich\/ersatzteile\/heizelemente\/\">heating element<\/a><\/li>\n\t<li id=\"menu-item-1647\" class=\"menu-item menu-item-type-post_type menu-item-object-page menu-item-1647\"><a href=\"https:\/\/giesstechnik.de\/en\/leistungsbereich\/ersatzteile\/isoliersteine\/\">insulating parts<\/a><\/li>\n\t<li id=\"menu-item-1648\" class=\"menu-item menu-item-type-post_type menu-item-object-page menu-item-1648\"><a href=\"https:\/\/giesstechnik.de\/en\/leistungsbereich\/ersatzteile\/hilfsmittel\/\">tools for the operation<\/a><\/li>\n\t<li id=\"menu-item-1649\" class=\"menu-item menu-item-type-post_type menu-item-object-page menu-item-1649\"><a href=\"https:\/\/giesstechnik.de\/en\/leistungsbereich\/ersatzteile\/tiegel\/\">crucibles of other materials<\/a><\/li>\n<\/ul>\n<\/li>\n<li id=\"menu-item-1650\" class=\"menu-item menu-item-type-post_type menu-item-object-page menu-item-1650\"><a href=\"https:\/\/giesstechnik.de\/en\/leistungsbereich\/feuerloescher\/\">fire extinguisher<\/a><\/li>\n<li id=\"menu-item-2245\" class=\"menu-item menu-item-type-post_type menu-item-object-page menu-item-2245\"><a href=\"https:\/\/giesstechnik.de\/en\/leistungsbereich\/schulungen\/\">training \/ process \/ optimization<\/a><\/li>\n<li id=\"menu-item-2244\" class=\"menu-item menu-item-type-post_type menu-item-object-page menu-item-2244\"><a href=\"https:\/\/giesstechnik.de\/en\/leistungsbereich\/wartung\/\">maintenance \/ service<\/a><\/li>\n<\/ul><\/div><\/div><\/div><\/div><\/div><\/div><div class=\"wpb_column vc_column_container vc_col-sm-9  col-xs-mobile-fullwidth\"><div class=\"vc_column-inner\"><div class=\"wpb_wrapper\"><div class=\"vc_row wpb_row vc_inner vc_row-fluid\"><div class=\"wpb_column vc_column_container vc_col-sm-12  col-xs-mobile-fullwidth\"><div class=\"vc_column-inner\"><div class=\"wpb_wrapper\"><div class=\"last-paragraph-no-margin\"><h2><\/h2>\n<h2><\/h2>\n<h2><\/h2>\n<h2 style=\"text-align: left;\"><a href=\"http:\/\/giesstechnik.de\/wp-content\/uploads\/Tiegel\/Tiegel-Crucible-101-TG-800-T0.pdf\">crucible 101-TG-800-T0 <\/a><\/h2>\n<\/div><\/div><\/div><\/div><\/div><div class=\"vc_row wpb_row vc_inner vc_row-fluid\"><div class=\"wpb_column vc_column_container vc_col-sm-6  col-xs-mobile-fullwidth\"><div class=\"vc_column-inner\"><div class=\"wpb_wrapper\"><div class=\"last-paragraph-no-margin\"><h3 style=\"text-align: left;\">Technical information<\/h3>\n<p style=\"text-align: left;\">Leergewicht: 490kg<\/p>\n<p style=\"text-align: left;\">Tiegelinhalt: 800kg<\/p>\n<p style=\"text-align: left;\">Geeignet f\u00fcr: Magnesium\u2014Legierungen<\/p>\n<p style=\"text-align: left;\">Abmessungen:\u00a0 1200x1020x800 mm<\/p>\n<p style=\"text-align: left;\">Metalltemperatur: max. 730\u00b0C<\/p>\n<\/div><\/div><\/div><\/div><div class=\"wpb_column vc_column_container vc_col-sm-6  col-xs-mobile-fullwidth\"><div class=\"vc_column-inner\"><div class=\"wpb_wrapper\">\n\t<div  class=\"wpb_single_image wpb_content_element vc_align_center\">\n\t\t\n\t\t<figure class=\"wpb_wrapper vc_figure\">\n\t\t\t<a href=\"http:\/\/giesstechnik.de\/wp-content\/uploads\/Tiegel\/Tiegel-Crucible-101-TG-800-T0.pdf\" target=\"_self\" class=\"vc_single_image-wrapper   vc_box_border_grey\"><img loading=\"lazy\" decoding=\"async\" width=\"590\" height=\"590\" src=\"https:\/\/giesstechnik.de\/wp-content\/uploads\/Tiegel\/Tiegel-Crucible-101-TG-800-T0.jpg\" class=\"vc_single_image-img attachment-large\" alt=\"\" title=\"Tiegel-Crucible 101-TG-800-T0\" srcset=\"https:\/\/giesstechnik.de\/wp-content\/uploads\/Tiegel\/Tiegel-Crucible-101-TG-800-T0.jpg 590w, https:\/\/giesstechnik.de\/wp-content\/uploads\/Tiegel\/Tiegel-Crucible-101-TG-800-T0-150x150.jpg 150w, https:\/\/giesstechnik.de\/wp-content\/uploads\/Tiegel\/Tiegel-Crucible-101-TG-800-T0-300x300.jpg 300w, https:\/\/giesstechnik.de\/wp-content\/uploads\/Tiegel\/Tiegel-Crucible-101-TG-800-T0-81x81.jpg 81w\" sizes=\"(max-width: 590px) 100vw, 590px\" \/><\/a>\n\t\t<\/figure>\n\t<\/div>\n<\/div><\/div><\/div><\/div><div class=\"vc_row wpb_row vc_inner vc_row-fluid\"><div class=\"wpb_column vc_column_container vc_col-sm-12  col-xs-mobile-fullwidth\"><div class=\"vc_column-inner\"><div class=\"wpb_wrapper\"><div class=\"last-paragraph-no-margin\"><p style=\"text-align: left;\" align=\"LEFT\">Der Magnesium Schmelztiegel 101-TG-800-T0 hat ein Fassungsverm\u00f6gen von ca. 800kg und darf ausschlie\u00dflich f\u00fcr<br \/>\nMagnesium bzw. Magnesium Legierungen bis zu einem Al-Gehalt von 10,5% eingesetzt werden.<br \/>\nDer Tiegel ist aus einem speziellem ferritischen Edelstahl gefertigt welcher f\u00fcr einen langen Einsatz geeignet ist. Der von uns eingesetzte Werkstoff ist auch in der BDG &#8211; Richtlinie &#8211; S700 Schmelzen und Schmelzebehandlung von Magnesiumlegierungen aufgenommen.<\/p>\n<\/div><\/div><\/div><\/div><\/div><\/div><\/div><\/div><\/section><\/section>\n<\/div>","protected":false},"excerpt":{"rendered":"Startseite News Leistungsbereich Unternehmen Stellenangebote Anlagenbau Ersatzteile Magnesium Tiegel Vergleich Tiegelwerkstoffe Tiegel-101-TG-400 Tiegel-101-TG-401 Tiegel-101-TG-720 Tiegel-101-TG-800-T0 Tiegel-101-TG-800-T1 Tiegel-101-TG-1000 Tiegel-101-TG-1200 Tiegel-101-TG-1201 Tiegel-101-TG-1350 Tiegel-101-TG-1801 Tiegel-101-TG-2400 Ersatzteilpaket Schmelzeeinbauten Dosiertechnik Transfertechnik Reinigungswerkzeuge Kippvorrichtung Heizelemente Isoliersteine Hilfsmittel f\u00fcr den Betrieb Tiegel anderer Werkstoffe Feuerl\u00f6scher Schulungen\/Prozessanalyse\/Optimierung Wartung \/ Service Tiegel 101-TG-800-T0 Technische Information Leergewicht: 490kg Tiegelinhalt: 800kg Geeignet f\u00fcr: Magnesium\u2014Legierungen Abmessungen:\u00a0 1200x1020x800 mm Metalltemperatur: max. 730\u00b0C Der Magnesium Schmelztiegel 101-TG-800-T0 hat ein Fassungsverm\u00f6gen von ca. 800kg und darf ausschlie\u00dflich f\u00fcr Magnesium bzw. Magnesium Legierungen bis zu einem Al-Gehalt von 10,5% eingesetzt werden. Der Tiegel ist aus einem speziellem ferritischen Edelstahl gefertigt welcher f\u00fcr einen langen Einsatz geeignet ist. Der von uns eingesetzte Werkstoff ist auch in der BDG - Richtlinie - S700 Schmelzen und Schmelzebehandlung von Magnesiumlegierungen aufgenommen.","protected":false},"author":5,"featured_media":0,"parent":742,"menu_order":0,"comment_status":"closed","ping_status":"closed","template":"","meta":{"footnotes":""},"class_list":["post-965","page","type-page","status-publish","hentry"],"_links":{"self":[{"href":"https:\/\/giesstechnik.de\/en\/wp-json\/wp\/v2\/pages\/965"}],"collection":[{"href":"https:\/\/giesstechnik.de\/en\/wp-json\/wp\/v2\/pages"}],"about":[{"href":"https:\/\/giesstechnik.de\/en\/wp-json\/wp\/v2\/types\/page"}],"author":[{"embeddable":true,"href":"https:\/\/giesstechnik.de\/en\/wp-json\/wp\/v2\/users\/5"}],"replies":[{"embeddable":true,"href":"https:\/\/giesstechnik.de\/en\/wp-json\/wp\/v2\/comments?post=965"}],"version-history":[{"count":5,"href":"https:\/\/giesstechnik.de\/en\/wp-json\/wp\/v2\/pages\/965\/revisions"}],"predecessor-version":[{"id":2200,"href":"https:\/\/giesstechnik.de\/en\/wp-json\/wp\/v2\/pages\/965\/revisions\/2200"}],"up":[{"embeddable":true,"href":"https:\/\/giesstechnik.de\/en\/wp-json\/wp\/v2\/pages\/742"}],"wp:attachment":[{"href":"https:\/\/giesstechnik.de\/en\/wp-json\/wp\/v2\/media?parent=965"}],"curies":[{"name":"wp","href":"https:\/\/api.w.org\/{rel}","templated":true}]}}